{"id":102418,"date":"2026-05-04T06:21:06","date_gmt":"2026-05-04T09:21:06","guid":{"rendered":"https:\/\/www.hediyepazar.com\/?product=turk-zwanziger-celik-tiras-tasi"},"modified":"2026-05-04T06:21:06","modified_gmt":"2026-05-04T09:21:06","slug":"turk-zwanziger-celik-tiras-tasi","status":"publish","type":"product","link":"https:\/\/www.hediyepazar.com\/?product=turk-zwanziger-celik-tiras-tasi","title":{"rendered":"Turk Zwanziger \u00c7elik T\u0131ra\u015f Tas\u0131"},"content":{"rendered":"<p>\n\t<strong>\u00d6zellikler :<\/strong><\/p>\n<p>\n\t<strong>Materyal : Paslanmaz \u00c7elik<\/strong><br \/>\n\t<b>\u00a0<\/b><br \/>\n\tGeleneksel t\u0131ra\u015f b\u0131\u00e7a\u011f\u0131 stiline al\u0131\u015fk\u0131nsan\u0131z, p\u00fcr\u00fczs\u00fcz ve zarif bir t\u0131ra\u015f sa\u011flamak i\u00e7in do\u011fru aletlerle donat\u0131lm\u0131\u015f olman\u0131z gerekir. T\u0131ra\u015f kasesi, \u0131slak t\u0131ra\u015f setinize m\u00fckemmel bir ektir \u00e7\u00fcnk\u00fc asla k\u0131r\u0131lmaz, \u00e7atlamaz veya k\u0131r\u0131lmaz!<\/p>\n<p>\t<strong>HER T\u00dcRL\u00dc KLAS\u0130K TIRA\u015e SABUNU \u0130LE KULLANIN:<\/strong> Bu t\u0131ra\u015f sabunlu\u011funa en sevdi\u011finiz t\u0131ra\u015f sabunu yede\u011finizi ekleyin ve k\u00f6p\u00fc\u011f\u00fcn\u00fcz\u00fc \u00e7al\u0131\u015ft\u0131rmak i\u00e7in t\u0131ra\u015f f\u0131r\u00e7an\u0131z\u0131 kullan\u0131n.<\/p>\n<p>\t<strong>HER G\u00dcN K\u00d6P\u00dcK B\u0130R K\u00d6P\u00dcKLE SICAK T\u0131ra\u015f <\/strong>&#8211; Paslanmaz \u00c7elik t\u0131ra\u015f tas\u0131, s\u0131cakl\u0131\u011f\u0131 normal t\u0131ra\u015f kupalar\u0131ndan daha uzun s\u00fcre korur. En sevdi\u011finiz sabunlar\u0131 ve kremleri do\u011frudan yeni t\u0131ra\u015f kupan\u0131zda k\u00f6p\u00fcrt\u00fcn ve t\u0131pk\u0131 berberde oldu\u011fu gibi s\u0131cak bir t\u0131ra\u015f\u0131n keyfini \u00e7\u0131kar\u0131n. &#8220;\u015eimdiye kadarki en iyi s\u0131cak t\u0131ra\u015f. Tonlarca \u0131l\u0131k, k\u00f6p\u00fckl\u00fc k\u00f6p\u00fck.<\/p>\n<p>\t<strong>M\u00dcKEMMEL \u015eEK\u0130L VE TIRA\u015e:<\/strong> Du\u015f ba\u015fl\u0131\u011f\u0131n\u0131n geni\u015f duda\u011f\u0131 ve k\u0131sa kenarlar\u0131, en sevdi\u011finiz t\u0131ra\u015f sabunu veya kremini k\u00f6p\u00fcrtmek i\u00e7in m\u00fckemmeldir.<\/p>\n<p>\n\t\u00a0<\/p>\n<p><\/p>\n<p>\n\t<strong>Ekran fark\u0131 nedeniyle, renk tonlar\u0131 %0,5 oran\u0131nda fark, Manuel \u00f6l\u00e7\u00fcm nedeniyle Milimetre fark olabilir. anlay\u0131\u015f g\u00f6stermenizi rica ederiz. <\/strong><\/p>\n<p><\/p>\n<p>\n\tDETAYLI B\u0130LG\u0130 \u0130\u00c7\u0130N EK RES\u0130MLER\u0130 \u0130NCELEYEB\u0130L\u0130RS\u0130N\u0130Z.<br \/>\n\t<img decoding=\"async\"  src=\"https:\/\/hepsicdn.com.tr\/static\/product_detail\/hbneteac0d05e_4803101.jpg\"><\/p>\n","protected":false},"excerpt":{"rendered":"<p>\u00d6zellikler : Materyal : Paslanmaz \u00c7elik \u00a0 Geleneksel t\u0131ra\u015f b\u0131\u00e7a\u011f\u0131 stiline al\u0131\u015fk\u0131nsan\u0131z, p\u00fcr\u00fczs\u00fcz ve zarif bir t\u0131ra\u015f sa\u011flamak i\u00e7in do\u011fru aletlerle donat\u0131lm\u0131\u015f olman\u0131z gerekir. T\u0131ra\u015f kasesi, \u0131slak t\u0131ra\u015f setinize m\u00fckemmel bir ektir \u00e7\u00fcnk\u00fc asla k\u0131r\u0131lmaz, \u00e7atlamaz veya k\u0131r\u0131lmaz! HER T\u00dcRL\u00dc KLAS\u0130K TIRA\u015e SABUNU \u0130LE KULLANIN: Bu t\u0131ra\u015f sabunlu\u011funa en sevdi\u011finiz t\u0131ra\u015f sabunu yede\u011finizi ekleyin ve&#8230;<\/p>\n","protected":false},"featured_media":102417,"comment_status":"open","ping_status":"closed","template":"","meta":{"_kad_post_transparent":"","_kad_post_title":"","_kad_post_layout":"","_kad_post_sidebar_id":"","_kad_post_content_style":"","_kad_post_vertical_padding":"","_kad_post_feature":"","_kad_post_feature_position":"","_kad_post_header":false,"_kad_post_footer":false,"_kad_post_classname":""},"product_brand":[],"product_cat":[14227],"product_tag":[],"class_list":{"0":"post-102418","1":"product","2":"type-product","3":"status-publish","4":"has-post-thumbnail","6":"product_cat-kuafor-urunleri-erkek-kuafor-kuafor-urunleri","8":"first","9":"instock","10":"purchasable","11":"product-type-simple","12":"entry","13":"content-bg","14":"loop-entry"},"_links":{"self":[{"href":"https:\/\/www.hediyepazar.com\/index.php?rest_route=\/wp\/v2\/product\/102418","targetHints":{"allow":["GET"]}}],"collection":[{"href":"https:\/\/www.hediyepazar.com\/index.php?rest_route=\/wp\/v2\/product"}],"about":[{"href":"https:\/\/www.hediyepazar.com\/index.php?rest_route=\/wp\/v2\/types\/product"}],"replies":[{"embeddable":true,"href":"https:\/\/www.hediyepazar.com\/index.php?rest_route=%2Fwp%2Fv2%2Fcomments&post=102418"}],"wp:featuredmedia":[{"embeddable":true,"href":"https:\/\/www.hediyepazar.com\/index.php?rest_route=\/wp\/v2\/media\/102417"}],"wp:attachment":[{"href":"https:\/\/www.hediyepazar.com\/index.php?rest_route=%2Fwp%2Fv2%2Fmedia&parent=102418"}],"wp:term":[{"taxonomy":"product_brand","embeddable":true,"href":"https:\/\/www.hediyepazar.com\/index.php?rest_route=%2Fwp%2Fv2%2Fproduct_brand&post=102418"},{"taxonomy":"product_cat","embeddable":true,"href":"https:\/\/www.hediyepazar.com\/index.php?rest_route=%2Fwp%2Fv2%2Fproduct_cat&post=102418"},{"taxonomy":"product_tag","embeddable":true,"href":"https:\/\/www.hediyepazar.com\/index.php?rest_route=%2Fwp%2Fv2%2Fproduct_tag&post=102418"}],"curies":[{"name":"wp","href":"https:\/\/api.w.org\/{rel}","templated":true}]}}