{"id":102419,"date":"2026-05-04T06:21:30","date_gmt":"2026-05-04T09:21:30","guid":{"rendered":"https:\/\/www.hediyepazar.com\/?product=turk-sac-tutucu-cirt-bant-2-adet"},"modified":"2026-05-04T06:21:30","modified_gmt":"2026-05-04T09:21:30","slug":"turk-sac-tutucu-cirt-bant-2-adet","status":"publish","type":"product","link":"https:\/\/www.hediyepazar.com\/?product=turk-sac-tutucu-cirt-bant-2-adet","title":{"rendered":"Turk Sa\u00e7 Tutucu C\u0131rt Bant 2 Adet"},"content":{"rendered":"<div class=\"embed-responsive embed-responsive-16by9\">\n\t<iframe class=\"embed-responsive-item\" src=\"https:\/\/www.youtube.com\/embed\/7T3fATCIepo\"><\/iframe><\/div>\n<p>\n\t<strong>\u00dcr\u00fcn \u00d6zellikleri : <\/strong><\/p>\n<p>\t<strong>Materyal : Polyester Kuma\u015f\u00a0<\/strong><\/p>\n<p>\t<strong>Adet \/ Renk \/ Tasar\u0131m : <\/strong> 2 Adet, HSNET Absolute Design olarak tasarlad\u0131\u011f\u0131m\u0131z, resimde yer alan S\u0130YAH rengi, s\u00fcrpriz ya\u015famaman\u0131z i\u00e7in birebir g\u00f6nderiyoruz<\/p>\n<p>\t<strong>\u00d6l\u00e7\u00fcler : <\/strong>9 X 5 CM<\/p>\n<p>\n\t<strong>GEN\u0130\u015e KULLANIM ALANI : Berberler, kuaf\u00f6rler sa\u00e7 kesiminde b\u00fcy\u00fck rahatl\u0131k ya\u015fayabilirler. makyaj yaparken, y\u00fcz\u00fcn\u00fcz\u00fc y\u0131karken veya sadece ev i\u015fi yaparken art\u0131k SA\u00c7LARINIZLA U\u011eRA\u015eMAYIN<\/strong><\/p>\n<p>\n\t<strong>\u00d6NE \u00c7IKAN \u00d6ZELL\u0130K : Defalarca kullan\u0131labilir.<\/strong><\/p>\n<p>\n\t<strong>B\u00dcY\u00dcK KONFOR : <\/strong>Sa\u00e7 keserken, makyaj yaparken, y\u00fcz\u00fcn\u00fcz\u00fc y\u0131karken veya sadece ev i\u015fi yaparken art\u0131k SA\u00c7LARINIZLA U\u011eRA\u015eMAYIN ! Absolute, stilinizi bozmadan sa\u00e7lar\u0131n\u0131z\u0131 g\u00fc\u00e7l\u00fc tutacak. K\u0131v\u0131rc\u0131k, kal\u0131n, ince, uzun veya uzatma dahil t\u00fcm sa\u00e7 tipleriyle iyi \u00e7al\u0131\u015f\u0131r. Berberde, kuaf\u00f6rde, evde, sa\u00e7\u0131n\u0131z\u0131 y\u00fcz\u00fcn\u00fczden uzak tutmak ve hatta sa\u00e7 \u00f6rerken kullanmak i\u00e7in ideal! Sa\u00e7 Tutucular rahatt\u0131r ve kullan\u0131m\u0131 kolayd\u0131r. Tak\u0131lmazlar, kar\u0131\u015fmazlar ve herhangi bir sa\u00e7 \u00fczerinde s\u00fcper hafiftirler.<\/p>\n<p>\n\t<strong>KOLAY VE UYGUN :<\/strong> 9 X 5 CM boyutlar\u0131nda m\u00fckemmel boyutta olan birinci s\u0131n\u0131f c\u0131rt c\u0131rtl\u0131 sa\u00e7 tutucumuz, sa\u00e7\u0131n\u0131za zarar vermeden size en y\u00fcksek de\u011feri sunacakt\u0131r. D\u00fcz sa\u00e7 veya k\u0131v\u0131rc\u0131k sa\u00e7 \u00fczerinde m\u00fckemmel \u00e7al\u0131\u015f\u0131r.<\/p>\n<p>\n\t<strong>TEK BAS\u0130T KURAL &#8211; <\/strong>Sadece basit bir kural\u0131 hat\u0131rlay\u0131n. Kuru sa\u00e7ta kullan\u0131n.<\/p>\n<p>\t<strong>M\u00dcKEMMEL SATI\u015e SONRASI H\u0130ZMET : <\/strong>HSNET \/ HSNET olarak m\u00fc\u015fterilerimize en iyi hizmeti sunmay\u0131 ama\u00e7l\u0131yor, g\u00fcvenle sat\u0131n alabilmeniz i\u00e7in, ambalaj kalitemize g\u00fcveniyor, her \u00fcr\u00fcn sorunsuz teslimat i\u00e7in \u00f6zenle paketliyor ve resimde belirtilen renk, ebat, \u00f6zelikte \u00fcr\u00fcn g\u00f6ndermeyi taahh\u00fct ediyoruz. Hasarl\u0131 \u00fcr\u00fcn ald\u0131ysan\u0131z veya di\u011fer \u00fcr\u00fcn ve paket teslimat sorunlar\u0131 oldu\u011funda bizimle ileti\u015fime ge\u00e7mekten \u00e7ekinmeyin.<\/p>\n<p>\n\t<strong>Detayl\u0131 bilgi i\u00e7in ek resimleri inceleyebilirsiniz<\/strong><\/p>\n<p>\n\t<img decoding=\"async\"  src=\"https:\/\/hepsicdn.com.tr\/static\/product_detail\/hbnete7b93ff4_4803201.jpg\"><\/p>\n<p>\n\t\u00a0<\/p>\n","protected":false},"excerpt":{"rendered":"<p>\u00dcr\u00fcn \u00d6zellikleri : Materyal : Polyester Kuma\u015f\u00a0 Adet \/ Renk \/ Tasar\u0131m : 2 Adet, HSNET Absolute Design olarak tasarlad\u0131\u011f\u0131m\u0131z, resimde yer alan S\u0130YAH rengi, s\u00fcrpriz ya\u015famaman\u0131z i\u00e7in birebir g\u00f6nderiyoruz \u00d6l\u00e7\u00fcler : 9 X 5 CM GEN\u0130\u015e KULLANIM ALANI : Berberler, kuaf\u00f6rler sa\u00e7 kesiminde b\u00fcy\u00fck rahatl\u0131k ya\u015fayabilirler. makyaj yaparken, y\u00fcz\u00fcn\u00fcz\u00fc y\u0131karken veya sadece ev i\u015fi&#8230;<\/p>\n","protected":false},"featured_media":0,"comment_status":"open","ping_status":"closed","template":"","meta":{"_kad_post_transparent":"","_kad_post_title":"","_kad_post_layout":"","_kad_post_sidebar_id":"","_kad_post_content_style":"","_kad_post_vertical_padding":"","_kad_post_feature":"","_kad_post_feature_position":"","_kad_post_header":false,"_kad_post_footer":false,"_kad_post_classname":""},"product_brand":[],"product_cat":[14227],"product_tag":[],"class_list":{"0":"post-102419","1":"product","2":"type-product","3":"status-publish","5":"product_cat-kuafor-urunleri-erkek-kuafor-kuafor-urunleri","7":"first","8":"instock","9":"purchasable","10":"product-type-simple","11":"entry","12":"content-bg","13":"loop-entry"},"_links":{"self":[{"href":"https:\/\/www.hediyepazar.com\/index.php?rest_route=\/wp\/v2\/product\/102419","targetHints":{"allow":["GET"]}}],"collection":[{"href":"https:\/\/www.hediyepazar.com\/index.php?rest_route=\/wp\/v2\/product"}],"about":[{"href":"https:\/\/www.hediyepazar.com\/index.php?rest_route=\/wp\/v2\/types\/product"}],"replies":[{"embeddable":true,"href":"https:\/\/www.hediyepazar.com\/index.php?rest_route=%2Fwp%2Fv2%2Fcomments&post=102419"}],"wp:attachment":[{"href":"https:\/\/www.hediyepazar.com\/index.php?rest_route=%2Fwp%2Fv2%2Fmedia&parent=102419"}],"wp:term":[{"taxonomy":"product_brand","embeddable":true,"href":"https:\/\/www.hediyepazar.com\/index.php?rest_route=%2Fwp%2Fv2%2Fproduct_brand&post=102419"},{"taxonomy":"product_cat","embeddable":true,"href":"https:\/\/www.hediyepazar.com\/index.php?rest_route=%2Fwp%2Fv2%2Fproduct_cat&post=102419"},{"taxonomy":"product_tag","embeddable":true,"href":"https:\/\/www.hediyepazar.com\/index.php?rest_route=%2Fwp%2Fv2%2Fproduct_tag&post=102419"}],"curies":[{"name":"wp","href":"https:\/\/api.w.org\/{rel}","templated":true}]}}