{"id":102426,"date":"2026-05-04T06:24:23","date_gmt":"2026-05-04T09:24:23","guid":{"rendered":"https:\/\/www.hediyepazar.com\/?product=turk-yayli-masa-ortusu-mandali-4-adet"},"modified":"2026-05-04T06:24:23","modified_gmt":"2026-05-04T09:24:23","slug":"turk-yayli-masa-ortusu-mandali-4-adet","status":"publish","type":"product","link":"https:\/\/www.hediyepazar.com\/?product=turk-yayli-masa-ortusu-mandali-4-adet","title":{"rendered":"Turk Yayl\u0131 Masa \u00d6rt\u00fcs\u00fc Mandal\u0131 4 ADET"},"content":{"rendered":"<p>\n\t<strong>\u00dcr\u00fcn \u00d6zellikleri : <\/strong><\/p>\n<p>\t<strong>Materyal : Yayl\u0131 plastik\u00a0<\/strong><\/p>\n<p>\t<strong>Ne Alacaks\u0131n\u0131z ? 4 adet <\/strong><\/p>\n<p>\t<strong>GEN\u0130\u015e KULLANIM ALANI : Bah\u00e7e masalar\u0131, mutfak masas\u0131, \u00e7ocuk masalar\u0131, kahvehaneler oyun salonlar\u0131, pikniklerde, Parti, d\u00fc\u011f\u00fcn, vb <\/strong><\/p>\n<p>\t1,5 cm &#8211; 2,5 cm aras\u0131 kal\u0131nl\u0131kta masa kenarlar\u0131na uygundur.<br \/>\n\tMasa kelep\u00e7eleri ev, partiler, piknikler, restoran, d\u00fc\u011f\u00fcnler, b\u00fcfeler, ak\u015fam yemekleri vb. i\u00e7in uygundur, d\u0131\u015f mekan masalar\u0131 i\u00e7in masa \u00f6rt\u00fcs\u00fc klipsleri masa \u00f6rt\u00fclerinin r\u00fczgarda bile masalardan kaymamas\u0131n\u0131 sa\u011flar.<br \/>\n\tKULLANIMI KOLAY: masa \u00f6rt\u00fcs\u00fc klipslerinin tak\u0131lmas\u0131 ve \u00e7\u0131kar\u0131lmas\u0131 kolayd\u0131r, sadece masa klipsini s\u0131k\u0131\u015ft\u0131r\u0131n ve yerine kayd\u0131r\u0131n.<\/p>\n","protected":false},"excerpt":{"rendered":"<p>\u00dcr\u00fcn \u00d6zellikleri : Materyal : Yayl\u0131 plastik\u00a0 Ne Alacaks\u0131n\u0131z ? 4 adet GEN\u0130\u015e KULLANIM ALANI : Bah\u00e7e masalar\u0131, mutfak masas\u0131, \u00e7ocuk masalar\u0131, kahvehaneler oyun salonlar\u0131, pikniklerde, Parti, d\u00fc\u011f\u00fcn, vb 1,5 cm &#8211; 2,5 cm aras\u0131 kal\u0131nl\u0131kta masa kenarlar\u0131na uygundur. Masa kelep\u00e7eleri ev, partiler, piknikler, restoran, d\u00fc\u011f\u00fcnler, b\u00fcfeler, ak\u015fam yemekleri vb. i\u00e7in uygundur, d\u0131\u015f mekan masalar\u0131&#8230;<\/p>\n","protected":false},"featured_media":0,"comment_status":"open","ping_status":"closed","template":"","meta":{"_kad_post_transparent":"","_kad_post_title":"","_kad_post_layout":"","_kad_post_sidebar_id":"","_kad_post_content_style":"","_kad_post_vertical_padding":"","_kad_post_feature":"","_kad_post_feature_position":"","_kad_post_header":false,"_kad_post_footer":false,"_kad_post_classname":""},"product_brand":[],"product_cat":[14156],"product_tag":[],"class_list":{"0":"post-102426","1":"product","2":"type-product","3":"status-publish","5":"product_cat-pratik-ev-esyalari-ev-gerecleri-ev-yasam-pratik-ev-esyalari-ev-gerecleri-ev-yasam","7":"first","8":"instock","9":"purchasable","10":"product-type-simple","11":"entry","12":"content-bg","13":"loop-entry"},"_links":{"self":[{"href":"https:\/\/www.hediyepazar.com\/index.php?rest_route=\/wp\/v2\/product\/102426","targetHints":{"allow":["GET"]}}],"collection":[{"href":"https:\/\/www.hediyepazar.com\/index.php?rest_route=\/wp\/v2\/product"}],"about":[{"href":"https:\/\/www.hediyepazar.com\/index.php?rest_route=\/wp\/v2\/types\/product"}],"replies":[{"embeddable":true,"href":"https:\/\/www.hediyepazar.com\/index.php?rest_route=%2Fwp%2Fv2%2Fcomments&post=102426"}],"wp:attachment":[{"href":"https:\/\/www.hediyepazar.com\/index.php?rest_route=%2Fwp%2Fv2%2Fmedia&parent=102426"}],"wp:term":[{"taxonomy":"product_brand","embeddable":true,"href":"https:\/\/www.hediyepazar.com\/index.php?rest_route=%2Fwp%2Fv2%2Fproduct_brand&post=102426"},{"taxonomy":"product_cat","embeddable":true,"href":"https:\/\/www.hediyepazar.com\/index.php?rest_route=%2Fwp%2Fv2%2Fproduct_cat&post=102426"},{"taxonomy":"product_tag","embeddable":true,"href":"https:\/\/www.hediyepazar.com\/index.php?rest_route=%2Fwp%2Fv2%2Fproduct_tag&post=102426"}],"curies":[{"name":"wp","href":"https:\/\/api.w.org\/{rel}","templated":true}]}}