{"id":102428,"date":"2026-05-04T06:25:15","date_gmt":"2026-05-04T09:25:15","guid":{"rendered":"https:\/\/www.hediyepazar.com\/?product=turk-absolute-sakal-dolgunluk-kalemi-2"},"modified":"2026-05-04T06:25:15","modified_gmt":"2026-05-04T09:25:15","slug":"turk-absolute-sakal-dolgunluk-kalemi-2","status":"publish","type":"product","link":"https:\/\/www.hediyepazar.com\/?product=turk-absolute-sakal-dolgunluk-kalemi-2","title":{"rendered":"Turk Absolute Sakal Dolgunluk Kalemi"},"content":{"rendered":"<p><strong>&Uuml;r&uuml;n &Ouml;zellikleri : <\/strong><\/p>\n<p><strong>Renk : Resimdeki S\u0130YAH Renk\/tasar\u0131m birebir g&ouml;nderilir ve s&uuml;rpriz ya\u015famazs\u0131n\u0131z. DETAY RES\u0130MLERDEK\u0130 RENKLER &Ouml;RNEKT\u0130R.<\/strong><\/p>\n<p><strong>Adet : 1 SET <\/strong><\/p>\n<p><strong>DO\u011eAL SAKAL G&Ouml;R&Uuml;N&Uuml;M&Uuml;: <\/strong>Sakal kalemi dolgumuz size sakal\u0131n en iyi \u015feklini ve m&uuml;kemmel konturlu g&ouml;r&uuml;n&uuml;m&uuml;n&uuml; verecektir; Sakal dolgumuz sakal, b\u0131y\u0131k ve hatta ka\u015flar\u0131n\u0131zdaki bo\u015fluklar\u0131n g&ouml;r&uuml;n&uuml;m&uuml;n&uuml; azaltmak i&ccedil;in tasarlanm\u0131\u015ft\u0131r! Size temiz, do\u011fal ve taze bir g&ouml;r&uuml;n&uuml;m kazand\u0131r\u0131r.<\/p>\n<p><strong>SAKALINIZI E\u015e\u0130T DOLDURUM :<\/strong> Sakal kalemi size en iyi sakal \u015feklini ve m&uuml;kemmel konturlu g&ouml;r&uuml;n&uuml;m&uuml;n&uuml; verecektir. D&uuml;zensiz sakal &ccedil;\u0131kma problemini &ccedil;&ouml;z&uuml;n, sakal\u0131n seyrek olan k\u0131s\u0131mlar\u0131n\u0131 doldurun, sakallar aras\u0131ndaki bo\u015flu\u011fu azalt\u0131n, sakal\u0131n\u0131z\u0131n d&uuml;zg&uuml;n ve kal\u0131n g&ouml;r&uuml;nmesini sa\u011flay\u0131n, farkl\u0131 sakal \u015fekilleri yarat\u0131n.<\/p>\n<p>Dolgu kalemi, do\u011fal ve taze bir g&ouml;r&uuml;n&uuml;me sahip olmak i&ccedil;in ger&ccedil;ek&ccedil;i sakal\u0131 geri y&uuml;klemenize yard\u0131mc\u0131 olan yumu\u015fak k\u0131ll\u0131 bir f\u0131r&ccedil;a ile birlikte gelir. Bu profesyonel berber kalemi sadece sakal &ccedil;izginize de\u011fil ayn\u0131 zamanda sa&ccedil; &ccedil;izgisine, ka\u015flara, yanak &ccedil;izgilerine ve boyun &ccedil;izgilerine de uygundur. EKSTRA sakal \u015fekillendirme tara\u011f\u0131 ile gerisini \u015fekillendirin.<\/p>\n<p><strong>DAYANIKLILIK :<\/strong> Sakal boyas\u0131n\u0131n t&uuml;m malzemeleri do\u011fald\u0131r. \u0130yile\u015ftirilmi\u015f bile\u015fenlerle, bu sakal dolgu kalemi seti, bir mikro b&uuml;z&uuml;c&uuml; g&ouml;revi g&ouml;r&uuml;r ve boya renginin y\u0131kanmas\u0131 kolay de\u011fildir. T&uuml;m sa&ccedil; tiplerinde cilt dostu ve g&uuml;venli kullan\u0131m.<\/p>\n<p><strong>TA\u015eIMASI KOLAY : <\/strong>Siyah erkekler i&ccedil;in sakal kalemi dolgusu kullan\u0131m\u0131 &ccedil;ok kolay ve ayn\u0131 zamanda kullan\u0131\u015fl\u0131d\u0131r. Bu etkili ve do\u011fal sakal doldurma kalem seti ile yamal\u0131 sakal\u0131n\u0131za ve azalan sa&ccedil; &ccedil;izginize dikkat edin. Sakal kalemi, i\u015f gezileri veya ba\u015fka herhangi bir aktivite s\u0131ras\u0131nda kullan\u0131m i&ccedil;in bir s\u0131rt &ccedil;antas\u0131na rahatl\u0131kla yerle\u015ftirilebilir.<\/p>\n<p><strong>KOLAY KULLANIM : <\/strong>Sakal Kalemi dolgumuz, sakallar\u0131 kolayca dolduran ve sa&ccedil; &ccedil;izgilerini keskinle\u015ftiren d&ouml;rt &ccedil;atal u&ccedil;lu bir kafa ile tasarlanm\u0131\u015ft\u0131r. Sakal, b\u0131y\u0131k ve sa&ccedil; &ccedil;izgilerinin g&uuml;zel ve dolgun g&ouml;r&uuml;nmesini sa\u011flar. Sakal\u0131n\u0131z\u0131n veya b\u0131y\u0131\u011f\u0131n\u0131z\u0131n konturunu &ccedil;izerek ba\u015flay\u0131n ve istedi\u011finiz \u015fekil boyunca e\u015fit olarak renklendirmeye devam edin. &Uuml;r&uuml;n&uuml; uygularken daha do\u011fal bir g&ouml;r&uuml;n&uuml;m elde etmek i&ccedil;in Soft Bristle Brush ile uygulaman\u0131n &uuml;zerini f\u0131r&ccedil;alay\u0131n.<\/p>\n<p><strong>UZUN &Ouml;M&Uuml;RL&Uuml;: <\/strong>Saniyeler \u0130&ccedil;inde uygulan\u0131r, t&uuml;m G&uuml;n S&uuml;rer! Uzun &ouml;m&uuml;rl&uuml; form&uuml;l&uuml;m&uuml;z, tere ve suya dayan\u0131kl\u0131, 24 saate kadar kullan\u0131m sa\u011flar. Sakal\u0131n veya sa&ccedil;\u0131n ter veya ya\u011fmurdan bula\u015fmadan veya solmadan olmas\u0131n\u0131 sa\u011flay\u0131n.<\/p>\n<p><strong>HED\u0130YE FIR&Ccedil;A:<\/strong> Biti\u015fi ve harmanlama elde etmenize yard\u0131mc\u0131 olmak i&ccedil;in Yumu\u015fak K\u0131ll\u0131 F\u0131r&ccedil;a ekliyoruz.<\/p>\n<p><strong>KULLANMA TAL\u0130MATI: <\/strong>&Uuml;r&uuml;n&uuml; uygulamak istedi\u011finiz b&ouml;lgeyi temizleyin ve kurulay\u0131n. Su ge&ccedil;irmez sakal dolgu kalemi setini sa&ccedil;\u0131n\u0131z\u0131n y&ouml;n&uuml;ne do\u011fru ok\u015fayarak bo\u015fluklar\u0131 doldurmak i&ccedil;in kullan\u0131n. Rengi ayn\u0131 y&ouml;nde kar\u0131\u015ft\u0131rmak i&ccedil;in f\u0131r&ccedil;ay\u0131 kullan\u0131n.<\/p>\n<p><strong>Ekran fark\u0131 nedeniyle, renk tonlar\u0131 %0,5 oran\u0131nda fark, Manuel &ouml;l&ccedil;&uuml;m nedeniyle MM fark olabilir. anlay\u0131\u015f g&ouml;stermenizi rica ederiz. <\/strong><\/p>\n<p>DETAYLI B\u0130LG\u0130 \u0130&Ccedil;\u0130N EK RES\u0130MLER\u0130 \u0130NCELEYEB\u0130L\u0130RS\u0130N\u0130Z.<br \/>\n<img decoding=\"async\" src=\"https:\/\/hepsicdn.com.tr\/static\/product_detail\/hbnet185b343f_4805101.jpg\" \/><\/p>\n","protected":false},"excerpt":{"rendered":"<p>&Uuml;r&uuml;n &Ouml;zellikleri : Renk : Resimdeki S\u0130YAH Renk\/tasar\u0131m birebir g&ouml;nderilir ve s&uuml;rpriz ya\u015famazs\u0131n\u0131z. DETAY RES\u0130MLERDEK\u0130 RENKLER &Ouml;RNEKT\u0130R. Adet : 1 SET DO\u011eAL SAKAL G&Ouml;R&Uuml;N&Uuml;M&Uuml;: Sakal kalemi dolgumuz size sakal\u0131n en iyi \u015feklini ve m&uuml;kemmel konturlu g&ouml;r&uuml;n&uuml;m&uuml;n&uuml; verecektir; Sakal dolgumuz sakal, b\u0131y\u0131k ve hatta ka\u015flar\u0131n\u0131zdaki bo\u015fluklar\u0131n g&ouml;r&uuml;n&uuml;m&uuml;n&uuml; azaltmak i&ccedil;in tasarlanm\u0131\u015ft\u0131r! Size temiz, do\u011fal ve taze bir&#8230;<\/p>\n","protected":false},"featured_media":102427,"comment_status":"open","ping_status":"closed","template":"","meta":{"_kad_post_transparent":"","_kad_post_title":"","_kad_post_layout":"","_kad_post_sidebar_id":"","_kad_post_content_style":"","_kad_post_vertical_padding":"","_kad_post_feature":"","_kad_post_feature_position":"","_kad_post_header":false,"_kad_post_footer":false,"_kad_post_classname":""},"product_brand":[],"product_cat":[7881],"product_tag":[],"class_list":{"0":"post-102428","1":"product","2":"type-product","3":"status-publish","4":"has-post-thumbnail","6":"product_cat-unisex-sac-ve-sakal-bakimi-erkek-kuafor-unisex-sac-ve-sakal-bakimi","8":"first","9":"instock","10":"purchasable","11":"product-type-simple","12":"entry","13":"content-bg","14":"loop-entry"},"_links":{"self":[{"href":"https:\/\/www.hediyepazar.com\/index.php?rest_route=\/wp\/v2\/product\/102428","targetHints":{"allow":["GET"]}}],"collection":[{"href":"https:\/\/www.hediyepazar.com\/index.php?rest_route=\/wp\/v2\/product"}],"about":[{"href":"https:\/\/www.hediyepazar.com\/index.php?rest_route=\/wp\/v2\/types\/product"}],"replies":[{"embeddable":true,"href":"https:\/\/www.hediyepazar.com\/index.php?rest_route=%2Fwp%2Fv2%2Fcomments&post=102428"}],"wp:featuredmedia":[{"embeddable":true,"href":"https:\/\/www.hediyepazar.com\/index.php?rest_route=\/wp\/v2\/media\/102427"}],"wp:attachment":[{"href":"https:\/\/www.hediyepazar.com\/index.php?rest_route=%2Fwp%2Fv2%2Fmedia&parent=102428"}],"wp:term":[{"taxonomy":"product_brand","embeddable":true,"href":"https:\/\/www.hediyepazar.com\/index.php?rest_route=%2Fwp%2Fv2%2Fproduct_brand&post=102428"},{"taxonomy":"product_cat","embeddable":true,"href":"https:\/\/www.hediyepazar.com\/index.php?rest_route=%2Fwp%2Fv2%2Fproduct_cat&post=102428"},{"taxonomy":"product_tag","embeddable":true,"href":"https:\/\/www.hediyepazar.com\/index.php?rest_route=%2Fwp%2Fv2%2Fproduct_tag&post=102428"}],"curies":[{"name":"wp","href":"https:\/\/api.w.org\/{rel}","templated":true}]}}