{"id":102432,"date":"2026-05-04T06:27:16","date_gmt":"2026-05-04T09:27:16","guid":{"rendered":"https:\/\/www.hediyepazar.com\/?product=turk-2-jiletli-kirik-sac-sakal-duzletme-inceltme-taragi"},"modified":"2026-05-04T06:27:16","modified_gmt":"2026-05-04T09:27:16","slug":"turk-2-jiletli-kirik-sac-sakal-duzletme-inceltme-taragi","status":"publish","type":"product","link":"https:\/\/www.hediyepazar.com\/?product=turk-2-jiletli-kirik-sac-sakal-duzletme-inceltme-taragi","title":{"rendered":"Turk 2 Jiletli K\u0131r\u0131k Sa\u00e7 Sakal D\u00fczletme \u0130nceltme Tara\u011f\u0131"},"content":{"rendered":"<p>\n\t<strong>\u00dcr\u00fcn \u00d6zellikleri :\u00a0<\/strong><\/p>\n<p>\t<strong>Ne alacaks\u0131n\u0131z ? : 1 adet ana \u00fcnite, i\u00e7erisinde 2 ad hediye jiletle g\u00f6nderilr. Standart yaprak jilet tak\u0131labilir tasar\u0131ma sahiptir. \u00c7ok rahatl\u0131kla bulabilece\u011finiz modeldir.<\/strong><\/p>\n<p>\t<strong>\u00d6l\u00e7\u00fcler : <\/strong> U 18 CM X 2,8 cm jilet k\u0131s\u0131m geni\u015fli\u011fi &#8211; Ekran yan\u0131lmalar\u0131na kar\u015f\u0131 l\u00fctfen \u00f6l\u00e7\u00fcleri kar\u015f\u0131la\u015ft\u0131r\u0131n.<\/p>\n<p>\t<strong>\u00d6NE \u00c7IKAN \u00d6ZELL\u0130K : 2 tarafl\u0131 , her y\u00fczey farkl\u0131 kesme boyutu sunar.<\/strong><\/p>\n<p>\n\t<strong>Y\u00dcKSEK PERFORMANS :<\/strong> Sa\u00e7\/sakal kesme taraklar\u0131m\u0131z, sa\u00e7lar\u0131\/ sakallar\u0131 k\u0131saltmay\u0131, \u015fekillendirmeyi ve incelmeyi kolayla\u015ft\u0131ran ayr\u0131k u\u00e7larla tasarlanm\u0131\u015ft\u0131r, g\u00fcvenlik korumal\u0131 t\u0131ra\u015f makinesi cildi \u00e7izilmeye kar\u015f\u0131 korur, sa\u00e7lar\u0131 \u015fekillendirmek ve kesmek i\u00e7in kullan\u0131labilir<\/p>\n<p>\t<strong>\u00c7\u0130FT KENARLI BI\u00c7AKLAR :<\/strong> 2 farkl\u0131 y\u00fczeyle,ince ve kal\u0131n sa\u00e7\/sakal kesme ve \u015fekillendirme i\u00e7in kullan\u0131labilir.<\/p>\n<p>\t<strong>G\u00dcVENL\u0130 SA\u00c7 KES\u0130C\u0130: <\/strong>sa\u00e7\/sakal\u00a0k\u0131saltmak, \u015fekillendirmek ve inceltmek i\u00e7in jiletli taraklar kullan\u0131l\u0131r. G\u00fcvenlik korumal\u0131 t\u0131ra\u015f b\u0131\u00e7a\u011f\u0131 cildi \u00e7izilmekten korur.<\/p>\n<p>\t<strong>\u00c7\u0130FT FONKS\u0130YONLU SA\u00c7 KESME TARAKLARI: <\/strong>\u00c7ift fonksiyonlu sa\u00e7\/sakal\u00a0 taraklar\u0131, sa\u00e7\/sakal \u0131 bir tarafta tarar ve al\u0131r, di\u011fer tarafta ise keser.<\/p>\n<p>\n\tUzun ve k\u0131sa sa\u00e7lar, kal\u0131n ve ince sa\u00e7lar veya k\u0131v\u0131rc\u0131k ve d\u00fcz sa\u00e7larla iyi \u00e7al\u0131\u015fabilir, sa\u00e7lar\u0131n\u0131z\u0131 evde kolayca kesip k\u0131saltabilirsiniz, i\u00e7 paslanmaz \u00e7elik b\u0131\u00e7aklar onlar\u0131 g\u00fcvenli hale getirir, kafa derinize ve ellerinize zarar vermez, ayr\u0131ca \u00e7ocuklar\u0131n\u0131z i\u00e7in sa\u00e7 kesmek i\u00e7in pratik ara\u00e7lard\u0131r<\/p>\n<p>\n\t<strong>KULLANIMI VE DE\u011e\u0130\u015eT\u0130R\u0130LMES\u0130 \u00c7OK KOLAY :<\/strong> sa\u00e7 t\u0131ra\u015f makinesi taraklar\u0131 tararken sa\u00e7\u0131n\u0131z\u0131 kesebilir ve \u015fekillendirebilir, k\u0131sa s\u00fcrede yeni ve \u00e7ekici bir g\u00f6r\u00fcn\u00fcm elde etmenize yard\u0131mc\u0131 olur, yanlarda itme bloklar\u0131 ile tasarlanm\u0131\u015ft\u0131r, kolayca itebilir ve kapaklar\u0131 a\u00e7abilir, daha sonra eski b\u0131\u00e7aklar\u0131 de\u011fi\u015ftirebilir, bu da onlar\u0131 temizlemeyi kolayla\u015ft\u0131r\u0131r<\/p>\n<p>\n\t<strong>TA\u015eINAB\u0130L\u0130R BOYUT : <\/strong>Hafif ve ta\u015f\u0131nabilir, ev, seyahat ve i\u015f gezisi kullan\u0131m\u0131 i\u00e7in uygundur, g\u00fcnl\u00fck ya\u015fam\u0131n\u0131z i\u00e7in \u00e7ok kolayl\u0131k sa\u011flar, onlar\u0131 \u00e7antalar\u0131n\u0131za koyabilir ve istedi\u011finiz zaman kullanabilirsiniz<\/p>\n<p>\n\t<br \/>\n\t<strong>Ekran fark\u0131 nedeniyle, renk tonlar\u0131 %0,5 oran\u0131nda fark, Manuel \u00f6l\u00e7\u00fcm nedeniyle MM fark olabilir. anlay\u0131\u015f g\u00f6stermenizi rica ederiz.<\/strong><\/p>\n<p><strong> Ekran fark\u0131 nedeniyle, renk tonlar\u0131 %0,5 oran\u0131nda fark, Manuel \u00f6l\u00e7\u00fcm nedeniyle MM fark olabilir. anlay\u0131\u015f g\u00f6stermenizi rica ederiz. <\/strong> <br \/><strong> DETAYLI B\u0130LG\u0130 \u0130\u00c7\u0130N EK RES\u0130MLER\u0130 \u0130NCELEYEB\u0130L\u0130RS\u0130N\u0130Z.  <img decoding=\"async\" height=\"100%\" width=\"100%\" src=\"https:\/\/hepsicdn.com.tr\/static\/product_detail\/hbnetd7ea438a_4806301.webp\"><\/a><\/p>\n","protected":false},"excerpt":{"rendered":"<p>\u00dcr\u00fcn \u00d6zellikleri :\u00a0 Ne alacaks\u0131n\u0131z ? : 1 adet ana \u00fcnite, i\u00e7erisinde 2 ad hediye jiletle g\u00f6nderilr. Standart yaprak jilet tak\u0131labilir tasar\u0131ma sahiptir. \u00c7ok rahatl\u0131kla bulabilece\u011finiz modeldir. \u00d6l\u00e7\u00fcler : U 18 CM X 2,8 cm jilet k\u0131s\u0131m geni\u015fli\u011fi &#8211; Ekran yan\u0131lmalar\u0131na kar\u015f\u0131 l\u00fctfen \u00f6l\u00e7\u00fcleri kar\u015f\u0131la\u015ft\u0131r\u0131n. \u00d6NE \u00c7IKAN \u00d6ZELL\u0130K : 2 tarafl\u0131 , her y\u00fczey farkl\u0131&#8230;<\/p>\n","protected":false},"featured_media":0,"comment_status":"open","ping_status":"closed","template":"","meta":{"_kad_post_transparent":"","_kad_post_title":"","_kad_post_layout":"","_kad_post_sidebar_id":"","_kad_post_content_style":"","_kad_post_vertical_padding":"","_kad_post_feature":"","_kad_post_feature_position":"","_kad_post_header":false,"_kad_post_footer":false,"_kad_post_classname":""},"product_brand":[],"product_cat":[14302],"product_tag":[],"class_list":{"0":"post-102432","1":"product","2":"type-product","3":"status-publish","5":"product_cat-sac-fircasi-ve-tarak-sac-bakimi-kozmetik-sac-fircasi-ve-tarak-sac-bakimi-kozmetik","7":"first","8":"instock","9":"purchasable","10":"product-type-simple","11":"entry","12":"content-bg","13":"loop-entry"},"_links":{"self":[{"href":"https:\/\/www.hediyepazar.com\/index.php?rest_route=\/wp\/v2\/product\/102432","targetHints":{"allow":["GET"]}}],"collection":[{"href":"https:\/\/www.hediyepazar.com\/index.php?rest_route=\/wp\/v2\/product"}],"about":[{"href":"https:\/\/www.hediyepazar.com\/index.php?rest_route=\/wp\/v2\/types\/product"}],"replies":[{"embeddable":true,"href":"https:\/\/www.hediyepazar.com\/index.php?rest_route=%2Fwp%2Fv2%2Fcomments&post=102432"}],"wp:attachment":[{"href":"https:\/\/www.hediyepazar.com\/index.php?rest_route=%2Fwp%2Fv2%2Fmedia&parent=102432"}],"wp:term":[{"taxonomy":"product_brand","embeddable":true,"href":"https:\/\/www.hediyepazar.com\/index.php?rest_route=%2Fwp%2Fv2%2Fproduct_brand&post=102432"},{"taxonomy":"product_cat","embeddable":true,"href":"https:\/\/www.hediyepazar.com\/index.php?rest_route=%2Fwp%2Fv2%2Fproduct_cat&post=102432"},{"taxonomy":"product_tag","embeddable":true,"href":"https:\/\/www.hediyepazar.com\/index.php?rest_route=%2Fwp%2Fv2%2Fproduct_tag&post=102432"}],"curies":[{"name":"wp","href":"https:\/\/api.w.org\/{rel}","templated":true}]}}