{"id":102433,"date":"2026-05-04T06:27:40","date_gmt":"2026-05-04T09:27:40","guid":{"rendered":"https:\/\/www.hediyepazar.com\/?product=turk-buyuk-dis-genis-sac-acma-taragi"},"modified":"2026-05-04T06:27:40","modified_gmt":"2026-05-04T09:27:40","slug":"turk-buyuk-dis-genis-sac-acma-taragi","status":"publish","type":"product","link":"https:\/\/www.hediyepazar.com\/?product=turk-buyuk-dis-genis-sac-acma-taragi","title":{"rendered":"Turk B\u00fcy\u00fck Di\u015f Geni\u015f Sa\u00e7 A\u00e7ma Tara\u011f\u0131"},"content":{"rendered":"<p>\n\t<strong>Renk : Resimdeki S\u0130YAH Renk-Desen Kombinasyonu birebir g\u00f6nderilir..\u00a0\u00a0<\/strong><\/p>\n<p>\n\t<strong>Materyal : Anti-statik Karbon\u00a0 \u00a0<\/strong><\/p>\n<p>\n\t<strong>\u00d6l\u00e7\u00fcler : 25 cm x 7\u00a0 cm geni\u015flik\u00a0\u00a0<\/strong><\/p>\n<p>\n\t<strong style=\"color: rgb(0, 128, 0);\">GEN\u0130\u015e KULLANIM ALANI : Daha g\u00fcr,uzun, dalgal\u0131 , Uzun veya k\u0131sa, \u0131slak veya kuru, kal\u0131n veya ince, d\u00fcz veya k\u0131v\u0131rc\u0131k i\u00e7in uygundur.\u00a0\u00a0<\/strong><\/p>\n<p>\n\t<strong>\u00d6NE \u00c7IKAN \u00d6ZELL\u0130K : SA\u00c7 DER\u0130N\u0130ZE MASAJ YAPIN : Sa\u00e7 derinize g\u00fcvenli bir \u015fekilde masaj yapabilir ve sa\u00e7 derinizi canland\u0131rabilir, \u00f6l\u00fc deri h\u00fccrelerini temizleyebilir, stresi azaltabilir ve kaslar\u0131 gev\u015fetebilir, kan ak\u0131\u015f\u0131n\u0131 te\u015fvik edebilir, sa\u00e7 d\u00f6k\u00fclmesini dindirebilir, kafa derisi sa\u011fl\u0131\u011f\u0131n\u0131 ve sa\u00e7 b\u00fcy\u00fcmesini te\u015fvik ederek kendinizi rahat ve rahat hissetmenizi sa\u011flar.<\/strong><\/p>\n<p>\n\t<strong>T\u00dcM AMA\u00c7LAR \u0130\u00c7\u0130N TEK SA\u00c7 TARA\u011eI: Ergonomik tasar\u0131m\u0131\u00a0<\/strong>h\u0131zl\u0131 ve kolay \u015fekillendirmeyi destekler. Islak sa\u00e7lar\u0131, kuru sa\u00e7lar\u0131 \u015fekillendirmek i\u00e7in tasarlanm\u0131\u015ft\u0131r.<\/p>\n<p>\n\t<strong>G\u00dc\u00c7L\u00dc &#038; BA\u011eIMSIZ: <\/strong>Y\u00f6netilebilirli\u011fi art\u0131rmak i\u00e7in sa\u011flam KARBON plastik pinler .\u00a0<\/p>\n<p>\n\t<strong>+ KISA SA\u00c7 \u0130\u00c7\u0130N: <\/strong>K\u0131sa sa\u00e7lar\u0131 veya ince sa\u00e7lar\u0131 \u015fekillendirmek i\u00e7in do\u011fru boyut ve kal\u0131nl\u0131k.<\/p>\n<p>\n\t<strong>DAYANIKLI VE RAHAT KULLANIM : <\/strong>Profesyonel salon seviyesinde kabar\u0131k veya uysal bir doku sa\u00e7 stili yarat\u0131rs\u0131n\u0131z<\/p>\n<p>\t<strong>SA\u00c7 DER\u0130N\u0130ZE MASAJ YAPIN :<\/strong> Sa\u00e7 derinize g\u00fcvenli bir \u015fekilde masaj yapabilir ve sa\u00e7 derinizi canland\u0131rabilir, \u00f6l\u00fc deri h\u00fccrelerini temizleyebilir, stresi azaltabilir ve kaslar\u0131 gev\u015fetebilir, kan ak\u0131\u015f\u0131n\u0131 te\u015fvik edebilir, sa\u00e7 d\u00f6k\u00fclmesini dindirebilir, kafa derisi sa\u011fl\u0131\u011f\u0131n\u0131 ve sa\u00e7 b\u00fcy\u00fcmesini te\u015fvik ederek kendinizi rahat ve rahat hissetmenizi sa\u011flar.<\/p>\n","protected":false},"excerpt":{"rendered":"<p>Renk : Resimdeki S\u0130YAH Renk-Desen Kombinasyonu birebir g\u00f6nderilir..\u00a0\u00a0 Materyal : Anti-statik Karbon\u00a0 \u00a0 \u00d6l\u00e7\u00fcler : 25 cm x 7\u00a0 cm geni\u015flik\u00a0\u00a0 GEN\u0130\u015e KULLANIM ALANI : Daha g\u00fcr,uzun, dalgal\u0131 , Uzun veya k\u0131sa, \u0131slak veya kuru, kal\u0131n veya ince, d\u00fcz veya k\u0131v\u0131rc\u0131k i\u00e7in uygundur.\u00a0\u00a0 \u00d6NE \u00c7IKAN \u00d6ZELL\u0130K : SA\u00c7 DER\u0130N\u0130ZE MASAJ YAPIN : Sa\u00e7 derinize g\u00fcvenli&#8230;<\/p>\n","protected":false},"featured_media":0,"comment_status":"open","ping_status":"closed","template":"","meta":{"_kad_post_transparent":"","_kad_post_title":"","_kad_post_layout":"","_kad_post_sidebar_id":"","_kad_post_content_style":"","_kad_post_vertical_padding":"","_kad_post_feature":"","_kad_post_feature_position":"","_kad_post_header":false,"_kad_post_footer":false,"_kad_post_classname":""},"product_brand":[],"product_cat":[14302],"product_tag":[],"class_list":{"0":"post-102433","1":"product","2":"type-product","3":"status-publish","5":"product_cat-sac-fircasi-ve-tarak-sac-bakimi-kozmetik-sac-fircasi-ve-tarak-sac-bakimi-kozmetik","7":"first","8":"instock","9":"purchasable","10":"product-type-simple","11":"entry","12":"content-bg","13":"loop-entry"},"_links":{"self":[{"href":"https:\/\/www.hediyepazar.com\/index.php?rest_route=\/wp\/v2\/product\/102433","targetHints":{"allow":["GET"]}}],"collection":[{"href":"https:\/\/www.hediyepazar.com\/index.php?rest_route=\/wp\/v2\/product"}],"about":[{"href":"https:\/\/www.hediyepazar.com\/index.php?rest_route=\/wp\/v2\/types\/product"}],"replies":[{"embeddable":true,"href":"https:\/\/www.hediyepazar.com\/index.php?rest_route=%2Fwp%2Fv2%2Fcomments&post=102433"}],"wp:attachment":[{"href":"https:\/\/www.hediyepazar.com\/index.php?rest_route=%2Fwp%2Fv2%2Fmedia&parent=102433"}],"wp:term":[{"taxonomy":"product_brand","embeddable":true,"href":"https:\/\/www.hediyepazar.com\/index.php?rest_route=%2Fwp%2Fv2%2Fproduct_brand&post=102433"},{"taxonomy":"product_cat","embeddable":true,"href":"https:\/\/www.hediyepazar.com\/index.php?rest_route=%2Fwp%2Fv2%2Fproduct_cat&post=102433"},{"taxonomy":"product_tag","embeddable":true,"href":"https:\/\/www.hediyepazar.com\/index.php?rest_route=%2Fwp%2Fv2%2Fproduct_tag&post=102433"}],"curies":[{"name":"wp","href":"https:\/\/api.w.org\/{rel}","templated":true}]}}