{"id":102437,"date":"2026-05-04T06:29:57","date_gmt":"2026-05-04T09:29:57","guid":{"rendered":"https:\/\/www.hediyepazar.com\/?product=turk-rexite-siyah-metal-9-gozlu-kul-tablasi"},"modified":"2026-05-04T06:29:57","modified_gmt":"2026-05-04T09:29:57","slug":"turk-rexite-siyah-metal-9-gozlu-kul-tablasi","status":"publish","type":"product","link":"https:\/\/www.hediyepazar.com\/?product=turk-rexite-siyah-metal-9-gozlu-kul-tablasi","title":{"rendered":"Turk Rexite Siyah Metal 9 G\u00f6zl\u00fc K\u00fcl Tablas\u0131"},"content":{"rendered":"<p>\n\t<strong>\u00dcr\u00fcn \u00d6zellikleri :\u00a0<\/strong><\/p>\n<p>\t<strong>Renk : <\/strong>Resimdeki S\u0130YAH Renk birebir g\u00f6nderilir ve s\u00fcrpriz ya\u015famazs\u0131n\u0131z.<\/p>\n<p>\t<strong>Materyal : \u00c7inko ala\u015f\u0131ml\u0131 zaman d\u00f6k\u00fcm, g\u00fcvenli, \u00e7evre dostu ve dayan\u0131kl\u0131. <\/strong><\/p>\n<p>\t<strong>\u00d6l\u00e7\u00fcler : <\/strong>9 x 9 x 4,5 cm &#8211; Ekran yan\u0131lmalar\u0131na kar\u015f\u0131 l\u00fctfen \u00f6l\u00e7\u00fcleri kar\u015f\u0131la\u015ft\u0131r\u0131n.<\/p>\n<p>\t<strong>GEN\u0130\u015e KULLANIM ALANI : Ev, Bah\u00e7e, veranda , ofis, bar, avlu, balkon, kafe, otel vb i\u00e7 ve d\u0131\u015f alanlarda kullan\u0131labilir.<\/strong><\/p>\n<p>\n\tZAR\u0130F ST\u0130L : Yarat\u0131c\u0131 i\u015f\u00e7ilik, sade ve zarif bir g\u00f6r\u00fcn\u00fcm kazand\u0131r\u0131r, asla solmaz.<\/p>\n<p>\tSigaralar\u0131 sabitleyebilen, sigaralar\u0131n d\u00fc\u015fmesini \u00f6nleyebilen 9 g\u00f6z\u00fc bulunur.<\/p>\n","protected":false},"excerpt":{"rendered":"<p>\u00dcr\u00fcn \u00d6zellikleri :\u00a0 Renk : Resimdeki S\u0130YAH Renk birebir g\u00f6nderilir ve s\u00fcrpriz ya\u015famazs\u0131n\u0131z. Materyal : \u00c7inko ala\u015f\u0131ml\u0131 zaman d\u00f6k\u00fcm, g\u00fcvenli, \u00e7evre dostu ve dayan\u0131kl\u0131. \u00d6l\u00e7\u00fcler : 9 x 9 x 4,5 cm &#8211; Ekran yan\u0131lmalar\u0131na kar\u015f\u0131 l\u00fctfen \u00f6l\u00e7\u00fcleri kar\u015f\u0131la\u015ft\u0131r\u0131n. GEN\u0130\u015e KULLANIM ALANI : Ev, Bah\u00e7e, veranda , ofis, bar, avlu, balkon, kafe, otel vb i\u00e7&#8230;<\/p>\n","protected":false},"featured_media":0,"comment_status":"open","ping_status":"closed","template":"","meta":{"_kad_post_transparent":"","_kad_post_title":"","_kad_post_layout":"","_kad_post_sidebar_id":"","_kad_post_content_style":"","_kad_post_vertical_padding":"","_kad_post_feature":"","_kad_post_feature_position":"","_kad_post_header":false,"_kad_post_footer":false,"_kad_post_classname":""},"product_brand":[],"product_cat":[14399],"product_tag":[],"class_list":{"0":"post-102437","1":"product","2":"type-product","3":"status-publish","5":"product_cat-kulluk-sofra-sofra-mutfak-ev-yasam-kulluk","7":"first","8":"instock","9":"purchasable","10":"product-type-simple","11":"entry","12":"content-bg","13":"loop-entry"},"_links":{"self":[{"href":"https:\/\/www.hediyepazar.com\/index.php?rest_route=\/wp\/v2\/product\/102437","targetHints":{"allow":["GET"]}}],"collection":[{"href":"https:\/\/www.hediyepazar.com\/index.php?rest_route=\/wp\/v2\/product"}],"about":[{"href":"https:\/\/www.hediyepazar.com\/index.php?rest_route=\/wp\/v2\/types\/product"}],"replies":[{"embeddable":true,"href":"https:\/\/www.hediyepazar.com\/index.php?rest_route=%2Fwp%2Fv2%2Fcomments&post=102437"}],"wp:attachment":[{"href":"https:\/\/www.hediyepazar.com\/index.php?rest_route=%2Fwp%2Fv2%2Fmedia&parent=102437"}],"wp:term":[{"taxonomy":"product_brand","embeddable":true,"href":"https:\/\/www.hediyepazar.com\/index.php?rest_route=%2Fwp%2Fv2%2Fproduct_brand&post=102437"},{"taxonomy":"product_cat","embeddable":true,"href":"https:\/\/www.hediyepazar.com\/index.php?rest_route=%2Fwp%2Fv2%2Fproduct_cat&post=102437"},{"taxonomy":"product_tag","embeddable":true,"href":"https:\/\/www.hediyepazar.com\/index.php?rest_route=%2Fwp%2Fv2%2Fproduct_tag&post=102437"}],"curies":[{"name":"wp","href":"https:\/\/api.w.org\/{rel}","templated":true}]}}