{"id":102439,"date":"2026-05-04T06:30:08","date_gmt":"2026-05-04T09:30:08","guid":{"rendered":"https:\/\/www.hediyepazar.com\/?product=turk-cinta-10-adet-elektrik-izolasyon-bandi"},"modified":"2026-05-04T06:30:08","modified_gmt":"2026-05-04T09:30:08","slug":"turk-cinta-10-adet-elektrik-izolasyon-bandi","status":"publish","type":"product","link":"https:\/\/www.hediyepazar.com\/?product=turk-cinta-10-adet-elektrik-izolasyon-bandi","title":{"rendered":"Turk Cinta 10 Adet Elektrik \u0130zolasyon Band\u0131"},"content":{"rendered":"<p>\t<span style=\"color:#ff0000;\"><strong>Spesifikasyonlar : <\/strong><\/span><\/p>\n<p>\t<span style=\"color:#008000;\"><strong>Renk : Resimdeki S\u0130YAH Renk birebir g\u00f6nderilir. <\/strong><\/span><\/p>\n<p>\t<span style=\"color:#ff0000;\"><strong>Materyal : Viinil Plastic <\/strong><\/span><\/p>\n<p>\t<span style=\"color:#ff0000;\"><strong>Adet : 10<\/strong><\/span><\/p>\n<p>\t<span style=\"color:#ff0000;\"><strong>\u00d6l\u00e7\u00fcler : 18 mm x 5,4 metre uzunluk<\/strong><\/span><\/p>\n<p>\tNOT : Manuel \u00f6l\u00e7\u00fcm nedeniyle MM fark, ekran fark\u0131 nedeniyle, renk tonlar\u0131 %0,5 oran\u0131nda fark olabilir. L\u00fctfen anlay\u0131\u015f g\u00f6sterin<\/p>\n<p>\t<span style=\"color:#ff0000;\"><strong>GEN\u0130\u015e KULLANIM ALANI : <\/strong><\/span><\/p>\n<p>\tAlet \u00e7antan\u0131z i\u00e7in \u00f6nemli bir ektir. \u0130ster profesyonel bir elektrik\u00e7i, m\u00fchendis veya amat\u00f6r olun, bu elektrik band\u0131, ortak kablolama projeleri ve ek kablolar, kablo yal\u0131t\u0131m\u0131, kablo demeti ve daha fazlas\u0131 dahil olmak \u00fczere onar\u0131mlar i\u00e7in m\u00fckemmel \u015fekilde uygundur.<\/p>\n<p>\tHer i\u015f i\u00e7in g\u00fcvenilir ve dayan\u0131kl\u0131 bir se\u00e7imdir. Bu vinil plastik bant, kablolar\u0131 yal\u0131tmak ve kullan\u0131c\u0131lar\u0131 elektrik \u00e7arpmas\u0131ndan korumak i\u00e7in esneyerek ve herhangi bir \u015fekle uyum sa\u011flayarak her durum i\u00e7in m\u00fckemmel bir uyum sa\u011flar.<\/p>\n<p>\t\u00dcst\u00fcn yap\u0131\u015fma sa\u011flayabilen bu bant i\u00e7 mekan s\u0131n\u0131f\u0131na uygundur ve 55\u00b0ye kadar s\u0131cakl\u0131klara ve 300 V&#8217;a kadar elektrik ak\u0131mlar\u0131na dayanabilir.<\/p>\n<p>\tBirden fazla elektrik veya kablolama projesi i\u00e7in yeterli uzunluk<\/p>\n<p>\tKablo yal\u0131t\u0131m\u0131 i\u015fleri i\u00e7in iyi bir se\u00e7imdir. G\u00fcvenilir elektronik izolasyon sa\u011flar ve iki veya daha fazla devrenin veya biti\u015fik par\u00e7alar\u0131n\u0131n do\u011frudan elektrik ba\u011flant\u0131s\u0131 yapmamas\u0131n\u0131 sa\u011flar.<\/p>\n<p>\tGerilebilir ve kablolara ve kablolara uyum sa\u011flayabilir. Do\u011fal esnekli\u011fi, uzun \u00f6m\u00fcrl\u00fc yal\u0131t\u0131m i\u00e7in kablolar\u0131n etraf\u0131na s\u0131k\u0131ca sarman\u0131za olanak tan\u0131d\u0131\u011f\u0131ndan, elektrik band\u0131nda \u00f6nemli bir \u00f6zelliktir.<\/p>\n<p>\tAsitlere, alkalilere, kimyasallara ve ya\u011flara kar\u015f\u0131 dayan\u0131kl\u0131d\u0131r.<br \/>\tDETAYLI B\u0130LG\u0130 \u0130\u00c7\u0130N EK RES\u0130MLER\u0130 \u0130NCELEYEB\u0130L\u0130RS\u0130N\u0130Z.\t<\/p>\n","protected":false},"excerpt":{"rendered":"<p>Spesifikasyonlar : Renk : Resimdeki S\u0130YAH Renk birebir g\u00f6nderilir. Materyal : Viinil Plastic Adet : 10 \u00d6l\u00e7\u00fcler : 18 mm x 5,4 metre uzunluk NOT : Manuel \u00f6l\u00e7\u00fcm nedeniyle MM fark, ekran fark\u0131 nedeniyle, renk tonlar\u0131 %0,5 oran\u0131nda fark olabilir. L\u00fctfen anlay\u0131\u015f g\u00f6sterin GEN\u0130\u015e KULLANIM ALANI : Alet \u00e7antan\u0131z i\u00e7in \u00f6nemli bir ektir. \u0130ster profesyonel&#8230;<\/p>\n","protected":false},"featured_media":102438,"comment_status":"open","ping_status":"closed","template":"","meta":{"_kad_post_transparent":"","_kad_post_title":"","_kad_post_layout":"","_kad_post_sidebar_id":"","_kad_post_content_style":"","_kad_post_vertical_padding":"","_kad_post_feature":"","_kad_post_feature_position":"","_kad_post_header":false,"_kad_post_footer":false,"_kad_post_classname":""},"product_brand":[],"product_cat":[14329],"product_tag":[],"class_list":{"0":"post-102439","1":"product","2":"type-product","3":"status-publish","4":"has-post-thumbnail","6":"product_cat-hirdavat-urunleri-yapi-market-bahce-yapi-market-ev-yasam-tarafli-ve-yapistiricilar","8":"first","9":"instock","10":"purchasable","11":"product-type-simple","12":"entry","13":"content-bg","14":"loop-entry"},"_links":{"self":[{"href":"https:\/\/www.hediyepazar.com\/index.php?rest_route=\/wp\/v2\/product\/102439","targetHints":{"allow":["GET"]}}],"collection":[{"href":"https:\/\/www.hediyepazar.com\/index.php?rest_route=\/wp\/v2\/product"}],"about":[{"href":"https:\/\/www.hediyepazar.com\/index.php?rest_route=\/wp\/v2\/types\/product"}],"replies":[{"embeddable":true,"href":"https:\/\/www.hediyepazar.com\/index.php?rest_route=%2Fwp%2Fv2%2Fcomments&post=102439"}],"wp:featuredmedia":[{"embeddable":true,"href":"https:\/\/www.hediyepazar.com\/index.php?rest_route=\/wp\/v2\/media\/102438"}],"wp:attachment":[{"href":"https:\/\/www.hediyepazar.com\/index.php?rest_route=%2Fwp%2Fv2%2Fmedia&parent=102439"}],"wp:term":[{"taxonomy":"product_brand","embeddable":true,"href":"https:\/\/www.hediyepazar.com\/index.php?rest_route=%2Fwp%2Fv2%2Fproduct_brand&post=102439"},{"taxonomy":"product_cat","embeddable":true,"href":"https:\/\/www.hediyepazar.com\/index.php?rest_route=%2Fwp%2Fv2%2Fproduct_cat&post=102439"},{"taxonomy":"product_tag","embeddable":true,"href":"https:\/\/www.hediyepazar.com\/index.php?rest_route=%2Fwp%2Fv2%2Fproduct_tag&post=102439"}],"curies":[{"name":"wp","href":"https:\/\/api.w.org\/{rel}","templated":true}]}}