{"id":102440,"date":"2026-05-04T06:30:34","date_gmt":"2026-05-04T09:30:34","guid":{"rendered":"https:\/\/www.hediyepazar.com\/?product=turk-sac-boyama-perma-balyaj-sac-ayirici"},"modified":"2026-05-04T06:30:34","modified_gmt":"2026-05-04T09:30:34","slug":"turk-sac-boyama-perma-balyaj-sac-ayirici","status":"publish","type":"product","link":"https:\/\/www.hediyepazar.com\/?product=turk-sac-boyama-perma-balyaj-sac-ayirici","title":{"rendered":"Turk Sa\u00e7 Boyama Perma Balyaj Sa\u00e7 Ay\u0131r\u0131c\u0131"},"content":{"rendered":"<p>\n\t<strong>\u00dcr\u00fcn \u00d6zellikleri :\u00a0<\/strong><\/p>\n<p>\t<strong>Renk : <\/strong>Resimdeki S\u0130YAH Renk-Desen Kombinasyonu birebir g\u00f6nderilir.<\/p>\n<p>\t<strong>Materyal : abs plastik <\/strong><\/p>\n<p>\t<strong>\u00d6l\u00e7\u00fcler : <\/strong> &#8211; Ekran yan\u0131lmalar\u0131na kar\u015f\u0131 l\u00fctfen \u00f6l\u00e7\u00fcleri kar\u015f\u0131la\u015ft\u0131r\u0131n.<\/p>\n<p>\t<strong>GEN\u0130\u015e KULLANIM ALANI : Sa\u00e7 boyama, perma, balyaj vb i\u015flemler i\u00e7in hem ev hem de salonlar i\u00e7in uygundur. <\/strong><\/p>\n<p>\n\tHem ev hem de salon kullan\u0131m\u0131 i\u00e7in uygundur, ucundaki ay\u0131r\u0131c\u0131lar daha iyi, kolay ve kullan\u0131m\u0131 kolay boyamaya yard\u0131mc\u0131 olur, size g\u00fczel bir g\u00f6r\u00fcn\u00fcm verir Sa\u00e7 renginizi, evinizin rahatl\u0131\u011f\u0131nda, hi\u00e7 olmad\u0131\u011f\u0131 kadar az da\u011f\u0131n\u0131kl\u0131k ile profesyoneller gibi hassas bir \u015fekilde uygulay\u0131n.<\/p>\n<p>\t<strong>KULLANIMI KOLAY &#8211; <\/strong>Boyamak i\u00e7in sa\u011flam bir temel elde etmek i\u00e7in boyamak istedi\u011finiz sa\u00e7\u0131 aparat\u0131n \u00fczerine \u00e7ekin, renk veya a\u011fart\u0131c\u0131 uygulamak i\u00e7in sa\u00e7\u0131n bir b\u00f6l\u00fcm\u00fcn\u00fc d\u00fczeltin; sa\u011flam vurgulama aparat\u0131 ve k\u0131llar kapsamaya yard\u0131mc\u0131 olur ve f\u0131r\u00e7aya \u00e7ok fazla sa\u00e7 s\u0131k\u0131\u015fmaz, temizlenmesi kolayd\u0131r ve yeniden kullan\u0131labilir<\/p>\n<p>\n\t<strong>Ekran fark\u0131 nedeniyle, renk tonlar\u0131 %0,5 oran\u0131nda fark, Manuel \u00f6l\u00e7\u00fcm nedeniyle MM fark olabilir. anlay\u0131\u015f g\u00f6stermenizi rica ederiz. <\/strong><br \/>\n\t<strong>DETAYLI B\u0130LG\u0130 \u0130\u00c7\u0130N EK RES\u0130MLER\u0130 \u0130NCELEYEB\u0130L\u0130RS\u0130N\u0130Z. <\/strong><\/p>\n<p>\t<img decoding=\"async\"  src=\"https:\/\/hepsicdn.com.tr\/static\/product_detail\/hbnetf48039f8_4807501.webp\"><\/p>\n","protected":false},"excerpt":{"rendered":"<p>\u00dcr\u00fcn \u00d6zellikleri :\u00a0 Renk : Resimdeki S\u0130YAH Renk-Desen Kombinasyonu birebir g\u00f6nderilir. Materyal : abs plastik \u00d6l\u00e7\u00fcler : &#8211; Ekran yan\u0131lmalar\u0131na kar\u015f\u0131 l\u00fctfen \u00f6l\u00e7\u00fcleri kar\u015f\u0131la\u015ft\u0131r\u0131n. GEN\u0130\u015e KULLANIM ALANI : Sa\u00e7 boyama, perma, balyaj vb i\u015flemler i\u00e7in hem ev hem de salonlar i\u00e7in uygundur. Hem ev hem de salon kullan\u0131m\u0131 i\u00e7in uygundur, ucundaki ay\u0131r\u0131c\u0131lar daha iyi, kolay&#8230;<\/p>\n","protected":false},"featured_media":0,"comment_status":"open","ping_status":"closed","template":"","meta":{"_kad_post_transparent":"","_kad_post_title":"","_kad_post_layout":"","_kad_post_sidebar_id":"","_kad_post_content_style":"","_kad_post_vertical_padding":"","_kad_post_feature":"","_kad_post_feature_position":"","_kad_post_header":false,"_kad_post_footer":false,"_kad_post_classname":""},"product_brand":[],"product_cat":[7902],"product_tag":[],"class_list":{"0":"post-102440","1":"product","2":"type-product","3":"status-publish","5":"product_cat-sac-boyasi-sac-bakimi-kozmetik-sac-boyasi-sac-bakimi-kozmetik","7":"first","8":"instock","9":"purchasable","10":"product-type-simple","11":"entry","12":"content-bg","13":"loop-entry"},"_links":{"self":[{"href":"https:\/\/www.hediyepazar.com\/index.php?rest_route=\/wp\/v2\/product\/102440","targetHints":{"allow":["GET"]}}],"collection":[{"href":"https:\/\/www.hediyepazar.com\/index.php?rest_route=\/wp\/v2\/product"}],"about":[{"href":"https:\/\/www.hediyepazar.com\/index.php?rest_route=\/wp\/v2\/types\/product"}],"replies":[{"embeddable":true,"href":"https:\/\/www.hediyepazar.com\/index.php?rest_route=%2Fwp%2Fv2%2Fcomments&post=102440"}],"wp:attachment":[{"href":"https:\/\/www.hediyepazar.com\/index.php?rest_route=%2Fwp%2Fv2%2Fmedia&parent=102440"}],"wp:term":[{"taxonomy":"product_brand","embeddable":true,"href":"https:\/\/www.hediyepazar.com\/index.php?rest_route=%2Fwp%2Fv2%2Fproduct_brand&post=102440"},{"taxonomy":"product_cat","embeddable":true,"href":"https:\/\/www.hediyepazar.com\/index.php?rest_route=%2Fwp%2Fv2%2Fproduct_cat&post=102440"},{"taxonomy":"product_tag","embeddable":true,"href":"https:\/\/www.hediyepazar.com\/index.php?rest_route=%2Fwp%2Fv2%2Fproduct_tag&post=102440"}],"curies":[{"name":"wp","href":"https:\/\/api.w.org\/{rel}","templated":true}]}}