{"id":102445,"date":"2026-05-04T06:31:57","date_gmt":"2026-05-04T09:31:57","guid":{"rendered":"https:\/\/www.hediyepazar.com\/?product=turk-erkek-stil-taragi-karbon"},"modified":"2026-05-04T06:31:57","modified_gmt":"2026-05-04T09:31:57","slug":"turk-erkek-stil-taragi-karbon","status":"publish","type":"product","link":"https:\/\/www.hediyepazar.com\/?product=turk-erkek-stil-taragi-karbon","title":{"rendered":"Turk Erkek Stil Tara\u011f\u0131 Karbon"},"content":{"rendered":"<p>\n\t<strong>\u00dcr\u00fcn \u00d6zellikleri :\u00a0<\/strong><\/p>\n<p>\t<strong>Materyal :\u00a0\u00a0<\/strong>Karbon Plastik<\/p>\n<p>\t<strong>Adet \/ Renk \/ Tasar\u0131m : <\/strong> 1 Adet, HSNET\u00a0 olarak tasarlad\u0131\u011f\u0131m\u0131z, resimde yer alan S\u0130YAH engi, s\u00fcrpriz ya\u015famaman\u0131z i\u00e7in birebir g\u00f6nderiyoruz<\/p>\n<p>\t<strong>\u00d6l\u00e7\u00fcler : <\/strong> 18 cm x 4,5 cm<\/p>\n<p><\/p>\n<p>\n\t<strong style=\"color: rgb(0, 128, 0);\">GEN\u0130\u015e KULLANIM ALANI : Uzun veya k\u0131sa, \u0131slak veya kuru, kal\u0131n veya ince, d\u00fcz veya k\u0131v\u0131rc\u0131k i\u00e7in uygundur.\u00a0\u00a0<\/strong><\/p>\n<p>\n\t<strong>\u00d6NE \u00c7IKAN \u00d6ZELL\u0130K : SA\u00c7 DER\u0130N\u0130ZE MASAJ YAPIN : Sa\u00e7 derinize g\u00fcvenli bir \u015fekilde masaj yapabilir ve sa\u00e7 derinizi canland\u0131rabilir, \u00f6l\u00fc deri h\u00fccrelerini temizleyebilir, stresi azaltabilir ve kaslar\u0131 gev\u015fetebilir, kan ak\u0131\u015f\u0131n\u0131 te\u015fvik edebilir, sa\u00e7 d\u00f6k\u00fclmesini dindirebilir, kafa derisi sa\u011fl\u0131\u011f\u0131n\u0131 ve sa\u00e7 b\u00fcy\u00fcmesini te\u015fvik ederek kendinizi rahat ve rahat hissetmenizi sa\u011flar.<\/strong><\/p>\n<p>\n\t<strong>T\u00dcM AMA\u00c7LAR \u0130\u00c7\u0130N TEK SA\u00c7 FIR\u00c7ASI: <\/strong>Kal\u0131n ah\u015fap sap h\u0131zl\u0131 ve kolay \u015fekillendirmeyi destekler. Islak sa\u00e7lar\u0131, kuru sa\u00e7lar\u0131 \u015fekillendirmek i\u00e7in tasarlanm\u0131\u015ft\u0131r.<\/p>\n<p>\n\t<strong>G\u00dc\u00c7L\u00dc &#038; BA\u011eIMSIZ: <\/strong>Y\u00f6netilebilirli\u011fi art\u0131rmak i\u00e7in sa\u011flam KARBON plastik pinler .Sa\u00e7lar\u0131 g\u00fczel bir hacim art\u0131\u015f\u0131 sa\u011flamak i\u00e7in f\u00f6nle \u00e7ekerken yava\u015f\u00e7a yukar\u0131 do\u011fru \u00e7ekin ve k\u0131v\u0131r\u0131n.<\/p>\n<p>\n\t<strong>+ KISA SA\u00c7 \u0130\u00c7\u0130N: <\/strong>K\u0131sa sa\u00e7lar\u0131 veya ince sa\u00e7lar\u0131 \u015fekillendirmek i\u00e7in do\u011fru boyut ve kal\u0131nl\u0131k.<\/p>\n<p>\n\t<strong>DAYANIKLI VE RAHAT KULLANIM : <\/strong>Profesyonel salon seviyesinde kabar\u0131k veya uysal bir doku sa\u00e7 stili yarat\u0131rs\u0131n\u0131z<\/p>\n<p>\t<strong>SA\u00c7 DER\u0130N\u0130ZE MASAJ YAPIN :<\/strong> Sa\u00e7 derinize g\u00fcvenli bir \u015fekilde masaj yapabilir ve sa\u00e7 derinizi canland\u0131rabilir, \u00f6l\u00fc deri h\u00fccrelerini temizleyebilir, stresi azaltabilir ve kaslar\u0131 gev\u015fetebilir, kan ak\u0131\u015f\u0131n\u0131 te\u015fvik edebilir, sa\u00e7 d\u00f6k\u00fclmesini dindirebilir, kafa derisi sa\u011fl\u0131\u011f\u0131n\u0131 ve sa\u00e7 b\u00fcy\u00fcmesini te\u015fvik ederek kendinizi rahat ve rahat hissetmenizi sa\u011flar.<br \/>\n\t\u00a0<\/p>\n<p>\n\t<strong>M\u00dcKEMMEL SATI\u015e SONRASI H\u0130ZMET : <\/strong>HSNET \/ HSNET olarak m\u00fc\u015fterilerimize en iyi hizmeti sunmay\u0131 ama\u00e7l\u0131yor, g\u00fcvenle sat\u0131n alabilmeniz i\u00e7in, ambalaj kalitemize g\u00fcveniyor, her \u00fcr\u00fcn sorunsuz teslimat i\u00e7in \u00f6zenle paketliyor ve resimde belirtilen renk, ebat, \u00f6zelikte \u00fcr\u00fcn g\u00f6ndermeyi taahh\u00fct ediyoruz. Hasarl\u0131 \u00fcr\u00fcn ald\u0131ysan\u0131z veya di\u011fer \u00fcr\u00fcn ve paket teslimat sorunlar\u0131 oldu\u011funda bizimle ileti\u015fime ge\u00e7mekten \u00e7ekinmeyin.<\/p>\n<p><strong>M\u00dcKEMMEL SATI\u015e SONRASI H\u0130ZMET : <\/strong>HSNET \/ HSNET olarak m\u00fc\u015fterilerimize en iyi hizmeti sunmay\u0131 ama\u00e7l\u0131yor, g\u00fcvenle sat\u0131n alabilmeniz i\u00e7in, ambalaj kalitemize g\u00fcveniyor, her \u00fcr\u00fcn sorunsuz teslimat i\u00e7in \u00f6zenle paketliyor ve resimde belirtilen renk, ebat, \u00f6zelikte \u00fcr\u00fcn g\u00f6ndermeyi taahh\u00fct ediyoruz. Hasarl\u0131 \u00fcr\u00fcn ald\u0131ysan\u0131z veya di\u011fer \u00fcr\u00fcn ve paket teslimat sorunlar\u0131 oldu\u011funda bizimle ileti\u015fime ge\u00e7mekten \u00e7ekinmeyin.<\/p>\n<p><strong>Detayl\u0131 bilgi i\u00e7in ek resimleri inceleyebilirsiniz<\/p>\n<p> <img decoding=\"async\"  src=\"https:\/\/hepsicdn.com.tr\/static\/product_detail\/hbneta8f4b8c1_4807801.jpg\"><\/strong><\/strong><\/p>\n","protected":false},"excerpt":{"rendered":"<p>\u00dcr\u00fcn \u00d6zellikleri :\u00a0 Materyal :\u00a0\u00a0Karbon Plastik Adet \/ Renk \/ Tasar\u0131m : 1 Adet, HSNET\u00a0 olarak tasarlad\u0131\u011f\u0131m\u0131z, resimde yer alan S\u0130YAH engi, s\u00fcrpriz ya\u015famaman\u0131z i\u00e7in birebir g\u00f6nderiyoruz \u00d6l\u00e7\u00fcler : 18 cm x 4,5 cm GEN\u0130\u015e KULLANIM ALANI : Uzun veya k\u0131sa, \u0131slak veya kuru, kal\u0131n veya ince, d\u00fcz veya k\u0131v\u0131rc\u0131k i\u00e7in uygundur.\u00a0\u00a0 \u00d6NE \u00c7IKAN \u00d6ZELL\u0130K&#8230;<\/p>\n","protected":false},"featured_media":102444,"comment_status":"open","ping_status":"closed","template":"","meta":{"_kad_post_transparent":"","_kad_post_title":"","_kad_post_layout":"","_kad_post_sidebar_id":"","_kad_post_content_style":"","_kad_post_vertical_padding":"","_kad_post_feature":"","_kad_post_feature_position":"","_kad_post_header":false,"_kad_post_footer":false,"_kad_post_classname":""},"product_brand":[],"product_cat":[14302],"product_tag":[],"class_list":{"0":"post-102445","1":"product","2":"type-product","3":"status-publish","4":"has-post-thumbnail","6":"product_cat-sac-fircasi-ve-tarak-sac-bakimi-kozmetik-sac-fircasi-ve-tarak-sac-bakimi-kozmetik","8":"first","9":"instock","10":"purchasable","11":"product-type-simple","12":"entry","13":"content-bg","14":"loop-entry"},"_links":{"self":[{"href":"https:\/\/www.hediyepazar.com\/index.php?rest_route=\/wp\/v2\/product\/102445","targetHints":{"allow":["GET"]}}],"collection":[{"href":"https:\/\/www.hediyepazar.com\/index.php?rest_route=\/wp\/v2\/product"}],"about":[{"href":"https:\/\/www.hediyepazar.com\/index.php?rest_route=\/wp\/v2\/types\/product"}],"replies":[{"embeddable":true,"href":"https:\/\/www.hediyepazar.com\/index.php?rest_route=%2Fwp%2Fv2%2Fcomments&post=102445"}],"wp:featuredmedia":[{"embeddable":true,"href":"https:\/\/www.hediyepazar.com\/index.php?rest_route=\/wp\/v2\/media\/102444"}],"wp:attachment":[{"href":"https:\/\/www.hediyepazar.com\/index.php?rest_route=%2Fwp%2Fv2%2Fmedia&parent=102445"}],"wp:term":[{"taxonomy":"product_brand","embeddable":true,"href":"https:\/\/www.hediyepazar.com\/index.php?rest_route=%2Fwp%2Fv2%2Fproduct_brand&post=102445"},{"taxonomy":"product_cat","embeddable":true,"href":"https:\/\/www.hediyepazar.com\/index.php?rest_route=%2Fwp%2Fv2%2Fproduct_cat&post=102445"},{"taxonomy":"product_tag","embeddable":true,"href":"https:\/\/www.hediyepazar.com\/index.php?rest_route=%2Fwp%2Fv2%2Fproduct_tag&post=102445"}],"curies":[{"name":"wp","href":"https:\/\/api.w.org\/{rel}","templated":true}]}}