{"id":102450,"date":"2026-05-04T06:33:20","date_gmt":"2026-05-04T09:33:20","guid":{"rendered":"https:\/\/www.hediyepazar.com\/?product=turk-50-adet-sac-kesimi-dus-makyaj-yuz-koruma-siperligi"},"modified":"2026-05-04T06:33:20","modified_gmt":"2026-05-04T09:33:20","slug":"turk-50-adet-sac-kesimi-dus-makyaj-yuz-koruma-siperligi","status":"publish","type":"product","link":"https:\/\/www.hediyepazar.com\/?product=turk-50-adet-sac-kesimi-dus-makyaj-yuz-koruma-siperligi","title":{"rendered":"Turk 50 Adet Sa\u00e7 Kesimi Du\u015f Makyaj Y\u00fcz Koruma Siperli\u011fi"},"content":{"rendered":"<p>\t<strong>\u00dcr\u00fcn \u00d6zellikleri :\u00a0<\/strong><\/p>\n<p>\t<strong>Renk : <\/strong>Resimdeki\u00a0 \u015feffaf Renk- Kombinasyonu birebir g\u00f6nderilir.\u00a0\u00a0<\/p>\n<p>\t<strong>Materyal : PET\u00a0<\/strong><\/p>\n<p>\t<strong>Ne alacaks\u0131n\u0131z ? : 50 Adet\u00a0<\/strong><\/p>\n<p>\t<strong>\u00d6l\u00e7\u00fcler :\u00a0 20 x 9 cm\u00a0<\/strong>&#8211; Ekran yan\u0131lmalar\u0131na kar\u015f\u0131 l\u00fctfen \u00f6l\u00e7\u00fcleri kar\u015f\u0131la\u015ft\u0131r\u0131n.<\/p>\n<p>\t<strong>GEN\u0130\u015e KULLANIM ALANI : Erkek ve Bayan kuaf\u00f6rleri, ev kullan\u0131mlar\u0131nda ; Yeti\u015fkin ve \u00e7ocuk t\u0131ra\u015flar\u0131n, Sa\u00e7 keserken, sa\u00e7 spreyi, du\u015f al\u0131rken, kal\u0131c\u0131 makyaj yaparken, microblading, kirpik uzatma, Perma, s\u0131cak sa\u00e7 boyas\u0131, \u00e7ama\u015f\u0131r suyu gibi kimyasal i\u015flemler s\u0131ras\u0131nda g\u00f6zler, ka\u015flar, a\u011f\u0131z, burun ve y\u00fcz i\u00e7in etkili y\u00fcz korumas\u0131. vb. s\u0131ras\u0131nda y\u00fcz\u00fcn\u00fcz\u00fc ve g\u00f6zlerinizi koruman\u0131z i\u00e7in iyi bir \u00e7\u00f6z\u00fcmd\u00fcr. <\/strong><\/p>\n<p>\tBu \u015feffaf y\u00fcz siperli\u011fi herkes i\u00e7in kullan\u0131labilir. D\u0131\u015f mekandaki tozu engellemek, du\u015f al\u0131rken suyu \u00f6nlemek, hatta kuaf\u00f6r salonu s\u0131ras\u0131nda g\u00f6zlerinizi korumak vb. i\u00e7in koruyucu bir viz\u00f6r olarak kullan\u0131labilir.<\/p>\n<p>\t<strong>KAL\u0130TE MALZEME:<\/strong> \u0130nce \u015feffaf PET \u00e7evre dostu malzeme. Net ve hafif, g\u00f6r\u00fc\u015f\u00fcn\u00fcz\u00fc engellemez.<\/p>\n<p>\t<strong>KULLANIMI KOLAY:<\/strong> Sadece aln\u0131 temizleyin, siperi y\u00fcze, ka\u015flar\u0131n hemen \u00fcst\u00fcne yap\u0131\u015ft\u0131r\u0131n ve y\u00fcz\u00fcn\u00fczden \u00e7\u0131kar\u0131n ve bitti\u011finde at\u0131n. Hem yeti\u015fkinler hem de \u00e7ocuklar i\u00e7in ayarlanabilir.<\/p>\n<p>\tM\u00fc\u015fterilerinizin y\u00fczleri \u0131slanmaya kar\u015f\u0131 korunaca\u011f\u0131ndan, y\u00fczlerini havluyla temizlemek gibi ekstra i\u015fler yok. Makyaj salonunuz art\u0131k hi\u00e7bir hizmetten etkilenmeyecek. Art\u0131k makyaj\u0131n\u0131z i\u00e7in endi\u015felenmenize gerek yok<\/p>\n<p>\tHem profesyonel hem de ki\u015fisel kullan\u0131m i\u00e7in uygundur. &#8211; Sadece sa\u00e7 kesimi, makyaj, microblading, kirpik uzatma prosed\u00fcrleri i\u00e7in profesyonel salon stilistleri i\u00e7in de\u011fil, ayn\u0131 zamanda sa\u00e7 spreyi, patlama, s\u0131cak sa\u00e7 rengi kullanmak gibi g\u00fcnl\u00fck kullan\u0131m i\u00e7in de harika, burada Du\u015fta de\u011filseniz.<\/p>\n<p>\t<strong>Ekran fark\u0131 nedeniyle, renk tonlar\u0131 %0,5 oran\u0131nda fark, Manuel \u00f6l\u00e7\u00fcm nedeniyle MM fark olabilir. anlay\u0131\u015f g\u00f6stermenizi rica ederiz.<\/p>\n<p>\t<strong>DETAYLI B\u0130LG\u0130 \u0130\u00c7\u0130N EK RES\u0130MLER\u0130 \u0130NCELEYEB\u0130L\u0130RS\u0130N\u0130Z.<\/p>\n<p>\t<img decoding=\"async\"  src=\"https:\/\/hepsicdn.com.tr\/static\/product_detail\/hbnete2665115_4808101.jpg\"> <\/strong><\/strong><\/p>\n","protected":false},"excerpt":{"rendered":"<p>\u00dcr\u00fcn \u00d6zellikleri :\u00a0 Renk : Resimdeki\u00a0 \u015feffaf Renk- Kombinasyonu birebir g\u00f6nderilir.\u00a0\u00a0 Materyal : PET\u00a0 Ne alacaks\u0131n\u0131z ? : 50 Adet\u00a0 \u00d6l\u00e7\u00fcler :\u00a0 20 x 9 cm\u00a0&#8211; Ekran yan\u0131lmalar\u0131na kar\u015f\u0131 l\u00fctfen \u00f6l\u00e7\u00fcleri kar\u015f\u0131la\u015ft\u0131r\u0131n. GEN\u0130\u015e KULLANIM ALANI : Erkek ve Bayan kuaf\u00f6rleri, ev kullan\u0131mlar\u0131nda ; Yeti\u015fkin ve \u00e7ocuk t\u0131ra\u015flar\u0131n, Sa\u00e7 keserken, sa\u00e7 spreyi, du\u015f al\u0131rken, kal\u0131c\u0131 makyaj&#8230;<\/p>\n","protected":false},"featured_media":0,"comment_status":"open","ping_status":"closed","template":"","meta":{"_kad_post_transparent":"","_kad_post_title":"","_kad_post_layout":"","_kad_post_sidebar_id":"","_kad_post_content_style":"","_kad_post_vertical_padding":"","_kad_post_feature":"","_kad_post_feature_position":"","_kad_post_header":false,"_kad_post_footer":false,"_kad_post_classname":""},"product_brand":[],"product_cat":[7902],"product_tag":[],"class_list":{"0":"post-102450","1":"product","2":"type-product","3":"status-publish","5":"product_cat-sac-boyasi-sac-bakimi-kozmetik-sac-boyasi-sac-bakimi-kozmetik","7":"first","8":"instock","9":"purchasable","10":"product-type-simple","11":"entry","12":"content-bg","13":"loop-entry"},"_links":{"self":[{"href":"https:\/\/www.hediyepazar.com\/index.php?rest_route=\/wp\/v2\/product\/102450","targetHints":{"allow":["GET"]}}],"collection":[{"href":"https:\/\/www.hediyepazar.com\/index.php?rest_route=\/wp\/v2\/product"}],"about":[{"href":"https:\/\/www.hediyepazar.com\/index.php?rest_route=\/wp\/v2\/types\/product"}],"replies":[{"embeddable":true,"href":"https:\/\/www.hediyepazar.com\/index.php?rest_route=%2Fwp%2Fv2%2Fcomments&post=102450"}],"wp:attachment":[{"href":"https:\/\/www.hediyepazar.com\/index.php?rest_route=%2Fwp%2Fv2%2Fmedia&parent=102450"}],"wp:term":[{"taxonomy":"product_brand","embeddable":true,"href":"https:\/\/www.hediyepazar.com\/index.php?rest_route=%2Fwp%2Fv2%2Fproduct_brand&post=102450"},{"taxonomy":"product_cat","embeddable":true,"href":"https:\/\/www.hediyepazar.com\/index.php?rest_route=%2Fwp%2Fv2%2Fproduct_cat&post=102450"},{"taxonomy":"product_tag","embeddable":true,"href":"https:\/\/www.hediyepazar.com\/index.php?rest_route=%2Fwp%2Fv2%2Fproduct_tag&post=102450"}],"curies":[{"name":"wp","href":"https:\/\/api.w.org\/{rel}","templated":true}]}}