{"id":102452,"date":"2026-05-04T06:33:58","date_gmt":"2026-05-04T09:33:58","guid":{"rendered":"https:\/\/www.hediyepazar.com\/?product=turk-6-li-elektronik-gozluk-tamir-tornavida-seti-2"},"modified":"2026-05-04T06:33:58","modified_gmt":"2026-05-04T09:33:58","slug":"turk-6-li-elektronik-gozluk-tamir-tornavida-seti-2","status":"publish","type":"product","link":"https:\/\/www.hediyepazar.com\/?product=turk-6-li-elektronik-gozluk-tamir-tornavida-seti-2","title":{"rendered":"Turk 6 l\u0131 &#8211; + Elektronik G\u00f6zl\u00fck Tamir Tornavida Seti"},"content":{"rendered":"<p>\t<span style=\"color:#ff0000;\"><strong>Spesifikasyonlar : <\/strong><\/span><\/p>\n<p>\t<span style=\"color:#ff0000;\"><strong>Materyal : <\/strong><\/span><\/p>\n<p>\t<span style=\"color:#ff0000;\"><strong>Adet : 6 MODEL <\/strong><\/span><\/p>\n<p>\t<span style=\"color:#ff0000;\"><strong>\u00d6l\u00e7\u00fcler : 12 cm <\/strong><\/span><\/p>\n<p>\t2 + u\u00e7lu 2.4 mm ve 3 mm , 4 &#8211; u\u00e7lu 1.2 mm, 1.8 mm, 2.4 mm, 3 mm den olu\u015fan elektronik, g\u00f6zl\u00fck, telefon, saat vb tamir i\u015flerinde m\u00fckemmel tornavida setidir.<\/p>\n","protected":false},"excerpt":{"rendered":"<p>Spesifikasyonlar : Materyal : Adet : 6 MODEL \u00d6l\u00e7\u00fcler : 12 cm 2 + u\u00e7lu 2.4 mm ve 3 mm , 4 &#8211; u\u00e7lu 1.2 mm, 1.8 mm, 2.4 mm, 3 mm den olu\u015fan elektronik, g\u00f6zl\u00fck, telefon, saat vb tamir i\u015flerinde m\u00fckemmel tornavida setidir.<\/p>\n","protected":false},"featured_media":102451,"comment_status":"open","ping_status":"closed","template":"","meta":{"_kad_post_transparent":"","_kad_post_title":"","_kad_post_layout":"","_kad_post_sidebar_id":"","_kad_post_content_style":"","_kad_post_vertical_padding":"","_kad_post_feature":"","_kad_post_feature_position":"","_kad_post_header":false,"_kad_post_footer":false,"_kad_post_classname":""},"product_brand":[],"product_cat":[14193],"product_tag":[],"class_list":{"0":"post-102452","1":"product","2":"type-product","3":"status-publish","4":"has-post-thumbnail","6":"product_cat-hirdavat-urunleri-yapi-market-bahce-yapi-market-ev-yasam-tornavidalar","8":"first","9":"instock","10":"purchasable","11":"product-type-simple","12":"entry","13":"content-bg","14":"loop-entry"},"_links":{"self":[{"href":"https:\/\/www.hediyepazar.com\/index.php?rest_route=\/wp\/v2\/product\/102452","targetHints":{"allow":["GET"]}}],"collection":[{"href":"https:\/\/www.hediyepazar.com\/index.php?rest_route=\/wp\/v2\/product"}],"about":[{"href":"https:\/\/www.hediyepazar.com\/index.php?rest_route=\/wp\/v2\/types\/product"}],"replies":[{"embeddable":true,"href":"https:\/\/www.hediyepazar.com\/index.php?rest_route=%2Fwp%2Fv2%2Fcomments&post=102452"}],"wp:featuredmedia":[{"embeddable":true,"href":"https:\/\/www.hediyepazar.com\/index.php?rest_route=\/wp\/v2\/media\/102451"}],"wp:attachment":[{"href":"https:\/\/www.hediyepazar.com\/index.php?rest_route=%2Fwp%2Fv2%2Fmedia&parent=102452"}],"wp:term":[{"taxonomy":"product_brand","embeddable":true,"href":"https:\/\/www.hediyepazar.com\/index.php?rest_route=%2Fwp%2Fv2%2Fproduct_brand&post=102452"},{"taxonomy":"product_cat","embeddable":true,"href":"https:\/\/www.hediyepazar.com\/index.php?rest_route=%2Fwp%2Fv2%2Fproduct_cat&post=102452"},{"taxonomy":"product_tag","embeddable":true,"href":"https:\/\/www.hediyepazar.com\/index.php?rest_route=%2Fwp%2Fv2%2Fproduct_tag&post=102452"}],"curies":[{"name":"wp","href":"https:\/\/api.w.org\/{rel}","templated":true}]}}