{"id":102457,"date":"2026-05-04T06:38:16","date_gmt":"2026-05-04T09:38:16","guid":{"rendered":"https:\/\/www.hediyepazar.com\/?product=turk-duvara-monte-malzeme-askili-hortum-ve-kablo-askisi"},"modified":"2026-05-04T06:38:16","modified_gmt":"2026-05-04T09:38:16","slug":"turk-duvara-monte-malzeme-askili-hortum-ve-kablo-askisi","status":"publish","type":"product","link":"https:\/\/www.hediyepazar.com\/?product=turk-duvara-monte-malzeme-askili-hortum-ve-kablo-askisi","title":{"rendered":"Turk Duvara Monte Malzeme Ask\u0131l\u0131 Hortum ve Kablo Ask\u0131s\u0131"},"content":{"rendered":"<p>\n\t<span style=\"color:#ff0000;\"><strong>Spesifikasyonlar : <\/strong><\/span><\/p>\n<p>\n\t<span style=\"color:#008000;\"><strong>Renk : Resimdeki Renk-Desen Kombinasyonu birebir g\u00f6nderilir. DETAY RES\u0130MLERDEK\u0130 RENKLER \u00d6RNEKT\u0130R.<\/strong><\/span><\/p>\n<p>\n\t<span style=\"color:#ff0000;\"><strong>Materyal : y\u00fcksek kaliteli PP yap\u0131lm\u0131\u015f, sa\u011flam ve dayan\u0131kl\u0131. <\/strong><\/span><\/p>\n<p>\n\t<span style=\"color:#ff0000;\"><strong>Adet : 1 <\/strong><\/span><\/p>\n<p>\n\t<span style=\"color:#ff0000;\"><strong>\u00d6l\u00e7\u00fcler : G 22.8 Y 13.2 D 16.4 CM &#8211; Ekran yan\u0131lmalar\u0131na kar\u015f\u0131 l\u00fctfen \u00f6l\u00e7\u00fcleri kar\u015f\u0131la\u015ft\u0131r\u0131n. <\/strong><\/span><\/p>\n<p>\n\t<span style=\"color:#ff0000;\"><strong>NOT : Manuel \u00f6l\u00e7\u00fcm nedeniyle MM fark, ekran fark\u0131 nedeniyle, renk tonlar\u0131 %0,5 oran\u0131nda fark olabilir. L\u00fctfen anlay\u0131\u015f g\u00f6sterin<\/strong><\/span><\/p>\n<p>\n\t<span style=\"color:#ff0000;\"><strong>GEN\u0130\u015e KULLANIM ALANI :\u00a0<\/strong><\/span>Hortum, kablo vb as\u0131labilir<\/p>\n<p>\n\t<strong style=\"color: rgb(255, 0, 0);\">\u00d6NE \u00c7IKAN \u00d6ZELL\u0130K : <\/strong><strong style=\"color: rgb(255, 0, 0);\"><span style=\"color:#000000;\">Kenarlar\u0131nda bulunan mini ge\u00e7meli ask\u0131lara, hortum tabnacas\u0131, adapt\u00f6r, ve konnekt\u00f6rler as\u0131larak saklanabilir.<\/span><\/strong><\/p>\n<p>\n\tDuvara monte depolama raf\u0131 yerden tasarruf sa\u011flar.<br \/>\n\t\u00c7o\u011fu hortum boyutlar\u0131 i\u00e7in uygundur, endi\u015felenmeyin.<br \/>\n\t50 METRE \/ 30 KG&#8217;A\u00a0 kadar hortumlar, kablolar, vb i\u00e7in uygundur.<\/p>\n<p>\tPlastik malzemeden yap\u0131lm\u0131\u015f, dayan\u0131kl\u0131 ve uzun s\u00fcre kullanmak i\u00e7in tasarlanm\u0131\u015ft\u0131r. Plastik kal\u0131nl\u0131k, g\u00fc\u00e7l\u00fc ve bas\u0131nca dayan\u0131kl\u0131 olan 2.5 mm&#8217;dir.<\/p>\n<p>\tErgonomik tasar\u0131m, metal ask\u0131lara g\u00f6re daha hafif, ta\u015f\u0131mas\u0131 daha kolay ve saklamak i\u00e7in daha uygundur. Duvara monte edilebilir tasar\u0131m, hortumu d\u00fczg\u00fcn ve tek bir yerde sabit tutar.<\/p>\n<p>\tSu hortumu tutucu sert s\u0131cakl\u0131klara ve uzun kullan\u0131m zamanlar\u0131na dayanabilir.<\/p>\n<p>\t<strong>ETK\u0130L\u0130 : <\/strong>bu su hortumu ask\u0131s\u0131 hortumunuzu iyi tutar ve k\u0131vr\u0131mlar\u0131, k\u0131vr\u0131mlar\u0131 ve kar\u0131\u015f\u0131kl\u0131klar\u0131 ortadan kald\u0131r\u0131r ve hortum \u00f6mr\u00fcn\u00fc uzat\u0131r.<\/p>\n<p>\t<strong>SA\u011eLAM VE DAYANIKLI B<\/strong>ah\u00e7e hortumu raf \u00e7ok fazla a\u011f\u0131rl\u0131\u011fa dayanabilir, bu y\u00fczden d\u00fc\u015fme konusunda endi\u015felenmeyin.<\/p>\n<p><\/p>\n<p>\n\tDETAYLI B\u0130LG\u0130 \u0130\u00c7\u0130N EK RES\u0130MLER\u0130 \u0130NCELEYEB\u0130L\u0130RS\u0130N\u0130Z.<br \/>\n\t<img decoding=\"async\"  src=\"https:\/\/hepsicdn.com.tr\/static\/product_detail\/hbnete0bb9432_4809201.jpg\"><\/p>\n","protected":false},"excerpt":{"rendered":"<p>Spesifikasyonlar : Renk : Resimdeki Renk-Desen Kombinasyonu birebir g\u00f6nderilir. DETAY RES\u0130MLERDEK\u0130 RENKLER \u00d6RNEKT\u0130R. Materyal : y\u00fcksek kaliteli PP yap\u0131lm\u0131\u015f, sa\u011flam ve dayan\u0131kl\u0131. Adet : 1 \u00d6l\u00e7\u00fcler : G 22.8 Y 13.2 D 16.4 CM &#8211; Ekran yan\u0131lmalar\u0131na kar\u015f\u0131 l\u00fctfen \u00f6l\u00e7\u00fcleri kar\u015f\u0131la\u015ft\u0131r\u0131n. NOT : Manuel \u00f6l\u00e7\u00fcm nedeniyle MM fark, ekran fark\u0131 nedeniyle, renk tonlar\u0131 %0,5 oran\u0131nda&#8230;<\/p>\n","protected":false},"featured_media":102456,"comment_status":"open","ping_status":"closed","template":"","meta":{"_kad_post_transparent":"","_kad_post_title":"","_kad_post_layout":"","_kad_post_sidebar_id":"","_kad_post_content_style":"","_kad_post_vertical_padding":"","_kad_post_feature":"","_kad_post_feature_position":"","_kad_post_header":false,"_kad_post_footer":false,"_kad_post_classname":""},"product_brand":[],"product_cat":[14404],"product_tag":[],"class_list":{"0":"post-102457","1":"product","2":"type-product","3":"status-publish","4":"has-post-thumbnail","6":"product_cat-hirdavat-urunleri-yapi-market-bahce-yapi-market-ev-yasam-hortum-ve-toplama-urunleri","8":"first","9":"instock","10":"purchasable","11":"product-type-simple","12":"entry","13":"content-bg","14":"loop-entry"},"_links":{"self":[{"href":"https:\/\/www.hediyepazar.com\/index.php?rest_route=\/wp\/v2\/product\/102457","targetHints":{"allow":["GET"]}}],"collection":[{"href":"https:\/\/www.hediyepazar.com\/index.php?rest_route=\/wp\/v2\/product"}],"about":[{"href":"https:\/\/www.hediyepazar.com\/index.php?rest_route=\/wp\/v2\/types\/product"}],"replies":[{"embeddable":true,"href":"https:\/\/www.hediyepazar.com\/index.php?rest_route=%2Fwp%2Fv2%2Fcomments&post=102457"}],"wp:featuredmedia":[{"embeddable":true,"href":"https:\/\/www.hediyepazar.com\/index.php?rest_route=\/wp\/v2\/media\/102456"}],"wp:attachment":[{"href":"https:\/\/www.hediyepazar.com\/index.php?rest_route=%2Fwp%2Fv2%2Fmedia&parent=102457"}],"wp:term":[{"taxonomy":"product_brand","embeddable":true,"href":"https:\/\/www.hediyepazar.com\/index.php?rest_route=%2Fwp%2Fv2%2Fproduct_brand&post=102457"},{"taxonomy":"product_cat","embeddable":true,"href":"https:\/\/www.hediyepazar.com\/index.php?rest_route=%2Fwp%2Fv2%2Fproduct_cat&post=102457"},{"taxonomy":"product_tag","embeddable":true,"href":"https:\/\/www.hediyepazar.com\/index.php?rest_route=%2Fwp%2Fv2%2Fproduct_tag&post=102457"}],"curies":[{"name":"wp","href":"https:\/\/api.w.org\/{rel}","templated":true}]}}