{"id":102459,"date":"2026-05-04T06:38:57","date_gmt":"2026-05-04T09:38:57","guid":{"rendered":"https:\/\/www.hediyepazar.com\/?product=turk-baston-yurutec-degnek-treking-ucu-1-75-cm-cap"},"modified":"2026-05-04T06:38:57","modified_gmt":"2026-05-04T09:38:57","slug":"turk-baston-yurutec-degnek-treking-ucu-1-75-cm-cap","status":"publish","type":"product","link":"https:\/\/www.hediyepazar.com\/?product=turk-baston-yurutec-degnek-treking-ucu-1-75-cm-cap","title":{"rendered":"Turk Baston Y\u00fcr\u00fcte\u00e7 De\u011fnek Treking Ucu 1.75 Cm \u00c7ap"},"content":{"rendered":"<p>\n\t<span style=\"color:#ff0000;\"><strong>Spesifikasyonlar : <\/strong><\/span><\/p>\n<p><span style=\"color:#008000;\"><strong>Renk : Resimdeki Renk  birebir g\u00f6nderilir. DETAY RES\u0130MLERDEK\u0130 RENKLER\/TASARIMLAR \u00d6RNEKT\u0130R.<\/strong><\/span><\/p>\n<p>\n\t<span style=\"color:#ff0000;\"><strong>Materyal : Kau\u00e7uk<\/strong><\/span><\/p>\n<p>\n\t<span style=\"color:#ff0000;\"><strong>Adet : 2 <\/strong><\/span><\/p>\n<p>\n\t<span style=\"color:#ff0000;\"><strong>\u00d6l\u00e7\u00fcler : y\u00fckseklik 3.4 cm x Taban \u00e7ap\u0131 2.5 cm Giri\u00e7 \u00e7ap\u0131 geni\u015fli\u011fi 1.7 cm &#8211; Ekran yan\u0131lmalar\u0131na kar\u015f\u0131 l\u00fctfen \u00f6l\u00e7\u00fcleri kar\u015f\u0131la\u015ft\u0131r\u0131n. <\/strong><\/span><\/p>\n<p>\n\t<span style=\"color:#ff0000;\"><strong>NOT : Manuel \u00f6l\u00e7\u00fcm nedeniyle MM fark, ekran fark\u0131 nedeniyle, renk tonlar\u0131 %0,5 oran\u0131nda fark olabilir. L\u00fctfen anlay\u0131\u015f g\u00f6sterin<\/strong><\/span><\/p>\n<p>\n\t<span style=\"color:#ff0000;\"><strong>GEN\u0130\u015e KULLANIM ALANI : <\/strong><\/span><\/p>\n<p><\/p>\n<p>\n\tBaston kullananlar, Y\u00fcr\u00fcte\u00e7 kullananlar, koltuk de\u011fne\u011fi kullananlar, treking tutkunlar\u0131<br \/>\n\tG\u00fcvenilir y\u00fcr\u00fcy\u00fc\u015f arkada\u015f\u0131n\u0131z\u0131 riske atmay\u0131n!<br \/>\n\tBaston U\u00e7lar \u00e7ok fazla a\u015f\u0131nma ve y\u0131pranma al\u0131r ve g\u00fcvenle hareket etmenizi sa\u011flamak i\u00e7in de\u011fi\u015ftirilmeleri gerekir.<br \/>\n\tbastonunuzu veya sandalye y\u00fcr\u00fcte\u00e7inizi g\u00fcvende tuttu\u011funuzdan emin olabilirsiniz.<br \/>\n\tEn p\u00fcr\u00fczs\u00fcz zeminleri bile g\u00fcvenli bir \u015fekilde kavrar! Bir arkada\u015f\u0131n\u0131z, akraban\u0131z veya kendiniz i\u00e7in harika bir hediye olur.<br \/>\n\tDaha az g\u00fcr\u00fclt\u00fc yaratmak, bastonlar\u0131n\u0131z\u0131, y\u00fcr\u00fcy\u00fc\u015f direklerini a\u015f\u0131nmadan kurtarmak m\u0131 istiyorsunuz? \u015eok emilimi ve m\u00fckemmel zemin tutu\u015fu sa\u011flar. Beton kald\u0131r\u0131mlarda, asfalt patikalarda, kayal\u0131k arazilerde, kar ve buz y\u00fczeylerde, trekking direklerinin her ko\u015fulda \u00e7ok daha sa\u011flam ve g\u00fcvenilir hissetmesini sa\u011flar.<br \/>\n\t2&#8217;li paket, biri kullan\u0131m i\u00e7in, di\u011feri yedek i\u00e7in; s\u0131n\u0131rl\u0131 g\u00fcce sahip hasta, zay\u0131f iyile\u015fen hastalar taraf\u0131ndan uygulanabilir<br \/>\n\tSa\u011flam, kaymaz, kaymaz yap\u0131, hareket deste\u011fi kullan\u0131rken yaralanmalar\u0131 ve kazalar\u0131 \u00f6nleyerek g\u00f6n\u00fcl rahatl\u0131\u011f\u0131 sa\u011flar; kolayca de\u011fi\u015ftirilebilir, alet gerektirmez<br \/>\n\tDETAYLI B\u0130LG\u0130 \u0130\u00c7\u0130N EK RES\u0130MLER\u0130 \u0130NCELEYEB\u0130L\u0130RS\u0130N\u0130Z.<br \/>\n\t<img decoding=\"async\"  src=\"https:\/\/hepsicdn.com.tr\/static\/product_detail\/hbnet07eafe97_4809301.webp\"><\/p>\n","protected":false},"excerpt":{"rendered":"<p>Spesifikasyonlar : Renk : Resimdeki Renk birebir g\u00f6nderilir. DETAY RES\u0130MLERDEK\u0130 RENKLER\/TASARIMLAR \u00d6RNEKT\u0130R. Materyal : Kau\u00e7uk Adet : 2 \u00d6l\u00e7\u00fcler : y\u00fckseklik 3.4 cm x Taban \u00e7ap\u0131 2.5 cm Giri\u00e7 \u00e7ap\u0131 geni\u015fli\u011fi 1.7 cm &#8211; Ekran yan\u0131lmalar\u0131na kar\u015f\u0131 l\u00fctfen \u00f6l\u00e7\u00fcleri kar\u015f\u0131la\u015ft\u0131r\u0131n. NOT : Manuel \u00f6l\u00e7\u00fcm nedeniyle MM fark, ekran fark\u0131 nedeniyle, renk tonlar\u0131 %0,5 oran\u0131nda fark&#8230;<\/p>\n","protected":false},"featured_media":102458,"comment_status":"open","ping_status":"closed","template":"","meta":{"_kad_post_transparent":"","_kad_post_title":"","_kad_post_layout":"","_kad_post_sidebar_id":"","_kad_post_content_style":"","_kad_post_vertical_padding":"","_kad_post_feature":"","_kad_post_feature_position":"","_kad_post_header":false,"_kad_post_footer":false,"_kad_post_classname":""},"product_brand":[],"product_cat":[14225],"product_tag":[],"class_list":{"0":"post-102459","1":"product","2":"type-product","3":"status-publish","4":"has-post-thumbnail","6":"product_cat-baston-ev-yasam-kisiye-ozel-hediyelik-baston","8":"first","9":"instock","10":"purchasable","11":"product-type-simple","12":"entry","13":"content-bg","14":"loop-entry"},"_links":{"self":[{"href":"https:\/\/www.hediyepazar.com\/index.php?rest_route=\/wp\/v2\/product\/102459","targetHints":{"allow":["GET"]}}],"collection":[{"href":"https:\/\/www.hediyepazar.com\/index.php?rest_route=\/wp\/v2\/product"}],"about":[{"href":"https:\/\/www.hediyepazar.com\/index.php?rest_route=\/wp\/v2\/types\/product"}],"replies":[{"embeddable":true,"href":"https:\/\/www.hediyepazar.com\/index.php?rest_route=%2Fwp%2Fv2%2Fcomments&post=102459"}],"wp:featuredmedia":[{"embeddable":true,"href":"https:\/\/www.hediyepazar.com\/index.php?rest_route=\/wp\/v2\/media\/102458"}],"wp:attachment":[{"href":"https:\/\/www.hediyepazar.com\/index.php?rest_route=%2Fwp%2Fv2%2Fmedia&parent=102459"}],"wp:term":[{"taxonomy":"product_brand","embeddable":true,"href":"https:\/\/www.hediyepazar.com\/index.php?rest_route=%2Fwp%2Fv2%2Fproduct_brand&post=102459"},{"taxonomy":"product_cat","embeddable":true,"href":"https:\/\/www.hediyepazar.com\/index.php?rest_route=%2Fwp%2Fv2%2Fproduct_cat&post=102459"},{"taxonomy":"product_tag","embeddable":true,"href":"https:\/\/www.hediyepazar.com\/index.php?rest_route=%2Fwp%2Fv2%2Fproduct_tag&post=102459"}],"curies":[{"name":"wp","href":"https:\/\/api.w.org\/{rel}","templated":true}]}}