{"id":102463,"date":"2026-05-04T06:39:05","date_gmt":"2026-05-04T09:39:05","guid":{"rendered":"https:\/\/www.hediyepazar.com\/?product=turk-kavanoz-hunisi-fraioli-design"},"modified":"2026-05-04T06:39:05","modified_gmt":"2026-05-04T09:39:05","slug":"turk-kavanoz-hunisi-fraioli-design","status":"publish","type":"product","link":"https:\/\/www.hediyepazar.com\/?product=turk-kavanoz-hunisi-fraioli-design","title":{"rendered":"Turk Kavanoz Hunisi Fraioli Design"},"content":{"rendered":"<p>\n\t<strong>\u00dcr\u00fcn \u00d6zellikleri : <\/strong><\/p>\n<p>\t<strong>Materyal :\u00a0<\/strong>PP Plastik<\/p>\n<p>\t<strong>Adet \/ Renk \/ Tasar\u0131m : <\/strong> 1 Adet, HSNET FraioliDesign olarak tasarlad\u0131\u011f\u0131m\u0131z, resimde yer alan modeli, s\u00fcrpriz ya\u015famaman\u0131z i\u00e7in birebir g\u00f6nderiyoruz<\/p>\n<p>\t<strong>\u00d6l\u00e7\u00fcler : <\/strong>\u00fcst \u00e7ap 14 cm x Kavanoza giri\u015f \u00e7ap\u0131 7 cm<br \/>\n\t\u00a0<\/p>\n<p>\n\tSal\u00e7alar, Soslar, s\u0131v\u0131lar, konserve, fermantasyon, tur\u015fu gibi yiyecekleri, Un,\u015feker,\u00e7ay,tuz VB kolayca kavanoza doldurman\u0131za olanak sa\u011flar.<\/p>\n<p>\n\tFasulye ve mercimek gibi baharatlar, smoothie&#8217;ler, shake&#8217;ler, ya\u011f ve kuru iyi depolama ve say\u0131s\u0131z e\u011flenceli proje ve hediyeler bu geni\u015f huniyi kullan\u0131rken daha az da\u011f\u0131n\u0131k olacakt\u0131r.<br \/>\n\tIs\u0131ya dayan\u0131kl\u0131 ve \u00e7ok y\u00f6nl\u00fc huni, hem normal a\u011f\u0131zl\u0131 hem de geni\u015f a\u011f\u0131zl\u0131 kavanozlara uyar.<br \/>\n\t\u00dcst raf bula\u015f\u0131k makinesinde y\u0131kanabilir.<br \/>\n\tKavanozlar\u0131 uygun kafa bo\u015flu\u011funa kolayca ve g\u00fcvenli bir \u015fekilde doldurman\u0131za yard\u0131mc\u0131 olmak i\u00e7in \u0131s\u0131ya dayan\u0131kl\u0131<br \/>\n\tNormal ve geni\u015f a\u011f\u0131zl\u0131 kavanozlara uyacak \u015fekilde tasarlanm\u0131\u015ft\u0131r<br \/>\n\tKonserve Hunisi ile meyve ve sebzeleri koruyun veya lezzetli ev yap\u0131m\u0131 re\u00e7eller haz\u0131rlay\u0131n! Bu konserve hunisi, malzemelerin geni\u015f veya normal kavanozlara kolayca<br \/>\n\tD\u0131\u015f huni kenar\u0131 tezgah\u0131 ve kavanoz kenarlar\u0131n\u0131 temiz tutar<\/p>\n<p>\n\t<strong>M\u00dcKEMMEL SATI\u015e SONRASI H\u0130ZMET : <\/strong>HSNET \/ HSNET olarak m\u00fc\u015fterilerimize en iyi hizmeti sunmay\u0131 ama\u00e7l\u0131yor, g\u00fcvenle sat\u0131n alabilmeniz i\u00e7in, ambalaj kalitemize g\u00fcveniyor, her \u00fcr\u00fcn sorunsuz teslimat i\u00e7in \u00f6zenle paketliyor ve resimde belirtilen renk, ebat, \u00f6zelikte \u00fcr\u00fcn g\u00f6ndermeyi taahh\u00fct ediyoruz. Hasarl\u0131 \u00fcr\u00fcn ald\u0131ysan\u0131z veya di\u011fer \u00fcr\u00fcn ve paket teslimat sorunlar\u0131 oldu\u011funda bizimle ileti\u015fime ge\u00e7mekten \u00e7ekinmeyin.<\/p>\n<p>\n\t\u00a0<\/p>\n<p>\n\t<strong>Detayl\u0131 bilgi i\u00e7in ek resimleri inceleyebilirsiniz<\/strong><\/p>\n<p><\/p>\n<p>\n\t<strong><img decoding=\"async\"  src=\"https:\/\/hepsicdn.com.tr\/static\/product_detail\/hbnet590ccb71_4809601.webp\"><\/strong><\/p>\n<p>\n\t\u00a0<\/p>\n","protected":false},"excerpt":{"rendered":"<p>\u00dcr\u00fcn \u00d6zellikleri : Materyal :\u00a0PP Plastik Adet \/ Renk \/ Tasar\u0131m : 1 Adet, HSNET FraioliDesign olarak tasarlad\u0131\u011f\u0131m\u0131z, resimde yer alan modeli, s\u00fcrpriz ya\u015famaman\u0131z i\u00e7in birebir g\u00f6nderiyoruz \u00d6l\u00e7\u00fcler : \u00fcst \u00e7ap 14 cm x Kavanoza giri\u015f \u00e7ap\u0131 7 cm \u00a0 Sal\u00e7alar, Soslar, s\u0131v\u0131lar, konserve, fermantasyon, tur\u015fu gibi yiyecekleri, Un,\u015feker,\u00e7ay,tuz VB kolayca kavanoza doldurman\u0131za olanak sa\u011flar&#8230;.<\/p>\n","protected":false},"featured_media":102462,"comment_status":"open","ping_status":"closed","template":"","meta":{"_kad_post_transparent":"","_kad_post_title":"","_kad_post_layout":"","_kad_post_sidebar_id":"","_kad_post_content_style":"","_kad_post_vertical_padding":"","_kad_post_feature":"","_kad_post_feature_position":"","_kad_post_header":false,"_kad_post_footer":false,"_kad_post_classname":""},"product_brand":[],"product_cat":[7826],"product_tag":[],"class_list":{"0":"post-102463","1":"product","2":"type-product","3":"status-publish","4":"has-post-thumbnail","6":"product_cat-endustriyel-mutfak-ekipmanlari-sofra-sofra-mutfak-ev-yasam-endustriyel-mutfak-ekipmanlari","8":"first","9":"instock","10":"purchasable","11":"product-type-simple","12":"entry","13":"content-bg","14":"loop-entry"},"_links":{"self":[{"href":"https:\/\/www.hediyepazar.com\/index.php?rest_route=\/wp\/v2\/product\/102463","targetHints":{"allow":["GET"]}}],"collection":[{"href":"https:\/\/www.hediyepazar.com\/index.php?rest_route=\/wp\/v2\/product"}],"about":[{"href":"https:\/\/www.hediyepazar.com\/index.php?rest_route=\/wp\/v2\/types\/product"}],"replies":[{"embeddable":true,"href":"https:\/\/www.hediyepazar.com\/index.php?rest_route=%2Fwp%2Fv2%2Fcomments&post=102463"}],"wp:featuredmedia":[{"embeddable":true,"href":"https:\/\/www.hediyepazar.com\/index.php?rest_route=\/wp\/v2\/media\/102462"}],"wp:attachment":[{"href":"https:\/\/www.hediyepazar.com\/index.php?rest_route=%2Fwp%2Fv2%2Fmedia&parent=102463"}],"wp:term":[{"taxonomy":"product_brand","embeddable":true,"href":"https:\/\/www.hediyepazar.com\/index.php?rest_route=%2Fwp%2Fv2%2Fproduct_brand&post=102463"},{"taxonomy":"product_cat","embeddable":true,"href":"https:\/\/www.hediyepazar.com\/index.php?rest_route=%2Fwp%2Fv2%2Fproduct_cat&post=102463"},{"taxonomy":"product_tag","embeddable":true,"href":"https:\/\/www.hediyepazar.com\/index.php?rest_route=%2Fwp%2Fv2%2Fproduct_tag&post=102463"}],"curies":[{"name":"wp","href":"https:\/\/api.w.org\/{rel}","templated":true}]}}