{"id":102464,"date":"2026-05-04T06:39:29","date_gmt":"2026-05-04T09:39:29","guid":{"rendered":"https:\/\/www.hediyepazar.com\/?product=turk-rapira-platinum-10-adet-tiras-jileti-kantasi-seti"},"modified":"2026-05-04T06:39:29","modified_gmt":"2026-05-04T09:39:29","slug":"turk-rapira-platinum-10-adet-tiras-jileti-kantasi-seti","status":"publish","type":"product","link":"https:\/\/www.hediyepazar.com\/?product=turk-rapira-platinum-10-adet-tiras-jileti-kantasi-seti","title":{"rendered":"Turk Rapira Platinum 10 Adet T\u0131ra\u015f Jileti Kanta\u015f\u0131 Seti"},"content":{"rendered":"<p>\n\t<strong><strong style=\"color: rgb(255, 0, 0);\">Spesifikasyonlar : 10 Adet\u00a0<\/strong><\/strong><strong>Tek kullan\u0131ml\u0131k kanta\u015f\u0131 ile g\u00f6nderilr.\u00a0<\/strong><strong>Ciltte meydana gelen k\u00fc\u00e7\u00fck \u00e7izik ve kesiklerdeki kanamay\u0131 durdurur.\u00a0<\/strong><strong>\u00d6zeliikle tra\u015f esnas\u0131nda meydana gelen k\u00fc\u00e7\u00fck kanamalarda \u00e7ok etkilidir.<\/strong><\/p>\n<p>\n\t<strong style=\"color: rgb(255, 0, 0);\">Materyal : Paslanmaz \u00c7elik<\/strong><\/p>\n<p>\n\t<span style=\"color:#ff0000;\"><strong>Adet : 10 adet + 10 Kanta\u015f\u0131 <\/strong><\/span><\/p>\n<p>\n\t<span style=\"color:#ff0000;\"><strong>GEN\u0130\u015e KULLANIM ALANI : Sakal t\u0131ra\u015f\u0131 yan\u0131s\u0131ra, Bu keskin b\u0131\u00e7aklar, favorilerin kenarlar\u0131n\u0131 d\u00fczeltmede ve g\u00fc\u00e7l\u00fc sakal hatlar\u0131 olu\u015fturmada \u00fcst\u00fcn hassasiyet i\u00e7in \u00f6nerilir. Tek bir platin kaplamal\u0131 \u00e7ift kenarl\u0131 g\u00fcvenli t\u0131ra\u015f b\u0131\u00e7a\u011f\u0131, m\u00fckemmel g\u00f6r\u00fcn\u00fcm\u00fcn\u00fcz\u00fc elde etmenize yard\u0131mc\u0131 olmak i\u00e7in favorileri keskinle\u015ftirmek ve g\u00fc\u00e7l\u00fc sakal \u00e7izgileri i\u00e7in ideal, hassas do\u011frulukta \u015fekillendirir. <\/strong><\/span><\/p>\n<p>\n\tBu \u00e7ift kenarl\u0131 b\u0131\u00e7aklar,her t\u00fcr g\u00fcvenli t\u0131ra\u015f makineleriyle ve usturalarla kullan\u0131m i\u00e7indir. 10 \u00e7ift tarafl\u0131 Paslanmaz Platin b\u0131\u00e7ak ayr\u0131 ayr\u0131 sar\u0131l\u0131r g\u00fcvenli bir \u015fekilde g\u00f6nderilir.<\/p>\n<p>\tUzun \u00f6m\u00fcrl\u00fc, p\u00fcr\u00fczs\u00fcz bir t\u0131ra\u015f i\u00e7in e\u015fsiz kalite, p\u00fcr\u00fczs\u00fczl\u00fck ve dayan\u0131kl\u0131l\u0131k sa\u011flar.<\/p>\n<p>\tEn geli\u015fmi\u015f ekipmanlar kullan\u0131larak delikli, sertle\u015ftirilmi\u015f ve ta\u015flanm\u0131\u015ft\u0131r. Optimum \u015eEK\u0130LLEND\u0130RME KONFORU i\u00e7in bir polimer ile kaplanm\u0131\u015ft\u0131r.<\/p>\n<p>\tDaha fazla dayan\u0131kl\u0131l\u0131k i\u00e7in seramik ve daha az tahri\u015f i\u00e7in PTFE&#8217;ye kar\u015f\u0131 dayan\u0131kl\u0131 \u00fc\u00e7l\u00fc kaplama i\u015flemi ile geli\u015ftirilmi\u015ftir. Sonu\u00e7, inan\u0131lmaz derecede p\u00fcr\u00fczs\u00fcz, yak\u0131n ve rahat \u00e7ift kenarl\u0131 t\u0131ra\u015flar i\u00e7in kenar\u0131n\u0131 paslanmaz \u00e7elikten bile daha uzun tutan bir b\u0131\u00e7akt\u0131r.<\/p>\n<p>\tKorozyona kar\u015f\u0131, daha fazla dayan\u0131kl\u0131l\u0131k ve daha az tahri\u015f i\u00e7in \u00fc\u00e7l\u00fc kaplama i\u015flemi uygulan\u0131r<\/p>\n<p>\tSakal ve sa\u00e7lar\u0131 kolayca ve verimli bir \u015fekilde keserek istenmeyen t\u00fcylerden h\u0131zl\u0131 ve kolay bir \u015fekilde kurtulabilen y\u00fcksek kaliteli paslanmaz \u00e7eli\u011fe sahiptir. Keskin, paslanmaz \u00e7elik p\u00fcr\u00fczs\u00fcz ve zahmetsiz bir t\u0131ra\u015f sa\u011flar.<\/p>\n","protected":false},"excerpt":{"rendered":"<p>Spesifikasyonlar : 10 Adet\u00a0Tek kullan\u0131ml\u0131k kanta\u015f\u0131 ile g\u00f6nderilr.\u00a0Ciltte meydana gelen k\u00fc\u00e7\u00fck \u00e7izik ve kesiklerdeki kanamay\u0131 durdurur.\u00a0\u00d6zeliikle tra\u015f esnas\u0131nda meydana gelen k\u00fc\u00e7\u00fck kanamalarda \u00e7ok etkilidir. Materyal : Paslanmaz \u00c7elik Adet : 10 adet + 10 Kanta\u015f\u0131 GEN\u0130\u015e KULLANIM ALANI : Sakal t\u0131ra\u015f\u0131 yan\u0131s\u0131ra, Bu keskin b\u0131\u00e7aklar, favorilerin kenarlar\u0131n\u0131 d\u00fczeltmede ve g\u00fc\u00e7l\u00fc sakal hatlar\u0131 olu\u015fturmada \u00fcst\u00fcn hassasiyet&#8230;<\/p>\n","protected":false},"featured_media":0,"comment_status":"open","ping_status":"closed","template":"","meta":{"_kad_post_transparent":"","_kad_post_title":"","_kad_post_layout":"","_kad_post_sidebar_id":"","_kad_post_content_style":"","_kad_post_vertical_padding":"","_kad_post_feature":"","_kad_post_feature_position":"","_kad_post_header":false,"_kad_post_footer":false,"_kad_post_classname":""},"product_brand":[],"product_cat":[14227],"product_tag":[],"class_list":{"0":"post-102464","1":"product","2":"type-product","3":"status-publish","5":"product_cat-kuafor-urunleri-erkek-kuafor-kuafor-urunleri","7":"first","8":"instock","9":"purchasable","10":"product-type-simple","11":"entry","12":"content-bg","13":"loop-entry"},"_links":{"self":[{"href":"https:\/\/www.hediyepazar.com\/index.php?rest_route=\/wp\/v2\/product\/102464","targetHints":{"allow":["GET"]}}],"collection":[{"href":"https:\/\/www.hediyepazar.com\/index.php?rest_route=\/wp\/v2\/product"}],"about":[{"href":"https:\/\/www.hediyepazar.com\/index.php?rest_route=\/wp\/v2\/types\/product"}],"replies":[{"embeddable":true,"href":"https:\/\/www.hediyepazar.com\/index.php?rest_route=%2Fwp%2Fv2%2Fcomments&post=102464"}],"wp:attachment":[{"href":"https:\/\/www.hediyepazar.com\/index.php?rest_route=%2Fwp%2Fv2%2Fmedia&parent=102464"}],"wp:term":[{"taxonomy":"product_brand","embeddable":true,"href":"https:\/\/www.hediyepazar.com\/index.php?rest_route=%2Fwp%2Fv2%2Fproduct_brand&post=102464"},{"taxonomy":"product_cat","embeddable":true,"href":"https:\/\/www.hediyepazar.com\/index.php?rest_route=%2Fwp%2Fv2%2Fproduct_cat&post=102464"},{"taxonomy":"product_tag","embeddable":true,"href":"https:\/\/www.hediyepazar.com\/index.php?rest_route=%2Fwp%2Fv2%2Fproduct_tag&post=102464"}],"curies":[{"name":"wp","href":"https:\/\/api.w.org\/{rel}","templated":true}]}}