{"id":102465,"date":"2026-05-04T06:40:20","date_gmt":"2026-05-04T09:40:20","guid":{"rendered":"https:\/\/www.hediyepazar.com\/?product=turk-spatulali-agda-bezi-250-adet"},"modified":"2026-05-04T06:40:20","modified_gmt":"2026-05-04T09:40:20","slug":"turk-spatulali-agda-bezi-250-adet","status":"publish","type":"product","link":"https:\/\/www.hediyepazar.com\/?product=turk-spatulali-agda-bezi-250-adet","title":{"rendered":"Turk Spatulal\u0131 A\u011fda Bezi 250 ADET"},"content":{"rendered":"<p>\n\t<strong>\u00dcr\u00fcn \u00d6zellikleri : <\/strong><\/p>\n<p>\t<strong>Materyal : Dokunmam\u0131\u015f Sel\u00fcl\u00f6z balmumu Ka\u011f\u0131t\u00a0<\/strong><\/p>\n<p>\t<strong>Adet \/ Renk \/ Tasar\u0131m : <\/strong> 250 Adet,a\u011fda bezi + 25 adet spatula ,\u00a0 HSNET olarak tasarlad\u0131\u011f\u0131m\u0131z, resimde yer alan rengi, s\u00fcrpriz ya\u015famaman\u0131z i\u00e7in birebir g\u00f6nderiyoruz<\/p>\n<p>\t<strong>\u00d6l\u00e7\u00fcler :\u00a0<\/strong> 20 x 7 cm<\/p>\n<p>\n\tDokunmam\u0131\u015f malzemeden \u00fcretilmi\u015f, kullan\u0131\u015fl\u0131 ve s\u0131hhi, y\u00fcksek kaliteli<\/p>\n<p>\n\tBu balmumu ka\u011f\u0131t \u015feritler, s\u0131cak balmumu epilasyon i\u00e7in ara\u00e7lard\u0131r.<br \/>\n\tBu epilasyon ka\u011f\u0131d\u0131n\u0131n malzemesi dokunmam\u0131\u015f kuma\u015ft\u0131r.<br \/>\n\tT\u00fcm epilasyon a\u011fdalar\u0131 i\u00e7in uygundur. El, Kol, Bacak, Koltuk Alt\u0131, t\u00fcm v\u00fccut vb\u00a0<br \/>\n\tHafif, dayan\u0131kl\u0131, sa\u011flam ve kullan\u0131\u015fl\u0131d\u0131r.<br \/>\n\tBu epilasyon ka\u011f\u0131d\u0131 \u015feritleri, a\u011fdan\u0131n \u0131slanmas\u0131n\u0131 \u00f6nlemek i\u00e7in s\u0131v\u0131 epilasyon a\u011fdas\u0131 ile birlikte kullan\u0131l\u0131r.<br \/>\n\tBu tek kullan\u0131ml\u0131k a\u011fda band\u0131d\u0131r, temiz ve sa\u011fl\u0131kl\u0131d\u0131r. L\u00fctfen kulland\u0131ktan sonra \u00e7\u00f6pe at\u0131n.<br \/>\n\tRahat \u015feritlerle birle\u015ftirilmi\u015f p\u00fcr\u00fczs\u00fcz y\u00fczeyli yumu\u015fak el hissi. ac\u0131 hissi olmadan h\u0131zl\u0131 i\u015flem ile p\u00fcr\u00fczs\u00fcz.<\/p>\n<p>\n\t<strong>M\u00dcKEMMEL SATI\u015e SONRASI H\u0130ZMET : <\/strong>HSNET \/ HSNET olarak m\u00fc\u015fterilerimize en iyi hizmeti sunmay\u0131 ama\u00e7l\u0131yor, g\u00fcvenle sat\u0131n alabilmeniz i\u00e7in, ambalaj kalitemize g\u00fcveniyor, her \u00fcr\u00fcn sorunsuz teslimat i\u00e7in \u00f6zenle paketliyor ve resimde belirtilen renk, ebat, \u00f6zelikte \u00fcr\u00fcn g\u00f6ndermeyi taahh\u00fct ediyoruz. Hasarl\u0131 \u00fcr\u00fcn ald\u0131ysan\u0131z veya di\u011fer \u00fcr\u00fcn ve paket teslimat sorunlar\u0131 oldu\u011funda bizimle ileti\u015fime ge\u00e7mekten \u00e7ekinmeyin.<\/p>\n","protected":false},"excerpt":{"rendered":"<p>\u00dcr\u00fcn \u00d6zellikleri : Materyal : Dokunmam\u0131\u015f Sel\u00fcl\u00f6z balmumu Ka\u011f\u0131t\u00a0 Adet \/ Renk \/ Tasar\u0131m : 250 Adet,a\u011fda bezi + 25 adet spatula ,\u00a0 HSNET olarak tasarlad\u0131\u011f\u0131m\u0131z, resimde yer alan rengi, s\u00fcrpriz ya\u015famaman\u0131z i\u00e7in birebir g\u00f6nderiyoruz \u00d6l\u00e7\u00fcler :\u00a0 20 x 7 cm Dokunmam\u0131\u015f malzemeden \u00fcretilmi\u015f, kullan\u0131\u015fl\u0131 ve s\u0131hhi, y\u00fcksek kaliteli Bu balmumu ka\u011f\u0131t \u015feritler, s\u0131cak balmumu&#8230;<\/p>\n","protected":false},"featured_media":0,"comment_status":"open","ping_status":"closed","template":"","meta":{"_kad_post_transparent":"","_kad_post_title":"","_kad_post_layout":"","_kad_post_sidebar_id":"","_kad_post_content_style":"","_kad_post_vertical_padding":"","_kad_post_feature":"","_kad_post_feature_position":"","_kad_post_header":false,"_kad_post_footer":false,"_kad_post_classname":""},"product_brand":[],"product_cat":[14176],"product_tag":[],"class_list":{"0":"post-102465","1":"product","2":"type-product","3":"status-publish","5":"product_cat-agda-agda-ve-tuy-dokucu-epilasyon-tiras-kozmetik-agda","7":"first","8":"instock","9":"purchasable","10":"product-type-simple","11":"entry","12":"content-bg","13":"loop-entry"},"_links":{"self":[{"href":"https:\/\/www.hediyepazar.com\/index.php?rest_route=\/wp\/v2\/product\/102465","targetHints":{"allow":["GET"]}}],"collection":[{"href":"https:\/\/www.hediyepazar.com\/index.php?rest_route=\/wp\/v2\/product"}],"about":[{"href":"https:\/\/www.hediyepazar.com\/index.php?rest_route=\/wp\/v2\/types\/product"}],"replies":[{"embeddable":true,"href":"https:\/\/www.hediyepazar.com\/index.php?rest_route=%2Fwp%2Fv2%2Fcomments&post=102465"}],"wp:attachment":[{"href":"https:\/\/www.hediyepazar.com\/index.php?rest_route=%2Fwp%2Fv2%2Fmedia&parent=102465"}],"wp:term":[{"taxonomy":"product_brand","embeddable":true,"href":"https:\/\/www.hediyepazar.com\/index.php?rest_route=%2Fwp%2Fv2%2Fproduct_brand&post=102465"},{"taxonomy":"product_cat","embeddable":true,"href":"https:\/\/www.hediyepazar.com\/index.php?rest_route=%2Fwp%2Fv2%2Fproduct_cat&post=102465"},{"taxonomy":"product_tag","embeddable":true,"href":"https:\/\/www.hediyepazar.com\/index.php?rest_route=%2Fwp%2Fv2%2Fproduct_tag&post=102465"}],"curies":[{"name":"wp","href":"https:\/\/api.w.org\/{rel}","templated":true}]}}