{"id":102467,"date":"2026-05-04T06:41:20","date_gmt":"2026-05-04T09:41:20","guid":{"rendered":"https:\/\/www.hediyepazar.com\/?product=turk-rodeo-kilifli-karbon-cep-taragi"},"modified":"2026-05-04T06:41:20","modified_gmt":"2026-05-04T09:41:20","slug":"turk-rodeo-kilifli-karbon-cep-taragi","status":"publish","type":"product","link":"https:\/\/www.hediyepazar.com\/?product=turk-rodeo-kilifli-karbon-cep-taragi","title":{"rendered":"Turk Rodeo K\u0131l\u0131fl\u0131 Karbon Cep Tara\u011f\u0131"},"content":{"rendered":"<p><span style=\"color:#ff0000;\"><strong> Spesifikasyonlar : <br \/> <\/strong><\/span><\/p>\n<p><span style=\"color:#008000;\"><strong>Renk : Resimdeki S\u0130YAH Renk  birebir g\u00f6nderilir.  <\/strong><\/span><\/p>\n<p><span style=\"color:#ff0000;\"><strong> Materyal : Tarak : Is\u0131ya ve k\u0131r\u0131lmaya dayan\u0131kl\u0131 karbon materyal + K\u0131l\u0131f : PVC <br \/> <\/strong><\/span><\/p>\n<p><span style=\"color:#ff0000;\"><strong> Adet : 1  <\/strong><\/span><\/p>\n<p><span style=\"color:#ff0000;\"><strong> \u00d6l\u00e7\u00fcler : 14 X 3 CM <br \/> <\/strong><\/span><\/p>\n<p><span style=\"color:#ff0000;\"><strong> Cinsiyet : Erkek <br \/> <\/strong><\/span><\/p>\n<p>G\u00fcnl\u00fck kullan\u0131m i\u00e7in uygundur  <br \/>Tarak di\u015fi yumu\u015fakt\u0131r, noktalar kafa ve sakal derisine kolayca zarar vermez, kullan\u0131m\u0131 g\u00fcvenlidir. <br \/>P\u00fcr\u00fczs\u00fcz ve \u00e7apaks\u0131z y\u00fczey, kullan\u0131m s\u0131ras\u0131nda herhangi bir rahats\u0131zl\u0131k hissetmenize neden olmaz. <br \/>Kullan\u0131m\u0131 dayan\u0131kl\u0131d\u0131r ve \u00e7atlama \u00f6nleyici, deforme olmaz. <br \/>Ta\u015f\u0131man\u0131z i\u00e7in uygun, k\u00fc\u00e7\u00fck ve hafiftir, cebinizde saklamak i\u00e7in m\u00fckemmel bir boyuttur. <br \/>Sa\u00e7 stilinizi h\u0131zl\u0131 bir \u015fekilde olu\u015fturman\u0131za veya d\u00fczeltmenize yard\u0131mc\u0131 olarak sizi daha g\u00fczel hale getirir. <brKot pantolonunuza, pantolonunuza veya ceket cebinize rahat\u00e7a s\u0131\u011far, sa\u00e7\u0131n\u0131z\u0131n h\u0131zl\u0131 bir \u015fekilde taranmas\u0131 gerekti\u011finde kullan\u0131ma haz\u0131rd\u0131r. <brKaliteli sa\u00e7 tara\u011f\u0131, rafine ala\u015f\u0131m di\u015fler, masaj i\u00e7in harika olan gerginli\u011fi ve stim\u00fclasyon sa\u00e7 derisini hafifletmeye yard\u0131mc\u0131 olur.   <brSa\u00e7 tara\u011f\u0131 sa\u00e7 derisine\/sakal derisine masaj yapabilir, kan bas\u0131nc\u0131n\u0131n dola\u015f\u0131m\u0131n\u0131 te\u015fvik edebilir, ki\u015fiyi rahatlatabilir.  <br Kaymaz, terletmez,  sa\u00e7\u0131n zarar g\u00f6rmesini \u00f6nler,\n<\/p>\n","protected":false},"excerpt":{"rendered":"<p>Spesifikasyonlar : Renk : Resimdeki S\u0130YAH Renk birebir g\u00f6nderilir. Materyal : Tarak : Is\u0131ya ve k\u0131r\u0131lmaya dayan\u0131kl\u0131 karbon materyal + K\u0131l\u0131f : PVC Adet : 1 \u00d6l\u00e7\u00fcler : 14 X 3 CM Cinsiyet : Erkek G\u00fcnl\u00fck kullan\u0131m i\u00e7in uygundur Tarak di\u015fi yumu\u015fakt\u0131r, noktalar kafa ve sakal derisine kolayca zarar vermez, kullan\u0131m\u0131 g\u00fcvenlidir. P\u00fcr\u00fczs\u00fcz ve \u00e7apaks\u0131z&#8230;<\/p>\n","protected":false},"featured_media":102466,"comment_status":"open","ping_status":"closed","template":"","meta":{"_kad_post_transparent":"","_kad_post_title":"","_kad_post_layout":"","_kad_post_sidebar_id":"","_kad_post_content_style":"","_kad_post_vertical_padding":"","_kad_post_feature":"","_kad_post_feature_position":"","_kad_post_header":false,"_kad_post_footer":false,"_kad_post_classname":""},"product_brand":[],"product_cat":[14302],"product_tag":[],"class_list":{"0":"post-102467","1":"product","2":"type-product","3":"status-publish","4":"has-post-thumbnail","6":"product_cat-sac-fircasi-ve-tarak-sac-bakimi-kozmetik-sac-fircasi-ve-tarak-sac-bakimi-kozmetik","8":"first","9":"instock","10":"purchasable","11":"product-type-simple","12":"entry","13":"content-bg","14":"loop-entry"},"_links":{"self":[{"href":"https:\/\/www.hediyepazar.com\/index.php?rest_route=\/wp\/v2\/product\/102467","targetHints":{"allow":["GET"]}}],"collection":[{"href":"https:\/\/www.hediyepazar.com\/index.php?rest_route=\/wp\/v2\/product"}],"about":[{"href":"https:\/\/www.hediyepazar.com\/index.php?rest_route=\/wp\/v2\/types\/product"}],"replies":[{"embeddable":true,"href":"https:\/\/www.hediyepazar.com\/index.php?rest_route=%2Fwp%2Fv2%2Fcomments&post=102467"}],"wp:featuredmedia":[{"embeddable":true,"href":"https:\/\/www.hediyepazar.com\/index.php?rest_route=\/wp\/v2\/media\/102466"}],"wp:attachment":[{"href":"https:\/\/www.hediyepazar.com\/index.php?rest_route=%2Fwp%2Fv2%2Fmedia&parent=102467"}],"wp:term":[{"taxonomy":"product_brand","embeddable":true,"href":"https:\/\/www.hediyepazar.com\/index.php?rest_route=%2Fwp%2Fv2%2Fproduct_brand&post=102467"},{"taxonomy":"product_cat","embeddable":true,"href":"https:\/\/www.hediyepazar.com\/index.php?rest_route=%2Fwp%2Fv2%2Fproduct_cat&post=102467"},{"taxonomy":"product_tag","embeddable":true,"href":"https:\/\/www.hediyepazar.com\/index.php?rest_route=%2Fwp%2Fv2%2Fproduct_tag&post=102467"}],"curies":[{"name":"wp","href":"https:\/\/api.w.org\/{rel}","templated":true}]}}