{"id":102470,"date":"2026-05-04T06:42:21","date_gmt":"2026-05-04T09:42:21","guid":{"rendered":"https:\/\/www.hediyepazar.com\/?product=turk-elize-ince-uzun-sakal-biyik-taragi"},"modified":"2026-05-04T06:42:21","modified_gmt":"2026-05-04T09:42:21","slug":"turk-elize-ince-uzun-sakal-biyik-taragi","status":"publish","type":"product","link":"https:\/\/www.hediyepazar.com\/?product=turk-elize-ince-uzun-sakal-biyik-taragi","title":{"rendered":"Turk Elize \u0130nce Uzun Sakal B\u0131y\u0131k Tara\u011f\u0131"},"content":{"rendered":"<p>\n\t<strong>\u00dcr\u00fcn \u00d6zellikleri : <\/strong><\/p>\n<p>\t<strong>Materyal : Karbon Plastik\u00a0<\/strong><\/p>\n<p>\t<strong>Adet \/ Renk \/ Tasar\u0131m : <\/strong> 1 Adet, HSNET Elize Design olarak tasarlad\u0131\u011f\u0131m\u0131z, resimde yer alan rengi, s\u00fcrpriz ya\u015famaman\u0131z i\u00e7in birebir g\u00f6nderiyoruz<\/p>\n<p>\t<strong>\u00d6l\u00e7\u00fcler : 17 cm uzunluk\u00a0<\/strong><\/p>\n<p>\n\t<strong>T\u00dcM SA\u00c7 T\u0130PLER\u0130 \u0130\u00c7\u0130N UYGUN:<\/strong> Kuru veya \u0131slak, seyrek veya \u00e7ok yo\u011fun sakallarda g\u00fcnl\u00fck kullan\u0131m i\u00e7indir.<\/p>\n<p>\n\tTa\u015f\u0131nabilir Tarak, sakala ve deriye zarar vermeden kesikleri ve kepekleri giderir,\u00a0\u00a0<\/p>\n<p>\tY\u00fcz\u00fcn\u00fcze masaj yapmak i\u00e7in uygun, makul \u0130NCE VE KALIN di\u015fli da\u011f\u0131l\u0131m\u0131na sahiptir.<br \/>\n\t<strong>Ta\u015f\u0131nabilir tasar\u0131m: <\/strong>Cep f\u0131r\u00e7as\u0131n\u0131n ta\u015f\u0131nmas\u0131 kolayd\u0131r ve size y\u00fck olmaz, ev, ofis ve \u00f6zellikle seyahat veya vitrin al\u0131\u015fveri\u015fi i\u00e7in pratik bir ara\u00e7t\u0131r<br \/>\n\t<strong>Geni\u015f kullan\u0131m: <\/strong>\u00a0\u015fampuan tara\u011f\u0131, masajl\u0131 sa\u00e7 f\u0131r\u00e7as\u0131 tara\u011f\u0131 veya cep tara\u011f\u0131 vb. olarak kullanabilirsiniz; Tarak, k\u0131sa ve k\u0131v\u0131rc\u0131k sa\u00e7lar dahil \u00e7o\u011fu sa\u00e7 modeli i\u00e7in uygundur,\u00a0<br \/>\n\t\u00a0<\/p>\n<p>\n\t<strong>M\u00dcKEMMEL SATI\u015e SONRASI H\u0130ZMET : <\/strong>HSNET \/ HSNET olarak m\u00fc\u015fterilerimize en iyi hizmeti sunmay\u0131 ama\u00e7l\u0131yor, g\u00fcvenle sat\u0131n alabilmeniz i\u00e7in, ambalaj kalitemize g\u00fcveniyor, her \u00fcr\u00fcn sorunsuz teslimat i\u00e7in \u00f6zenle paketliyor ve resimde belirtilen renk, ebat, \u00f6zelikte \u00fcr\u00fcn g\u00f6ndermeyi taahh\u00fct ediyoruz. Hasarl\u0131 \u00fcr\u00fcn ald\u0131ysan\u0131z veya di\u011fer \u00fcr\u00fcn ve paket teslimat sorunlar\u0131 oldu\u011funda bizimle ileti\u015fime ge\u00e7mekten \u00e7ekinmeyin.<\/p>\n","protected":false},"excerpt":{"rendered":"<p>\u00dcr\u00fcn \u00d6zellikleri : Materyal : Karbon Plastik\u00a0 Adet \/ Renk \/ Tasar\u0131m : 1 Adet, HSNET Elize Design olarak tasarlad\u0131\u011f\u0131m\u0131z, resimde yer alan rengi, s\u00fcrpriz ya\u015famaman\u0131z i\u00e7in birebir g\u00f6nderiyoruz \u00d6l\u00e7\u00fcler : 17 cm uzunluk\u00a0 T\u00dcM SA\u00c7 T\u0130PLER\u0130 \u0130\u00c7\u0130N UYGUN: Kuru veya \u0131slak, seyrek veya \u00e7ok yo\u011fun sakallarda g\u00fcnl\u00fck kullan\u0131m i\u00e7indir. Ta\u015f\u0131nabilir Tarak, sakala ve deriye&#8230;<\/p>\n","protected":false},"featured_media":102469,"comment_status":"open","ping_status":"closed","template":"","meta":{"_kad_post_transparent":"","_kad_post_title":"","_kad_post_layout":"","_kad_post_sidebar_id":"","_kad_post_content_style":"","_kad_post_vertical_padding":"","_kad_post_feature":"","_kad_post_feature_position":"","_kad_post_header":false,"_kad_post_footer":false,"_kad_post_classname":""},"product_brand":[],"product_cat":[14302],"product_tag":[],"class_list":{"0":"post-102470","1":"product","2":"type-product","3":"status-publish","4":"has-post-thumbnail","6":"product_cat-sac-fircasi-ve-tarak-sac-bakimi-kozmetik-sac-fircasi-ve-tarak-sac-bakimi-kozmetik","8":"first","9":"instock","10":"purchasable","11":"product-type-simple","12":"entry","13":"content-bg","14":"loop-entry"},"_links":{"self":[{"href":"https:\/\/www.hediyepazar.com\/index.php?rest_route=\/wp\/v2\/product\/102470","targetHints":{"allow":["GET"]}}],"collection":[{"href":"https:\/\/www.hediyepazar.com\/index.php?rest_route=\/wp\/v2\/product"}],"about":[{"href":"https:\/\/www.hediyepazar.com\/index.php?rest_route=\/wp\/v2\/types\/product"}],"replies":[{"embeddable":true,"href":"https:\/\/www.hediyepazar.com\/index.php?rest_route=%2Fwp%2Fv2%2Fcomments&post=102470"}],"wp:featuredmedia":[{"embeddable":true,"href":"https:\/\/www.hediyepazar.com\/index.php?rest_route=\/wp\/v2\/media\/102469"}],"wp:attachment":[{"href":"https:\/\/www.hediyepazar.com\/index.php?rest_route=%2Fwp%2Fv2%2Fmedia&parent=102470"}],"wp:term":[{"taxonomy":"product_brand","embeddable":true,"href":"https:\/\/www.hediyepazar.com\/index.php?rest_route=%2Fwp%2Fv2%2Fproduct_brand&post=102470"},{"taxonomy":"product_cat","embeddable":true,"href":"https:\/\/www.hediyepazar.com\/index.php?rest_route=%2Fwp%2Fv2%2Fproduct_cat&post=102470"},{"taxonomy":"product_tag","embeddable":true,"href":"https:\/\/www.hediyepazar.com\/index.php?rest_route=%2Fwp%2Fv2%2Fproduct_tag&post=102470"}],"curies":[{"name":"wp","href":"https:\/\/api.w.org\/{rel}","templated":true}]}}