{"id":102474,"date":"2026-05-04T06:44:06","date_gmt":"2026-05-04T09:44:06","guid":{"rendered":"https:\/\/www.hediyepazar.com\/?product=turk-yapiskanli-pratik-fare-kapani"},"modified":"2026-05-04T06:44:06","modified_gmt":"2026-05-04T09:44:06","slug":"turk-yapiskanli-pratik-fare-kapani","status":"publish","type":"product","link":"https:\/\/www.hediyepazar.com\/?product=turk-yapiskanli-pratik-fare-kapani","title":{"rendered":"Turk Yap\u0131\u015fkanl\u0131 Pratik Fare Kapan\u0131"},"content":{"rendered":"<p>\n\t<span style=\"color:#ff0000;\"><strong>Spesifikasyonlar;\u00a0\u00a0<\/strong><\/span><\/p>\n<p>\n\t<span style=\"color:#ff0000;\"><strong>\u00d6l\u00e7\u00fcler; 25 x 15 cm <\/strong><\/span><\/p>\n<p>\n\t<span style=\"color:#ff0000;\"><strong>Kal\u0131nl\u0131k; 2,28 mm .<\/strong><\/span><\/p>\n<p>\n\t<span style=\"color:#ff0000;\"><strong>Adet :1 <\/strong><\/span><\/p>\n<p>\n\tZehirsizdir. Yap\u0131\u015fkanl\u0131d\u0131r ve kullan\u0131ma haz\u0131rd\u0131r.<br \/>\n\t\u00c7ok g\u00fc\u00e7l\u00fc yap\u0131\u015fkan\u0131 fareyi kendine \u00e7eker \u00e7ok g\u00fc\u00e7l\u00fc olarak tutar.<br \/>\n\tBant\u0131 s\u00f6k\u00fcp m\u00fcsait yere koyman\u0131z ve i\u015fi bitince atman\u0131z yeterlidir.<\/p>\n<p><\/p>\n<p>\n\t<img decoding=\"async\" alt=\"\" src=\"https:\/\/HSNET.com.tr\/PImm\/7430000712893-1.jpg\" \/><\/p>\n","protected":false},"excerpt":{"rendered":"<p>Spesifikasyonlar;\u00a0\u00a0 \u00d6l\u00e7\u00fcler; 25 x 15 cm Kal\u0131nl\u0131k; 2,28 mm . Adet :1 Zehirsizdir. Yap\u0131\u015fkanl\u0131d\u0131r ve kullan\u0131ma haz\u0131rd\u0131r. \u00c7ok g\u00fc\u00e7l\u00fc yap\u0131\u015fkan\u0131 fareyi kendine \u00e7eker \u00e7ok g\u00fc\u00e7l\u00fc olarak tutar. Bant\u0131 s\u00f6k\u00fcp m\u00fcsait yere koyman\u0131z ve i\u015fi bitince atman\u0131z yeterlidir.<\/p>\n","protected":false},"featured_media":102473,"comment_status":"open","ping_status":"closed","template":"","meta":{"_kad_post_transparent":"","_kad_post_title":"","_kad_post_layout":"","_kad_post_sidebar_id":"","_kad_post_content_style":"","_kad_post_vertical_padding":"","_kad_post_feature":"","_kad_post_feature_position":"","_kad_post_header":false,"_kad_post_footer":false,"_kad_post_classname":""},"product_brand":[],"product_cat":[14333],"product_tag":[],"class_list":{"0":"post-102474","1":"product","2":"type-product","3":"status-publish","4":"has-post-thumbnail","6":"product_cat-hasere-ilaclari-ev-gerecleri-ev-yasam-hasere-ilaclari","8":"first","9":"instock","10":"purchasable","11":"product-type-simple","12":"entry","13":"content-bg","14":"loop-entry"},"_links":{"self":[{"href":"https:\/\/www.hediyepazar.com\/index.php?rest_route=\/wp\/v2\/product\/102474","targetHints":{"allow":["GET"]}}],"collection":[{"href":"https:\/\/www.hediyepazar.com\/index.php?rest_route=\/wp\/v2\/product"}],"about":[{"href":"https:\/\/www.hediyepazar.com\/index.php?rest_route=\/wp\/v2\/types\/product"}],"replies":[{"embeddable":true,"href":"https:\/\/www.hediyepazar.com\/index.php?rest_route=%2Fwp%2Fv2%2Fcomments&post=102474"}],"wp:featuredmedia":[{"embeddable":true,"href":"https:\/\/www.hediyepazar.com\/index.php?rest_route=\/wp\/v2\/media\/102473"}],"wp:attachment":[{"href":"https:\/\/www.hediyepazar.com\/index.php?rest_route=%2Fwp%2Fv2%2Fmedia&parent=102474"}],"wp:term":[{"taxonomy":"product_brand","embeddable":true,"href":"https:\/\/www.hediyepazar.com\/index.php?rest_route=%2Fwp%2Fv2%2Fproduct_brand&post=102474"},{"taxonomy":"product_cat","embeddable":true,"href":"https:\/\/www.hediyepazar.com\/index.php?rest_route=%2Fwp%2Fv2%2Fproduct_cat&post=102474"},{"taxonomy":"product_tag","embeddable":true,"href":"https:\/\/www.hediyepazar.com\/index.php?rest_route=%2Fwp%2Fv2%2Fproduct_tag&post=102474"}],"curies":[{"name":"wp","href":"https:\/\/api.w.org\/{rel}","templated":true}]}}