{"id":102478,"date":"2026-05-04T06:44:14","date_gmt":"2026-05-04T09:44:14","guid":{"rendered":"https:\/\/www.hediyepazar.com\/?product=turk-izzy-10-adet-ayak-taban-nasir-yedek-jileti"},"modified":"2026-05-04T06:44:14","modified_gmt":"2026-05-04T09:44:14","slug":"turk-izzy-10-adet-ayak-taban-nasir-yedek-jileti","status":"publish","type":"product","link":"https:\/\/www.hediyepazar.com\/?product=turk-izzy-10-adet-ayak-taban-nasir-yedek-jileti","title":{"rendered":"Turk Izzy 10 ADET Ayak Taban Nas\u0131r Yedek Jileti"},"content":{"rendered":"<p>\n\t<span style=\"color:#ff0000;\"><strong>Spesifikasyonlar : <\/strong><\/span><\/p>\n<p>\n\t<span style=\"color:#ff0000;\"><strong>Adet : 1 <\/strong><\/span><\/p>\n<p>\n\t<span style=\"color:#ff0000;\"><strong>Cinsiyet : Unisex <\/strong><\/span><\/p>\n<p>\n\tErogonomik tutu\u015fa sahip, HSNET Izzy\u00a0 Ayak Taban Nas\u0131r Jileti 715628 veya di\u011fer markalara da uygun 10 adet jilettir.<br \/>\n\tBu \u00fcr\u00fcn\u00fcn ana \u00fcr\u00fcn\u00fcn\u00fcn HSNET Izzy 10 Yedekli Ayak Taban Nas\u0131r Jileti 715628\t isimli \u00fcr\u00fcnden alabilirsiniz.<\/p>\n<p>DETAYLI RES\u0130MDE YER ALAN ANA \u00dcN\u0130TE VARSA BU J\u0130LET UYUMLUDUR. BU \u00dcR\u00dcNE ANA \u00dcN\u0130TE DAH\u0130L DE\u011e\u0130LD\u0130R. <br \/><img decoding=\"async\"  src=\"https:\/\/hepsicdn.com.tr\/static\/product_detail\/hbnet00fcb5e1_4811101.webp\"><\/center> <\/p>\n","protected":false},"excerpt":{"rendered":"<p>Spesifikasyonlar : Adet : 1 Cinsiyet : Unisex Erogonomik tutu\u015fa sahip, HSNET Izzy\u00a0 Ayak Taban Nas\u0131r Jileti 715628 veya di\u011fer markalara da uygun 10 adet jilettir. Bu \u00fcr\u00fcn\u00fcn ana \u00fcr\u00fcn\u00fcn\u00fcn HSNET Izzy 10 Yedekli Ayak Taban Nas\u0131r Jileti 715628 isimli \u00fcr\u00fcnden alabilirsiniz. DETAYLI RES\u0130MDE YER ALAN ANA \u00dcN\u0130TE VARSA BU J\u0130LET UYUMLUDUR. BU \u00dcR\u00dcNE ANA&#8230;<\/p>\n","protected":false},"featured_media":102477,"comment_status":"open","ping_status":"closed","template":"","meta":{"_kad_post_transparent":"","_kad_post_title":"","_kad_post_layout":"","_kad_post_sidebar_id":"","_kad_post_content_style":"","_kad_post_vertical_padding":"","_kad_post_feature":"","_kad_post_feature_position":"","_kad_post_header":false,"_kad_post_footer":false,"_kad_post_classname":""},"product_brand":[],"product_cat":[7853],"product_tag":[],"class_list":{"0":"post-102478","1":"product","2":"type-product","3":"status-publish","4":"has-post-thumbnail","6":"product_cat-ayak-tirnak-ve-bakim-malzemeleri-kisisel-bakim-aletleri-elektronik-ayak-tirnak-ve-bakim-malzemeleri","8":"first","9":"instock","10":"purchasable","11":"product-type-simple","12":"entry","13":"content-bg","14":"loop-entry"},"_links":{"self":[{"href":"https:\/\/www.hediyepazar.com\/index.php?rest_route=\/wp\/v2\/product\/102478","targetHints":{"allow":["GET"]}}],"collection":[{"href":"https:\/\/www.hediyepazar.com\/index.php?rest_route=\/wp\/v2\/product"}],"about":[{"href":"https:\/\/www.hediyepazar.com\/index.php?rest_route=\/wp\/v2\/types\/product"}],"replies":[{"embeddable":true,"href":"https:\/\/www.hediyepazar.com\/index.php?rest_route=%2Fwp%2Fv2%2Fcomments&post=102478"}],"wp:featuredmedia":[{"embeddable":true,"href":"https:\/\/www.hediyepazar.com\/index.php?rest_route=\/wp\/v2\/media\/102477"}],"wp:attachment":[{"href":"https:\/\/www.hediyepazar.com\/index.php?rest_route=%2Fwp%2Fv2%2Fmedia&parent=102478"}],"wp:term":[{"taxonomy":"product_brand","embeddable":true,"href":"https:\/\/www.hediyepazar.com\/index.php?rest_route=%2Fwp%2Fv2%2Fproduct_brand&post=102478"},{"taxonomy":"product_cat","embeddable":true,"href":"https:\/\/www.hediyepazar.com\/index.php?rest_route=%2Fwp%2Fv2%2Fproduct_cat&post=102478"},{"taxonomy":"product_tag","embeddable":true,"href":"https:\/\/www.hediyepazar.com\/index.php?rest_route=%2Fwp%2Fv2%2Fproduct_tag&post=102478"}],"curies":[{"name":"wp","href":"https:\/\/api.w.org\/{rel}","templated":true}]}}