{"id":102480,"date":"2026-05-04T06:44:17","date_gmt":"2026-05-04T09:44:17","guid":{"rendered":"https:\/\/www.hediyepazar.com\/?product=turk-omega-paslanmaz-celik-tiras-tasi"},"modified":"2026-05-04T06:44:17","modified_gmt":"2026-05-04T09:44:17","slug":"turk-omega-paslanmaz-celik-tiras-tasi","status":"publish","type":"product","link":"https:\/\/www.hediyepazar.com\/?product=turk-omega-paslanmaz-celik-tiras-tasi","title":{"rendered":"Turk Omega Paslanmaz \u00c7elik T\u0131ra\u015f Tas\u0131"},"content":{"rendered":"<p>\n\t<strong style=\"color: rgb(255, 0, 0);\">Spesifikasyonlar :\u00a0\u00a0<\/strong><\/p>\n<p>\n\t<strong style=\"color: rgb(255, 0, 0);\">\u00d6l\u00e7\u00fcler : 8 cm \u00e7ap X 4 cm y\u00fckseklik<\/strong><\/p>\n<p>\n\t% 100 paslanmaz \u00e7elik materyaldir.<\/p>\n<p>DETAYLI B\u0130LG\u0130 \u0130\u00c7\u0130N EK RES\u0130MLER\u0130 \u0130NCELEYEB\u0130L\u0130RS\u0130N\u0130Z.   <br \/><img decoding=\"async\"  src=\"https:\/\/hepsicdn.com.tr\/static\/product_detail\/hbnetbb7c5a9a_4811301.webp\"><\/center><\/p>\n","protected":false},"excerpt":{"rendered":"<p>Spesifikasyonlar :\u00a0\u00a0 \u00d6l\u00e7\u00fcler : 8 cm \u00e7ap X 4 cm y\u00fckseklik % 100 paslanmaz \u00e7elik materyaldir. DETAYLI B\u0130LG\u0130 \u0130\u00c7\u0130N EK RES\u0130MLER\u0130 \u0130NCELEYEB\u0130L\u0130RS\u0130N\u0130Z.<\/p>\n","protected":false},"featured_media":102479,"comment_status":"open","ping_status":"closed","template":"","meta":{"_kad_post_transparent":"","_kad_post_title":"","_kad_post_layout":"","_kad_post_sidebar_id":"","_kad_post_content_style":"","_kad_post_vertical_padding":"","_kad_post_feature":"","_kad_post_feature_position":"","_kad_post_header":false,"_kad_post_footer":false,"_kad_post_classname":""},"product_brand":[],"product_cat":[14227],"product_tag":[],"class_list":{"0":"post-102480","1":"product","2":"type-product","3":"status-publish","4":"has-post-thumbnail","6":"product_cat-kuafor-urunleri-erkek-kuafor-kuafor-urunleri","8":"first","9":"instock","10":"purchasable","11":"product-type-simple","12":"entry","13":"content-bg","14":"loop-entry"},"_links":{"self":[{"href":"https:\/\/www.hediyepazar.com\/index.php?rest_route=\/wp\/v2\/product\/102480","targetHints":{"allow":["GET"]}}],"collection":[{"href":"https:\/\/www.hediyepazar.com\/index.php?rest_route=\/wp\/v2\/product"}],"about":[{"href":"https:\/\/www.hediyepazar.com\/index.php?rest_route=\/wp\/v2\/types\/product"}],"replies":[{"embeddable":true,"href":"https:\/\/www.hediyepazar.com\/index.php?rest_route=%2Fwp%2Fv2%2Fcomments&post=102480"}],"wp:featuredmedia":[{"embeddable":true,"href":"https:\/\/www.hediyepazar.com\/index.php?rest_route=\/wp\/v2\/media\/102479"}],"wp:attachment":[{"href":"https:\/\/www.hediyepazar.com\/index.php?rest_route=%2Fwp%2Fv2%2Fmedia&parent=102480"}],"wp:term":[{"taxonomy":"product_brand","embeddable":true,"href":"https:\/\/www.hediyepazar.com\/index.php?rest_route=%2Fwp%2Fv2%2Fproduct_brand&post=102480"},{"taxonomy":"product_cat","embeddable":true,"href":"https:\/\/www.hediyepazar.com\/index.php?rest_route=%2Fwp%2Fv2%2Fproduct_cat&post=102480"},{"taxonomy":"product_tag","embeddable":true,"href":"https:\/\/www.hediyepazar.com\/index.php?rest_route=%2Fwp%2Fv2%2Fproduct_tag&post=102480"}],"curies":[{"name":"wp","href":"https:\/\/api.w.org\/{rel}","templated":true}]}}