{"id":102482,"date":"2026-05-04T06:44:21","date_gmt":"2026-05-04T09:44:21","guid":{"rendered":"https:\/\/www.hediyepazar.com\/?product=turk-nasir-yara-koruyucu-silikon-koruyucu-corap"},"modified":"2026-05-04T06:44:21","modified_gmt":"2026-05-04T09:44:21","slug":"turk-nasir-yara-koruyucu-silikon-koruyucu-corap","status":"publish","type":"product","link":"https:\/\/www.hediyepazar.com\/?product=turk-nasir-yara-koruyucu-silikon-koruyucu-corap","title":{"rendered":"Turk Nas\u0131r Yara Koruyucu Silikon Koruyucu \u00c7orap"},"content":{"rendered":"<p>\n\t<strong>\u00dcr\u00fcn \u00d6zellikleri : <\/strong><\/p>\n<p>\t<strong>Materyal : <\/strong>Silikon jel<\/p>\n<p>\t<strong>Adet \/ Renk \/ Tasar\u0131m : <\/strong> 1 \u00c7\u0130FT (SA\u011e-SOL) , HSNET\u00a0 olarak tasarlad\u0131\u011f\u0131m\u0131z, resimde yer alan rengi, s\u00fcrpriz ya\u015famaman\u0131z i\u00e7in birebir g\u00f6nderiyoruz<\/p>\n<p>\t<strong>\u00d6l\u00e7\u00fcler : <\/strong>36-40 aras\u0131 bayan ayaklar\u0131 i\u00e7in uygundur<\/p>\n<p>\n\tAyak taban\u0131nda nas\u0131r, yaralar gibi etkenleri koruma sa\u011flar ve ayakabb\u0131dan uzakla\u015ft\u0131r\u0131r<\/p>\n<p>\n\tTopuk \u00e7atlaklar\u0131, ayak kurulu\u011fu \u00e7ekenler, silikon pati\u011fi giymeden \u00f6nce nemlendirici kullan\u0131rlarsa, maksimum fayda sa\u011flayabilirler ve ayak kurulu\u011fundan, topuk \u00e7atlaklar\u0131ndan k\u0131sa bir s\u00fcre i\u00e7inde kurtulabilirler.<br \/>\n\tRahat ve ac\u0131s\u0131z bir y\u00fcr\u00fcy\u00fc\u015f sunar.<br \/>\n\tToksik madde i\u00e7ermez. Hava alan tasar\u0131m\u0131yla terletme yapmaz<\/p>\n<p>\n\t<strong>M\u00dcKEMMEL SATI\u015e SONRASI H\u0130ZMET : <\/strong>HSNET \/ HSNET olarak m\u00fc\u015fterilerimize en iyi hizmeti sunmay\u0131 ama\u00e7l\u0131yor, g\u00fcvenle sat\u0131n alabilmeniz i\u00e7in, ambalaj kalitemize g\u00fcveniyor, her \u00fcr\u00fcn sorunsuz teslimat i\u00e7in \u00f6zenle paketliyor ve resimde belirtilen renk, ebat, \u00f6zelikte \u00fcr\u00fcn g\u00f6ndermeyi taahh\u00fct ediyoruz. Hasarl\u0131 \u00fcr\u00fcn ald\u0131ysan\u0131z veya di\u011fer \u00fcr\u00fcn ve paket teslimat sorunlar\u0131 oldu\u011funda bizimle ileti\u015fime ge\u00e7mekten \u00e7ekinmeyin.<\/p>\n<p>\n\tDETAYLI B\u0130LG\u0130 \u0130\u00c7\u0130N EK RES\u0130MLER\u0130 \u0130NCELEYEB\u0130L\u0130RS\u0130N\u0130Z.<br \/>\n\t<img decoding=\"async\"  src=\"https:\/\/hepsicdn.com.tr\/static\/product_detail\/hbnet2291b50c_4811401.jpg\"><\/p>\n","protected":false},"excerpt":{"rendered":"<p>\u00dcr\u00fcn \u00d6zellikleri : Materyal : Silikon jel Adet \/ Renk \/ Tasar\u0131m : 1 \u00c7\u0130FT (SA\u011e-SOL) , HSNET\u00a0 olarak tasarlad\u0131\u011f\u0131m\u0131z, resimde yer alan rengi, s\u00fcrpriz ya\u015famaman\u0131z i\u00e7in birebir g\u00f6nderiyoruz \u00d6l\u00e7\u00fcler : 36-40 aras\u0131 bayan ayaklar\u0131 i\u00e7in uygundur Ayak taban\u0131nda nas\u0131r, yaralar gibi etkenleri koruma sa\u011flar ve ayakabb\u0131dan uzakla\u015ft\u0131r\u0131r Topuk \u00e7atlaklar\u0131, ayak kurulu\u011fu \u00e7ekenler, silikon pati\u011fi&#8230;<\/p>\n","protected":false},"featured_media":102481,"comment_status":"open","ping_status":"closed","template":"","meta":{"_kad_post_transparent":"","_kad_post_title":"","_kad_post_layout":"","_kad_post_sidebar_id":"","_kad_post_content_style":"","_kad_post_vertical_padding":"","_kad_post_feature":"","_kad_post_feature_position":"","_kad_post_header":false,"_kad_post_footer":false,"_kad_post_classname":""},"product_brand":[],"product_cat":[7853],"product_tag":[],"class_list":{"0":"post-102482","1":"product","2":"type-product","3":"status-publish","4":"has-post-thumbnail","6":"product_cat-ayak-tirnak-ve-bakim-malzemeleri-kisisel-bakim-aletleri-elektronik-ayak-tirnak-ve-bakim-malzemeleri","8":"first","9":"instock","10":"purchasable","11":"product-type-simple","12":"entry","13":"content-bg","14":"loop-entry"},"_links":{"self":[{"href":"https:\/\/www.hediyepazar.com\/index.php?rest_route=\/wp\/v2\/product\/102482","targetHints":{"allow":["GET"]}}],"collection":[{"href":"https:\/\/www.hediyepazar.com\/index.php?rest_route=\/wp\/v2\/product"}],"about":[{"href":"https:\/\/www.hediyepazar.com\/index.php?rest_route=\/wp\/v2\/types\/product"}],"replies":[{"embeddable":true,"href":"https:\/\/www.hediyepazar.com\/index.php?rest_route=%2Fwp%2Fv2%2Fcomments&post=102482"}],"wp:featuredmedia":[{"embeddable":true,"href":"https:\/\/www.hediyepazar.com\/index.php?rest_route=\/wp\/v2\/media\/102481"}],"wp:attachment":[{"href":"https:\/\/www.hediyepazar.com\/index.php?rest_route=%2Fwp%2Fv2%2Fmedia&parent=102482"}],"wp:term":[{"taxonomy":"product_brand","embeddable":true,"href":"https:\/\/www.hediyepazar.com\/index.php?rest_route=%2Fwp%2Fv2%2Fproduct_brand&post=102482"},{"taxonomy":"product_cat","embeddable":true,"href":"https:\/\/www.hediyepazar.com\/index.php?rest_route=%2Fwp%2Fv2%2Fproduct_cat&post=102482"},{"taxonomy":"product_tag","embeddable":true,"href":"https:\/\/www.hediyepazar.com\/index.php?rest_route=%2Fwp%2Fv2%2Fproduct_tag&post=102482"}],"curies":[{"name":"wp","href":"https:\/\/api.w.org\/{rel}","templated":true}]}}