{"id":102484,"date":"2026-05-04T06:44:24","date_gmt":"2026-05-04T09:44:24","guid":{"rendered":"https:\/\/www.hediyepazar.com\/?product=turk-2-metre-cift-tarafli-yapistirici-bant-civisiz-montaj"},"modified":"2026-05-04T06:44:24","modified_gmt":"2026-05-04T09:44:24","slug":"turk-2-metre-cift-tarafli-yapistirici-bant-civisiz-montaj","status":"publish","type":"product","link":"https:\/\/www.hediyepazar.com\/?product=turk-2-metre-cift-tarafli-yapistirici-bant-civisiz-montaj","title":{"rendered":"Turk 2 Metre \u00c7ift Tarafl\u0131 Yap\u0131\u015ft\u0131r\u0131c\u0131 Bant \u00c7ivisiz Montaj"},"content":{"rendered":"<p>\n\t<strong>\u00dcr\u00fcn \u00d6zellikleri : <\/strong><\/p>\n<p>\t<strong>Materyal : Akrilik Silikon<\/strong><\/p>\n<p>\t<strong>Adet \/ Renk \/ Tasar\u0131m : <\/strong> 2 METRE , HSNET Benoit Design olarak tasarlad\u0131\u011f\u0131m\u0131z, resimde yer alan BEYAZ rengi, s\u00fcrpriz ya\u015famaman\u0131z i\u00e7in birebir g\u00f6nderiyoruz<\/p>\n<p>\t<strong>\u00d6l\u00e7\u00fcler :\u00a0<\/strong>1.8 cm geni\u015flik<\/p>\n<p>\n\t<font color=\"#ff0000\"><b>\u00a0<\/b><\/font><span style=\"color: rgb(255, 0, 0);\"><strong>Nerelerde Kullan\u0131r\u0131m ?<\/strong><\/span><strong> <\/strong>Otomobil,ev,ofis,fabrika,yazl\u0131k,at\u00f6lye,imalat vb,\u00a0Suya kar\u015f\u0131 izole edilecek b\u00f6l\u00fcmlerde ve t\u00fcm y\u00fczeylerde uygulanabilir.<\/p>\n<p>\n\tAkl\u0131n\u0131za gelecek her alanda 2 y\u00fczeyi birbirine yap\u0131\u015ft\u0131rmak ama\u00e7l\u0131, istenildi\u011finde kolay s\u00f6k\u00fclebilen Hal\u0131, mutfak, Duvar, metal, ah\u015fap, seramik, karton, plastik, Otomotiv Sanayi, \u00e7er\u00e7eve, banyo, zemin vb t\u00fcm alanlarda\u00a0<\/p>\n<p>\n\t<span style=\"color:#ff0000;\"><span style=\"color:#ff0000;\"><strong>\u00dcr\u00fcn \u00d6zellikleri :\u00a0\u00a0<\/strong><\/span><\/span><br \/>\n\tcm2 ye 0,65 kg tutma g\u00fcc\u00fc<br \/>\n\tMuhte\u015fem yap\u0131\u015fma ve tutu\u015f g\u00fcc\u00fc<br \/>\n\tSu ve \u0131s\u0131 dayan\u0131kl\u0131l\u0131\u011f\u0131<br \/>\n\t\u00c7\u00f6z\u00fcnmeye kar\u015f\u0131 dayan\u0131kl\u0131l\u0131k<br \/>\n\tTitre\u015fimi \u00f6nler<br \/>\n\tUniversal bir \u00fcr\u00fcn olup, yap\u0131\u015fma \u00f6zelli\u011fi olan kimyasal koruyuculudur.<br \/>\n\tHer iki taraf\u0131nda yap\u0131\u015fkanl\u0131 \u00f6zellikte ve rulo i\u00e7inde koruma bant\u0131 mevcuttur.<br \/>\n\tS\u00f6k\u00fcld\u00fc\u011f\u00fc zaman zemine zarar vermez ve tahrip etmez<br \/>\n\ts\u0131cak ortamlarda size serinlik ve ferahl\u0131k sunar.<br \/>\n\tVantuzuyla \u00f6n veya yan cama tutturarak sabitlenebilir.<\/p>\n<p>\t<span style=\"color:#ff0000;\"><span style=\"color:#ff0000;\"><span style=\"color:#ff0000;\"><strong>Nas\u0131l Kullan\u0131r\u0131m ? <\/strong><\/span><\/span><\/span>Uygulanacak y\u00fczeyi kir, pas ve kimyasal maddelere kar\u015f\u0131 temizleyin.<br \/>\n\tUygulanacak cismin arkas\u0131na band\u0131 yap\u0131\u015ft\u0131r\u0131n<br \/>\n\tDaha sonra uygulanacak y\u00fczeye tam olarak oturtun ve bir s\u00fcre bast\u0131rarak tutun. \u00a0<span style=\"color:#ff0000;\"><span style=\"color:#ff0000;\"><span style=\"color:#ff0000;\"> <\/span><\/span><\/span><\/p>\n<p><\/p>\n<p>\n\t<strong>M\u00dcKEMMEL SATI\u015e SONRASI H\u0130ZMET : <\/strong>HSNET \/ HSNET olarak m\u00fc\u015fterilerimize en iyi hizmeti sunmay\u0131 ama\u00e7l\u0131yor, g\u00fcvenle sat\u0131n alabilmeniz i\u00e7in, ambalaj kalitemize g\u00fcveniyor, her \u00fcr\u00fcn sorunsuz teslimat i\u00e7in \u00f6zenle paketliyor ve resimde belirtilen renk, ebat, \u00f6zelikte \u00fcr\u00fcn g\u00f6ndermeyi taahh\u00fct ediyoruz. Hasarl\u0131 \u00fcr\u00fcn ald\u0131ysan\u0131z veya di\u011fer \u00fcr\u00fcn ve paket teslimat sorunlar\u0131 oldu\u011funda bizimle ileti\u015fime ge\u00e7mekten \u00e7ekinmeyin.<\/p>\n<p>\n\tDETAYLI B\u0130LG\u0130 \u0130\u00c7\u0130N EK RES\u0130MLER\u0130 \u0130NCELEYEB\u0130L\u0130RS\u0130N\u0130Z.<\/p>\n<p>\n\t<br \/>\n\t<img decoding=\"async\"  src=\"https:\/\/hepsicdn.com.tr\/static\/product_detail\/hbnet5a546599_4811801.jpg\"><\/p>\n","protected":false},"excerpt":{"rendered":"<p>\u00dcr\u00fcn \u00d6zellikleri : Materyal : Akrilik Silikon Adet \/ Renk \/ Tasar\u0131m : 2 METRE , HSNET Benoit Design olarak tasarlad\u0131\u011f\u0131m\u0131z, resimde yer alan BEYAZ rengi, s\u00fcrpriz ya\u015famaman\u0131z i\u00e7in birebir g\u00f6nderiyoruz \u00d6l\u00e7\u00fcler :\u00a01.8 cm geni\u015flik \u00a0Nerelerde Kullan\u0131r\u0131m ? Otomobil,ev,ofis,fabrika,yazl\u0131k,at\u00f6lye,imalat vb,\u00a0Suya kar\u015f\u0131 izole edilecek b\u00f6l\u00fcmlerde ve t\u00fcm y\u00fczeylerde uygulanabilir. Akl\u0131n\u0131za gelecek her alanda 2 y\u00fczeyi birbirine&#8230;<\/p>\n","protected":false},"featured_media":102483,"comment_status":"open","ping_status":"closed","template":"","meta":{"_kad_post_transparent":"","_kad_post_title":"","_kad_post_layout":"","_kad_post_sidebar_id":"","_kad_post_content_style":"","_kad_post_vertical_padding":"","_kad_post_feature":"","_kad_post_feature_position":"","_kad_post_header":false,"_kad_post_footer":false,"_kad_post_classname":""},"product_brand":[],"product_cat":[14329],"product_tag":[],"class_list":{"0":"post-102484","1":"product","2":"type-product","3":"status-publish","4":"has-post-thumbnail","6":"product_cat-hirdavat-urunleri-yapi-market-bahce-yapi-market-ev-yasam-tarafli-ve-yapistiricilar","8":"first","9":"instock","10":"purchasable","11":"product-type-simple","12":"entry","13":"content-bg","14":"loop-entry"},"_links":{"self":[{"href":"https:\/\/www.hediyepazar.com\/index.php?rest_route=\/wp\/v2\/product\/102484","targetHints":{"allow":["GET"]}}],"collection":[{"href":"https:\/\/www.hediyepazar.com\/index.php?rest_route=\/wp\/v2\/product"}],"about":[{"href":"https:\/\/www.hediyepazar.com\/index.php?rest_route=\/wp\/v2\/types\/product"}],"replies":[{"embeddable":true,"href":"https:\/\/www.hediyepazar.com\/index.php?rest_route=%2Fwp%2Fv2%2Fcomments&post=102484"}],"wp:featuredmedia":[{"embeddable":true,"href":"https:\/\/www.hediyepazar.com\/index.php?rest_route=\/wp\/v2\/media\/102483"}],"wp:attachment":[{"href":"https:\/\/www.hediyepazar.com\/index.php?rest_route=%2Fwp%2Fv2%2Fmedia&parent=102484"}],"wp:term":[{"taxonomy":"product_brand","embeddable":true,"href":"https:\/\/www.hediyepazar.com\/index.php?rest_route=%2Fwp%2Fv2%2Fproduct_brand&post=102484"},{"taxonomy":"product_cat","embeddable":true,"href":"https:\/\/www.hediyepazar.com\/index.php?rest_route=%2Fwp%2Fv2%2Fproduct_cat&post=102484"},{"taxonomy":"product_tag","embeddable":true,"href":"https:\/\/www.hediyepazar.com\/index.php?rest_route=%2Fwp%2Fv2%2Fproduct_tag&post=102484"}],"curies":[{"name":"wp","href":"https:\/\/api.w.org\/{rel}","templated":true}]}}