{"id":102488,"date":"2026-05-04T06:45:04","date_gmt":"2026-05-04T09:45:04","guid":{"rendered":"https:\/\/www.hediyepazar.com\/?product=turk-bulasik-camasir-kurutma-makine-temizleme-fircasi-2-adet"},"modified":"2026-05-04T06:45:04","modified_gmt":"2026-05-04T09:45:04","slug":"turk-bulasik-camasir-kurutma-makine-temizleme-fircasi-2-adet","status":"publish","type":"product","link":"https:\/\/www.hediyepazar.com\/?product=turk-bulasik-camasir-kurutma-makine-temizleme-fircasi-2-adet","title":{"rendered":"Turk Bula\u015f\u0131k \u00c7ama\u015f\u0131r Kurutma Makine Temizleme F\u0131r\u00e7as\u0131 2 Adet"},"content":{"rendered":"<p>\n\t<span style=\"color:#ff0000;\"><strong>Spesifikasyonlar : <\/strong><\/span><\/p>\n<p>\n\t<span style=\"color:#ff0000;\"><strong>Adet : 2 <\/strong><\/span><\/p>\n<p>\n\t<span style=\"color:#ff0000;\"><strong>\u00d6l\u00e7\u00fcler : 72 cm uzunluk <\/strong><\/span><\/p>\n<p>\n\t\u00c7ama\u015f\u0131r ve kurutma makinelerinde zamanla kapak silikon fitillerinde, gider ve giri\u015f borular\u0131ndaki t\u0131kanmalar\u0131 temizlemenize olanak sa\u011flayan, esnek, k\u0131vr\u0131labilir f\u0131r\u00e7ad\u0131r.<br \/>\n\tDETAYLI B\u0130LG\u0130 \u0130\u00c7\u0130N EK RES\u0130MLER\u0130 \u0130NCELEYEB\u0130L\u0130RS\u0130N\u0130Z.<\/p>\n<p>\n\t<span br=\"\"><img decoding=\"async\"  src=\"https:\/\/hepsicdn.com.tr\/static\/product_detail\/hbnet42331e13_4812101.jpg\"><\/span><\/p>\n","protected":false},"excerpt":{"rendered":"<p>Spesifikasyonlar : Adet : 2 \u00d6l\u00e7\u00fcler : 72 cm uzunluk \u00c7ama\u015f\u0131r ve kurutma makinelerinde zamanla kapak silikon fitillerinde, gider ve giri\u015f borular\u0131ndaki t\u0131kanmalar\u0131 temizlemenize olanak sa\u011flayan, esnek, k\u0131vr\u0131labilir f\u0131r\u00e7ad\u0131r. DETAYLI B\u0130LG\u0130 \u0130\u00c7\u0130N EK RES\u0130MLER\u0130 \u0130NCELEYEB\u0130L\u0130RS\u0130N\u0130Z.<\/p>\n","protected":false},"featured_media":102487,"comment_status":"open","ping_status":"closed","template":"","meta":{"_kad_post_transparent":"","_kad_post_title":"","_kad_post_layout":"","_kad_post_sidebar_id":"","_kad_post_content_style":"","_kad_post_vertical_padding":"","_kad_post_feature":"","_kad_post_feature_position":"","_kad_post_header":false,"_kad_post_footer":false,"_kad_post_classname":""},"product_brand":[],"product_cat":[14360],"product_tag":[],"class_list":{"0":"post-102488","1":"product","2":"type-product","3":"status-publish","4":"has-post-thumbnail","6":"product_cat-temizlik-gerecleri-ev-temizlik-supermarket-temizlik-gerecleri-ev-temizlik-supermarket","8":"first","9":"instock","10":"purchasable","11":"product-type-simple","12":"entry","13":"content-bg","14":"loop-entry"},"_links":{"self":[{"href":"https:\/\/www.hediyepazar.com\/index.php?rest_route=\/wp\/v2\/product\/102488","targetHints":{"allow":["GET"]}}],"collection":[{"href":"https:\/\/www.hediyepazar.com\/index.php?rest_route=\/wp\/v2\/product"}],"about":[{"href":"https:\/\/www.hediyepazar.com\/index.php?rest_route=\/wp\/v2\/types\/product"}],"replies":[{"embeddable":true,"href":"https:\/\/www.hediyepazar.com\/index.php?rest_route=%2Fwp%2Fv2%2Fcomments&post=102488"}],"wp:featuredmedia":[{"embeddable":true,"href":"https:\/\/www.hediyepazar.com\/index.php?rest_route=\/wp\/v2\/media\/102487"}],"wp:attachment":[{"href":"https:\/\/www.hediyepazar.com\/index.php?rest_route=%2Fwp%2Fv2%2Fmedia&parent=102488"}],"wp:term":[{"taxonomy":"product_brand","embeddable":true,"href":"https:\/\/www.hediyepazar.com\/index.php?rest_route=%2Fwp%2Fv2%2Fproduct_brand&post=102488"},{"taxonomy":"product_cat","embeddable":true,"href":"https:\/\/www.hediyepazar.com\/index.php?rest_route=%2Fwp%2Fv2%2Fproduct_cat&post=102488"},{"taxonomy":"product_tag","embeddable":true,"href":"https:\/\/www.hediyepazar.com\/index.php?rest_route=%2Fwp%2Fv2%2Fproduct_tag&post=102488"}],"curies":[{"name":"wp","href":"https:\/\/api.w.org\/{rel}","templated":true}]}}