{"id":102491,"date":"2026-05-04T06:45:57","date_gmt":"2026-05-04T09:45:57","guid":{"rendered":"https:\/\/www.hediyepazar.com\/?product=turk-metal-kesme-makasi-penelope"},"modified":"2026-05-04T06:45:57","modified_gmt":"2026-05-04T09:45:57","slug":"turk-metal-kesme-makasi-penelope","status":"publish","type":"product","link":"https:\/\/www.hediyepazar.com\/?product=turk-metal-kesme-makasi-penelope","title":{"rendered":"Turk Metal Kesme Makas\u0131 Penelope"},"content":{"rendered":"<p>\n\t<strong>\u00dcr\u00fcn \u00d6zellikleri : <\/strong><\/p>\n<p>\t<strong>Materyal : Krom \u00c7elik\u00a0<\/strong><\/p>\n<p>\t<strong>\u00d6l\u00e7\u00fcler : 20,5 cm\u00a0<\/strong><\/p>\n<p>\n\t<strong>Profesyonel S\u0131n\u0131f Malzeme : <\/strong>\u00d6zel genel \u0131s\u0131l i\u015flem ve y\u00fcksek frekansl\u0131 s\u00f6nd\u00fcrme teknolojisi ile krom vanadyum \u00e7eli\u011fi (Cr-V) kullan\u0131larak, sertlik HRC61-63&#8217;e ula\u015farak makaslar\u0131 daha darbeye dayan\u0131kl\u0131, a\u015f\u0131nmaya dayan\u0131kl\u0131 ve daha y\u00fcksek sertlik haline getirir. kesme kalitesini ve tak\u0131m \u00f6mr\u00fcn\u00fc iyile\u015ftirebilir.<\/p>\n<p>\n\t<strong>Emek Tasarrufu Sa\u011flayan Tasar\u0131m<\/strong>\u00a0: El kuvveti 7 kat b\u00fcy\u00fct\u00fclebilir ve \u00f6nemli \u00f6l\u00e7\u00fcde daha az yorgunlukla verimli bir \u015fekilde kesme kuvvetine d\u00f6n\u00fc\u015ft\u00fcr\u00fclebilir. \u00c7o\u011fu malzeme, t\u0131pk\u0131 s\u0131cak bir b\u0131\u00e7a\u011f\u0131n tereya\u011f\u0131n\u0131 delip ge\u00e7mesi gibi kolayca kesilebilir.<\/p>\n<p>\n\t<strong>Kusursuz Ayr\u0131nt\u0131 Par\u00e7alar\u0131 : <\/strong>ergonomik tutamak rahatt\u0131r ve tutmas\u0131 sabittir, g\u00fc\u00e7l\u00fc kaymazl\u0131k performans\u0131na sahiptir. Yay destekli, tek elle h\u0131zl\u0131 \u00e7al\u0131\u015ft\u0131rma;<br \/>\n\tUygulama Kapsam\u0131 : Metal, levhalar, \u00e7itler, al\u00fcminyum malzemeler, Sac malzeme, teneke kutular, deri, kau\u00e7uk, plastik levha, vinil kaplama, karton, PVC boru vb. \u00fczerinde kullan\u0131m i\u00e7in idealdir. Ve \u00e7e\u015fitli metal levhalar\u0131 (al\u00fcminyum) kesmek i\u00e7in \u00f6zel olarak tasarlanm\u0131\u015ft\u0131r. , bak\u0131r, tel \u00f6rg\u00fc, dikenli tel)<\/p>\n<p>\n\t<strong>M\u00dcKEMMEL SATI\u015e SONRASI H\u0130ZMET : <\/strong>HSNET \/ HSNET olarak m\u00fc\u015fterilerimize en iyi hizmeti sunmay\u0131 ama\u00e7l\u0131yor, g\u00fcvenle sat\u0131n alabilmeniz i\u00e7in, ambalaj kalitemize g\u00fcveniyor, her \u00fcr\u00fcn sorunsuz teslimat i\u00e7in \u00f6zenle paketliyor ve resimde belirtilen renk, ebat, \u00f6zelikte \u00fcr\u00fcn g\u00f6ndermeyi taahh\u00fct ediyoruz. Hasarl\u0131 \u00fcr\u00fcn ald\u0131ysan\u0131z veya di\u011fer \u00fcr\u00fcn ve paket teslimat sorunlar\u0131 oldu\u011funda bizimle ileti\u015fime ge\u00e7mekten \u00e7ekinmeyin.<\/p>\n","protected":false},"excerpt":{"rendered":"<p>\u00dcr\u00fcn \u00d6zellikleri : Materyal : Krom \u00c7elik\u00a0 \u00d6l\u00e7\u00fcler : 20,5 cm\u00a0 Profesyonel S\u0131n\u0131f Malzeme : \u00d6zel genel \u0131s\u0131l i\u015flem ve y\u00fcksek frekansl\u0131 s\u00f6nd\u00fcrme teknolojisi ile krom vanadyum \u00e7eli\u011fi (Cr-V) kullan\u0131larak, sertlik HRC61-63&#8217;e ula\u015farak makaslar\u0131 daha darbeye dayan\u0131kl\u0131, a\u015f\u0131nmaya dayan\u0131kl\u0131 ve daha y\u00fcksek sertlik haline getirir. kesme kalitesini ve tak\u0131m \u00f6mr\u00fcn\u00fc iyile\u015ftirebilir. Emek Tasarrufu Sa\u011flayan Tasar\u0131m\u00a0:&#8230;<\/p>\n","protected":false},"featured_media":102490,"comment_status":"open","ping_status":"closed","template":"","meta":{"_kad_post_transparent":"","_kad_post_title":"","_kad_post_layout":"","_kad_post_sidebar_id":"","_kad_post_content_style":"","_kad_post_vertical_padding":"","_kad_post_feature":"","_kad_post_feature_position":"","_kad_post_header":false,"_kad_post_footer":false,"_kad_post_classname":""},"product_brand":[],"product_cat":[14347],"product_tag":[],"class_list":{"0":"post-102491","1":"product","2":"type-product","3":"status-publish","4":"has-post-thumbnail","6":"product_cat-ofis-aksesuarlari-masaustu-gerecleri-kirtasiye-ofis-ofis-aksesuarlari","8":"first","9":"instock","10":"purchasable","11":"product-type-simple","12":"entry","13":"content-bg","14":"loop-entry"},"_links":{"self":[{"href":"https:\/\/www.hediyepazar.com\/index.php?rest_route=\/wp\/v2\/product\/102491","targetHints":{"allow":["GET"]}}],"collection":[{"href":"https:\/\/www.hediyepazar.com\/index.php?rest_route=\/wp\/v2\/product"}],"about":[{"href":"https:\/\/www.hediyepazar.com\/index.php?rest_route=\/wp\/v2\/types\/product"}],"replies":[{"embeddable":true,"href":"https:\/\/www.hediyepazar.com\/index.php?rest_route=%2Fwp%2Fv2%2Fcomments&post=102491"}],"wp:featuredmedia":[{"embeddable":true,"href":"https:\/\/www.hediyepazar.com\/index.php?rest_route=\/wp\/v2\/media\/102490"}],"wp:attachment":[{"href":"https:\/\/www.hediyepazar.com\/index.php?rest_route=%2Fwp%2Fv2%2Fmedia&parent=102491"}],"wp:term":[{"taxonomy":"product_brand","embeddable":true,"href":"https:\/\/www.hediyepazar.com\/index.php?rest_route=%2Fwp%2Fv2%2Fproduct_brand&post=102491"},{"taxonomy":"product_cat","embeddable":true,"href":"https:\/\/www.hediyepazar.com\/index.php?rest_route=%2Fwp%2Fv2%2Fproduct_cat&post=102491"},{"taxonomy":"product_tag","embeddable":true,"href":"https:\/\/www.hediyepazar.com\/index.php?rest_route=%2Fwp%2Fv2%2Fproduct_tag&post=102491"}],"curies":[{"name":"wp","href":"https:\/\/api.w.org\/{rel}","templated":true}]}}