{"id":102494,"date":"2026-05-04T06:46:27","date_gmt":"2026-05-04T09:46:27","guid":{"rendered":"https:\/\/www.hediyepazar.com\/?product=turk-brandon-ergonomik-hali-koltuk-yikama-fircasi"},"modified":"2026-05-04T06:46:27","modified_gmt":"2026-05-04T09:46:27","slug":"turk-brandon-ergonomik-hali-koltuk-yikama-fircasi","status":"publish","type":"product","link":"https:\/\/www.hediyepazar.com\/?product=turk-brandon-ergonomik-hali-koltuk-yikama-fircasi","title":{"rendered":"Turk Brandon Ergonomik Hal\u0131 Koltuk Y\u0131kama F\u0131r\u00e7as\u0131"},"content":{"rendered":"<p>\n\t<span style=\"color:#ff0000;\"><strong>Spesifikasyonlar :\u00a0\u00a0<\/strong><\/span><\/p>\n<p>\n\t<strong style=\"color: rgb(255, 0, 0);\">Materyal : Plastik materyaldir.<\/strong><\/p>\n<p>\n\t<span style=\"color:#ff0000;\"><strong>\u00d6l\u00e7\u00fcler : 14,3 X 6,5 X 8,1 CM <\/strong><\/span><\/p>\n<p>\n\tHal\u0131, kilim, yolluk gibi y\u00fczeylerin temizli\u011finde kullan\u0131labilir.<br \/>\n\tEtkisini artt\u0131r\u0131r ve daha pratik kullan\u0131m sa\u011flar.<br \/>\n\tErgonomik tutma b\u00f6lgesi ile kolay kulan\u0131m ve Sert f\u0131r\u00e7as\u0131 ile kolay temizlik sa\u011flar.<\/p>\n","protected":false},"excerpt":{"rendered":"<p>Spesifikasyonlar :\u00a0\u00a0 Materyal : Plastik materyaldir. \u00d6l\u00e7\u00fcler : 14,3 X 6,5 X 8,1 CM Hal\u0131, kilim, yolluk gibi y\u00fczeylerin temizli\u011finde kullan\u0131labilir. Etkisini artt\u0131r\u0131r ve daha pratik kullan\u0131m sa\u011flar. Ergonomik tutma b\u00f6lgesi ile kolay kulan\u0131m ve Sert f\u0131r\u00e7as\u0131 ile kolay temizlik sa\u011flar.<\/p>\n","protected":false},"featured_media":0,"comment_status":"open","ping_status":"closed","template":"","meta":{"_kad_post_transparent":"","_kad_post_title":"","_kad_post_layout":"","_kad_post_sidebar_id":"","_kad_post_content_style":"","_kad_post_vertical_padding":"","_kad_post_feature":"","_kad_post_feature_position":"","_kad_post_header":false,"_kad_post_footer":false,"_kad_post_classname":""},"product_brand":[],"product_cat":[14360],"product_tag":[],"class_list":{"0":"post-102494","1":"product","2":"type-product","3":"status-publish","5":"product_cat-temizlik-gerecleri-ev-temizlik-supermarket-temizlik-gerecleri-ev-temizlik-supermarket","7":"first","8":"instock","9":"purchasable","10":"product-type-simple","11":"entry","12":"content-bg","13":"loop-entry"},"_links":{"self":[{"href":"https:\/\/www.hediyepazar.com\/index.php?rest_route=\/wp\/v2\/product\/102494","targetHints":{"allow":["GET"]}}],"collection":[{"href":"https:\/\/www.hediyepazar.com\/index.php?rest_route=\/wp\/v2\/product"}],"about":[{"href":"https:\/\/www.hediyepazar.com\/index.php?rest_route=\/wp\/v2\/types\/product"}],"replies":[{"embeddable":true,"href":"https:\/\/www.hediyepazar.com\/index.php?rest_route=%2Fwp%2Fv2%2Fcomments&post=102494"}],"wp:attachment":[{"href":"https:\/\/www.hediyepazar.com\/index.php?rest_route=%2Fwp%2Fv2%2Fmedia&parent=102494"}],"wp:term":[{"taxonomy":"product_brand","embeddable":true,"href":"https:\/\/www.hediyepazar.com\/index.php?rest_route=%2Fwp%2Fv2%2Fproduct_brand&post=102494"},{"taxonomy":"product_cat","embeddable":true,"href":"https:\/\/www.hediyepazar.com\/index.php?rest_route=%2Fwp%2Fv2%2Fproduct_cat&post=102494"},{"taxonomy":"product_tag","embeddable":true,"href":"https:\/\/www.hediyepazar.com\/index.php?rest_route=%2Fwp%2Fv2%2Fproduct_tag&post=102494"}],"curies":[{"name":"wp","href":"https:\/\/api.w.org\/{rel}","templated":true}]}}