{"id":102496,"date":"2026-05-04T06:46:59","date_gmt":"2026-05-04T09:46:59","guid":{"rendered":"https:\/\/www.hediyepazar.com\/?product=turk-kuafor-boyun-tepsisi-perma-boya-giysi-koruyucu"},"modified":"2026-05-04T06:46:59","modified_gmt":"2026-05-04T09:46:59","slug":"turk-kuafor-boyun-tepsisi-perma-boya-giysi-koruyucu","status":"publish","type":"product","link":"https:\/\/www.hediyepazar.com\/?product=turk-kuafor-boyun-tepsisi-perma-boya-giysi-koruyucu","title":{"rendered":"Turk Kuaf\u00f6r Boyun Tepsisi Perma Boya Giysi Koruyucu"},"content":{"rendered":"<p>\n\t<strong>\u00dcr\u00fcn \u00d6zellikleri : <\/strong><\/p>\n<p>\t<strong>AKSESUARLAR \u00dcR\u00dcNE DAH\u0130L DE\u011e\u0130LD\u0130R. <\/strong><\/p>\n<p>\t<strong>Materyal : PVC\u00a0<\/strong><\/p>\n<p>\t<strong>Adet \/ Renk \/ Tasar\u0131m : <\/strong> 1 Adet, HSNET Nano Absolute Professional Design olarak tasarlad\u0131\u011f\u0131m\u0131z, resimde yer alan modeli , s\u00fcrpriz ya\u015famaman\u0131z i\u00e7in birebir g\u00f6nderiyoruz<\/p>\n<p>\t<strong>\u00d6l\u00e7\u00fcler (bir cep telefonu ortalama 16 cm dir. K\u0131yaslaman\u0131z i\u00e7in kolayl\u0131k de\u011fil mi ? ) : 34 x 32 x 8 cm\u00a0<\/strong><\/p>\n<p>\n\t<br \/>\n\tOmuz Dayana\u011f\u0131 \u00d6nemli Bir Sa\u00e7 Boyama ve Perma Yard\u0131mc\u0131s\u0131 Arac\u0131, Su Tutucu, Perma ve Sa\u00e7 Boyama Temel Kuaf\u00f6rl\u00fck Arac\u0131, Salonlar, Ev Kuaf\u00f6rl\u00fc\u011f\u00fc, Kuaf\u00f6rl\u00fck Salonlar\u0131 ve Mobil Kuaf\u00f6rler \u0130\u00e7in \u00c7ok Uygundur.<\/p>\n<p>\n\t<br \/>\n\tG\u00fcvenli ve \u00c7evre Dostu, Sa\u011flam ve Dayan\u0131kl\u0131, Yumu\u015fak ve Hafif, \u00c7ok Kararl\u0131 ve Rahat, Size ve M\u00fc\u015fterilerinize<\/p>\n<p>\tTepsi Boyun Omuz Profesyonel Sa\u00e7 Bak\u0131m\u0131 Omuz Dayana\u011f\u0131: Salon Tepsisi, Kuaf\u00f6rl\u00fck S\u0131ras\u0131nda \u00c7\u00f6zeltinin ve S\u0131v\u0131n\u0131n M\u00fc\u015fterinin Boynuna Akmas\u0131n\u0131 \u00d6nler, Giysilere veya Zemine Damlar ve Sol\u00fcsyonu ve S\u0131v\u0131y\u0131 Tasarruf Sa\u011flar.<\/p>\n<p>\tTepsi Sa\u00e7 Boyama Kullan\u0131m\u0131 ve Temizli\u011fi Kolay: Perma Alma Tepsisinin Sadece Boyuna Yerle\u015ftirilmesi, Kullan\u0131m\u0131 ve temizlemesi Kolayd\u0131r. Kullan\u0131mdan Sonra Temiz ve Hijyenik Tutmak \u0130\u00e7in Su ile Y\u0131kanabilir.<\/p>\n<p>\n\t<strong>M\u00dcKEMMEL SATI\u015e SONRASI H\u0130ZMET : <\/strong>Bu \u00fcr\u00fcne daha avantajl\u0131 sahip olabilmeniz i\u00e7in ma\u011fazam\u0131z\u0131 ziyaret ederek, kampanyalar\u0131 inceleyebilirsiniz. HSNET \/ HSNET olarak m\u00fc\u015fterilerimize en iyi hizmeti sunmay\u0131 ama\u00e7l\u0131yor, g\u00fcvenle sat\u0131n alabilmeniz i\u00e7in, ambalaj kalitemize g\u00fcveniyor, her \u00fcr\u00fcn sorunsuz teslimat i\u00e7in \u00f6zenle paketliyor ve resimde belirtilen renk, ebat, \u00f6zelikte \u00fcr\u00fcn g\u00f6ndermeyi taahh\u00fct ediyoruz. Hasarl\u0131 \u00fcr\u00fcn ald\u0131ysan\u0131z veya di\u011fer \u00fcr\u00fcn ve paket teslimat sorunlar\u0131 oldu\u011funda bizimle ileti\u015fime ge\u00e7mekten \u00e7ekinmeyin.<\/p>\n<p>\n\t<strong>Detayl\u0131 bilgi i\u00e7in ek resimleri inceleyebilirsiniz<\/strong><\/p>\n<p><\/p>\n<p>\n\t<strong><img decoding=\"async\"  src=\"https:\/\/hepsicdn.com.tr\/static\/product_detail\/hbnet59ae2b6d_4813101.jpg\"><\/strong><\/p>\n<p>\n\t\u00a0<\/p>\n","protected":false},"excerpt":{"rendered":"<p>\u00dcr\u00fcn \u00d6zellikleri : AKSESUARLAR \u00dcR\u00dcNE DAH\u0130L DE\u011e\u0130LD\u0130R. Materyal : PVC\u00a0 Adet \/ Renk \/ Tasar\u0131m : 1 Adet, HSNET Nano Absolute Professional Design olarak tasarlad\u0131\u011f\u0131m\u0131z, resimde yer alan modeli , s\u00fcrpriz ya\u015famaman\u0131z i\u00e7in birebir g\u00f6nderiyoruz \u00d6l\u00e7\u00fcler (bir cep telefonu ortalama 16 cm dir. K\u0131yaslaman\u0131z i\u00e7in kolayl\u0131k de\u011fil mi ? ) : 34 x 32 x&#8230;<\/p>\n","protected":false},"featured_media":102495,"comment_status":"open","ping_status":"closed","template":"","meta":{"_kad_post_transparent":"","_kad_post_title":"","_kad_post_layout":"","_kad_post_sidebar_id":"","_kad_post_content_style":"","_kad_post_vertical_padding":"","_kad_post_feature":"","_kad_post_feature_position":"","_kad_post_header":false,"_kad_post_footer":false,"_kad_post_classname":""},"product_brand":[],"product_cat":[14227],"product_tag":[],"class_list":{"0":"post-102496","1":"product","2":"type-product","3":"status-publish","4":"has-post-thumbnail","6":"product_cat-kuafor-urunleri-erkek-kuafor-kuafor-urunleri","8":"first","9":"instock","10":"purchasable","11":"product-type-simple","12":"entry","13":"content-bg","14":"loop-entry"},"_links":{"self":[{"href":"https:\/\/www.hediyepazar.com\/index.php?rest_route=\/wp\/v2\/product\/102496","targetHints":{"allow":["GET"]}}],"collection":[{"href":"https:\/\/www.hediyepazar.com\/index.php?rest_route=\/wp\/v2\/product"}],"about":[{"href":"https:\/\/www.hediyepazar.com\/index.php?rest_route=\/wp\/v2\/types\/product"}],"replies":[{"embeddable":true,"href":"https:\/\/www.hediyepazar.com\/index.php?rest_route=%2Fwp%2Fv2%2Fcomments&post=102496"}],"wp:featuredmedia":[{"embeddable":true,"href":"https:\/\/www.hediyepazar.com\/index.php?rest_route=\/wp\/v2\/media\/102495"}],"wp:attachment":[{"href":"https:\/\/www.hediyepazar.com\/index.php?rest_route=%2Fwp%2Fv2%2Fmedia&parent=102496"}],"wp:term":[{"taxonomy":"product_brand","embeddable":true,"href":"https:\/\/www.hediyepazar.com\/index.php?rest_route=%2Fwp%2Fv2%2Fproduct_brand&post=102496"},{"taxonomy":"product_cat","embeddable":true,"href":"https:\/\/www.hediyepazar.com\/index.php?rest_route=%2Fwp%2Fv2%2Fproduct_cat&post=102496"},{"taxonomy":"product_tag","embeddable":true,"href":"https:\/\/www.hediyepazar.com\/index.php?rest_route=%2Fwp%2Fv2%2Fproduct_tag&post=102496"}],"curies":[{"name":"wp","href":"https:\/\/api.w.org\/{rel}","templated":true}]}}