{"id":102500,"date":"2026-05-04T06:47:08","date_gmt":"2026-05-04T09:47:08","guid":{"rendered":"https:\/\/www.hediyepazar.com\/?product=turk-at-kili-kuru-islak-selulit-peeling-fircasi"},"modified":"2026-05-04T06:47:08","modified_gmt":"2026-05-04T09:47:08","slug":"turk-at-kili-kuru-islak-selulit-peeling-fircasi","status":"publish","type":"product","link":"https:\/\/www.hediyepazar.com\/?product=turk-at-kili-kuru-islak-selulit-peeling-fircasi","title":{"rendered":"Turk At K\u0131l\u0131 Kuru Islak Sel\u00fclit Peeling F\u0131r\u00e7as\u0131"},"content":{"rendered":"<p>\t<span style=\"color:#ff0000;\"><strong>Spesifikasyonlar : <\/strong><\/span><\/p>\n<p>\t<span style=\"color:#ff0000;\"><strong>Materyal : Ah\u015fap + At kILI<\/strong><\/span><\/p>\n<p>\t<span style=\"color:#ff0000;\"><strong>Adet : 1 <\/strong><\/span><\/p>\n<p>\t<span style=\"color:#ff0000;\"><strong>\u00d6l\u00e7\u00fcler : Toplam 41 cm, f\u0131r\u00e7a 12 x 7 cm <\/strong><\/span><\/p>\n<p>\t<span style=\"color:#ff0000;\"><strong>Bambu sap \u00e7\u0131kar\u0131labilir \u00f6zeliktedir ve f\u0131r\u00e7a ele ge\u00e7irilerek de kullan\u0131labilir<\/strong><\/span><\/p>\n<p>\tCildinizi P\u00fcr\u00fczs\u00fczle\u015ftirin : Baz\u0131 v\u00fccut eksfoliyat\u00f6r f\u0131r\u00e7alar\u0131 sert k\u0131llarla cilde zarar verir, ancak Winsteck v\u00fccut f\u0131r\u00e7as\u0131, \u00f6l\u00fc h\u00fccreleri da\u011f\u0131tarak, cildi s\u0131k\u0131la\u015ft\u0131rarak, sel\u00fcliti azaltarak ve dola\u015f\u0131m\u0131 h\u0131zland\u0131rarak sizi \u0131\u015f\u0131lt\u0131l\u0131 yapan %100 do\u011fal at k\u0131l\u0131 ile yap\u0131l\u0131r. Her g\u00fcn cildinizi canland\u0131rman\u0131za ve v\u00fccudunuzu rahatlatman\u0131za yard\u0131mc\u0131 olacakt\u0131r.<br \/>\tE\u015fsiz Ayr\u0131labilir Tasar\u0131 : Winsteck banyo g\u00f6vdesi f\u0131r\u00e7as\u0131, banyo f\u0131r\u00e7as\u0131n\u0131n s\u0131rt\u0131n\u0131z\u0131, omuzlar\u0131n\u0131z\u0131, kal\u00e7alar\u0131n\u0131z\u0131 vb. temizlemesini kolayla\u015ft\u0131ran kaymaz kenevir ipli \u00e7\u0131kar\u0131labilir 41 CM m\u00fckemmel kavisli bambu sap\u0131na sahiptir. Ayr\u0131ca uzun sap\u0131 \u00e7\u0131karabilir ve d\u00f6nd\u00fcrebilirsiniz. kullan\u0131\u015fl\u0131 bir f\u0131r\u00e7a haline getirir.F\u0131r\u00e7a ba\u015fl\u0131\u011f\u0131ndaki benzersiz elastik bant tasar\u0131m\u0131, daha s\u0131k\u0131 kullanman\u0131z\u0131 sa\u011flar.<br \/>\tIslak ve Kuru Du\u015f i\u00e7in Uygun : Winsteck du\u015f f\u0131r\u00e7as\u0131 hem kuru hem de \u0131slak olarak kullan\u0131labilir. At k\u0131l\u0131 kurudu\u011funda cildi s\u0131k\u0131la\u015ft\u0131rmak i\u00e7in iyi bir f\u0131r\u00e7ad\u0131r. Kullan\u0131ld\u0131\u011f\u0131nda s\u0131cak su ile y\u0131kand\u0131ktan sonra yumu\u015far ve v\u00fccut temizli\u011fine uygundur. Cildinizin kalitesini iyile\u015ftirin ve parlak ve p\u00fcr\u00fczs\u00fcz b\u0131rak\u0131n.<\/p>\n","protected":false},"excerpt":{"rendered":"<p>Spesifikasyonlar : Materyal : Ah\u015fap + At kILI Adet : 1 \u00d6l\u00e7\u00fcler : Toplam 41 cm, f\u0131r\u00e7a 12 x 7 cm Bambu sap \u00e7\u0131kar\u0131labilir \u00f6zeliktedir ve f\u0131r\u00e7a ele ge\u00e7irilerek de kullan\u0131labilir Cildinizi P\u00fcr\u00fczs\u00fczle\u015ftirin : Baz\u0131 v\u00fccut eksfoliyat\u00f6r f\u0131r\u00e7alar\u0131 sert k\u0131llarla cilde zarar verir, ancak Winsteck v\u00fccut f\u0131r\u00e7as\u0131, \u00f6l\u00fc h\u00fccreleri da\u011f\u0131tarak, cildi s\u0131k\u0131la\u015ft\u0131rarak, sel\u00fcliti azaltarak ve&#8230;<\/p>\n","protected":false},"featured_media":102499,"comment_status":"open","ping_status":"closed","template":"","meta":{"_kad_post_transparent":"","_kad_post_title":"","_kad_post_layout":"","_kad_post_sidebar_id":"","_kad_post_content_style":"","_kad_post_vertical_padding":"","_kad_post_feature":"","_kad_post_feature_position":"","_kad_post_header":false,"_kad_post_footer":false,"_kad_post_classname":""},"product_brand":[],"product_cat":[14289],"product_tag":[],"class_list":{"0":"post-102500","1":"product","2":"type-product","3":"status-publish","4":"has-post-thumbnail","6":"product_cat-diger-saglik-urunleri-genel-saglik-saglik-supermarket-diger-saglik-urunleri","8":"first","9":"instock","10":"purchasable","11":"product-type-simple","12":"entry","13":"content-bg","14":"loop-entry"},"_links":{"self":[{"href":"https:\/\/www.hediyepazar.com\/index.php?rest_route=\/wp\/v2\/product\/102500","targetHints":{"allow":["GET"]}}],"collection":[{"href":"https:\/\/www.hediyepazar.com\/index.php?rest_route=\/wp\/v2\/product"}],"about":[{"href":"https:\/\/www.hediyepazar.com\/index.php?rest_route=\/wp\/v2\/types\/product"}],"replies":[{"embeddable":true,"href":"https:\/\/www.hediyepazar.com\/index.php?rest_route=%2Fwp%2Fv2%2Fcomments&post=102500"}],"wp:featuredmedia":[{"embeddable":true,"href":"https:\/\/www.hediyepazar.com\/index.php?rest_route=\/wp\/v2\/media\/102499"}],"wp:attachment":[{"href":"https:\/\/www.hediyepazar.com\/index.php?rest_route=%2Fwp%2Fv2%2Fmedia&parent=102500"}],"wp:term":[{"taxonomy":"product_brand","embeddable":true,"href":"https:\/\/www.hediyepazar.com\/index.php?rest_route=%2Fwp%2Fv2%2Fproduct_brand&post=102500"},{"taxonomy":"product_cat","embeddable":true,"href":"https:\/\/www.hediyepazar.com\/index.php?rest_route=%2Fwp%2Fv2%2Fproduct_cat&post=102500"},{"taxonomy":"product_tag","embeddable":true,"href":"https:\/\/www.hediyepazar.com\/index.php?rest_route=%2Fwp%2Fv2%2Fproduct_tag&post=102500"}],"curies":[{"name":"wp","href":"https:\/\/api.w.org\/{rel}","templated":true}]}}