{"id":102502,"date":"2026-05-04T06:47:12","date_gmt":"2026-05-04T09:47:12","guid":{"rendered":"https:\/\/www.hediyepazar.com\/?product=turk-sac-kirigi-icin-jiletli-tarak-2"},"modified":"2026-05-04T06:47:12","modified_gmt":"2026-05-04T09:47:12","slug":"turk-sac-kirigi-icin-jiletli-tarak-2","status":"publish","type":"product","link":"https:\/\/www.hediyepazar.com\/?product=turk-sac-kirigi-icin-jiletli-tarak-2","title":{"rendered":"Turk Sa\u00e7 K\u0131r\u0131\u011f\u0131 \u0130\u00e7in Jiletli Tarak"},"content":{"rendered":"<p>\n\t<span style=\"color:#ff0000;\"><strong>Spesifikasyonlar : <\/strong><\/span><\/p>\n<p>\n\tSa\u00e7\u0131n\u0131zdaki k\u0131r\u0131llma ve rahats\u0131z eden sa\u00e7 telelrini kolayca temizlemenizi ve p\u00fcr\u00fczs\u00fcz sa\u00e7 elde etmenize olanak sa\u011flar.<br \/>\n\t\u0130\u00e7erisinde standart jilet bulunur ( de\u011fi\u015ftirilebilr) ve hafif\u00e7e sa\u00e7\u0131n\u0131zda gezdirerek k\u0131r\u0131klar\u0131 temizleyebilirsiniz.<br \/>\n\tDETAYLI B\u0130LG\u0130 \u0130\u00c7\u0130N EK RES\u0130MLER\u0130 \u0130NCELEYEB\u0130L\u0130RS\u0130N\u0130Z.<\/p>\n<p>\n\t<span br=\"\"><img decoding=\"async\"  src=\"https:\/\/hepsicdn.com.tr\/static\/product_detail\/hbnet1dd47035_4813501.jpg\"> <\/span><\/p>\n","protected":false},"excerpt":{"rendered":"<p>Spesifikasyonlar : Sa\u00e7\u0131n\u0131zdaki k\u0131r\u0131llma ve rahats\u0131z eden sa\u00e7 telelrini kolayca temizlemenizi ve p\u00fcr\u00fczs\u00fcz sa\u00e7 elde etmenize olanak sa\u011flar. \u0130\u00e7erisinde standart jilet bulunur ( de\u011fi\u015ftirilebilr) ve hafif\u00e7e sa\u00e7\u0131n\u0131zda gezdirerek k\u0131r\u0131klar\u0131 temizleyebilirsiniz. DETAYLI B\u0130LG\u0130 \u0130\u00c7\u0130N EK RES\u0130MLER\u0130 \u0130NCELEYEB\u0130L\u0130RS\u0130N\u0130Z.<\/p>\n","protected":false},"featured_media":102501,"comment_status":"open","ping_status":"closed","template":"","meta":{"_kad_post_transparent":"","_kad_post_title":"","_kad_post_layout":"","_kad_post_sidebar_id":"","_kad_post_content_style":"","_kad_post_vertical_padding":"","_kad_post_feature":"","_kad_post_feature_position":"","_kad_post_header":false,"_kad_post_footer":false,"_kad_post_classname":""},"product_brand":[],"product_cat":[14302],"product_tag":[],"class_list":{"0":"post-102502","1":"product","2":"type-product","3":"status-publish","4":"has-post-thumbnail","6":"product_cat-sac-fircasi-ve-tarak-sac-bakimi-kozmetik-sac-fircasi-ve-tarak-sac-bakimi-kozmetik","8":"first","9":"instock","10":"purchasable","11":"product-type-simple","12":"entry","13":"content-bg","14":"loop-entry"},"_links":{"self":[{"href":"https:\/\/www.hediyepazar.com\/index.php?rest_route=\/wp\/v2\/product\/102502","targetHints":{"allow":["GET"]}}],"collection":[{"href":"https:\/\/www.hediyepazar.com\/index.php?rest_route=\/wp\/v2\/product"}],"about":[{"href":"https:\/\/www.hediyepazar.com\/index.php?rest_route=\/wp\/v2\/types\/product"}],"replies":[{"embeddable":true,"href":"https:\/\/www.hediyepazar.com\/index.php?rest_route=%2Fwp%2Fv2%2Fcomments&post=102502"}],"wp:featuredmedia":[{"embeddable":true,"href":"https:\/\/www.hediyepazar.com\/index.php?rest_route=\/wp\/v2\/media\/102501"}],"wp:attachment":[{"href":"https:\/\/www.hediyepazar.com\/index.php?rest_route=%2Fwp%2Fv2%2Fmedia&parent=102502"}],"wp:term":[{"taxonomy":"product_brand","embeddable":true,"href":"https:\/\/www.hediyepazar.com\/index.php?rest_route=%2Fwp%2Fv2%2Fproduct_brand&post=102502"},{"taxonomy":"product_cat","embeddable":true,"href":"https:\/\/www.hediyepazar.com\/index.php?rest_route=%2Fwp%2Fv2%2Fproduct_cat&post=102502"},{"taxonomy":"product_tag","embeddable":true,"href":"https:\/\/www.hediyepazar.com\/index.php?rest_route=%2Fwp%2Fv2%2Fproduct_tag&post=102502"}],"curies":[{"name":"wp","href":"https:\/\/api.w.org\/{rel}","templated":true}]}}