{"id":102504,"date":"2026-05-04T06:47:17","date_gmt":"2026-05-04T09:47:17","guid":{"rendered":"https:\/\/www.hediyepazar.com\/?product=turk-nano-biyik-sabitleyici-wax-absolute-professional"},"modified":"2026-05-04T06:47:17","modified_gmt":"2026-05-04T09:47:17","slug":"turk-nano-biyik-sabitleyici-wax-absolute-professional","status":"publish","type":"product","link":"https:\/\/www.hediyepazar.com\/?product=turk-nano-biyik-sabitleyici-wax-absolute-professional","title":{"rendered":"Turk Nano B\u0131y\u0131k Sabitleyici Wax Absolute Professional"},"content":{"rendered":"<p>\n\t<strong>\u00dcr\u00fcn \u00d6zellikleri : <\/strong><\/p>\n<p>\t<strong>Adet \/ Renk \/ Tasar\u0131m : <\/strong> 1 Adet, HSNET Absolute Profrssional Bores Design olarak tasarlad\u0131\u011f\u0131m\u0131z \u00fcr\u00fcn\u00fc , s\u00fcrpriz ya\u015famaman\u0131z i\u00e7in birebir g\u00f6nderiyoruz<\/p>\n<p>\t<strong>30 gram\u00a0<\/strong><\/p>\n<p>\tDo\u011fal i\u00e7erikler: Erkek b\u0131y\u0131k wax\u2019\u0131m\u0131z i\u00e7in yaln\u0131zca Nano i\u00e7erikli do\u011fal balmumu kullan\u0131yoruz. Absolute Professional, en y\u00fcksek kalitede kuaf\u00f6rl\u00fck \u00fcr\u00fcnlerini temsil eder. Her yeni \u00fcr\u00fcn\u00fcn geli\u015ftirilmesinde bu prensibi takip ediyor.<\/p>\n<p>\tDo\u011fal bir g\u00f6r\u00fcn\u00fcm ve m\u00fckemmel tutu\u015f sa\u011flar. Her \u00e7antaya s\u0131\u011far ve hareket halindeyken BIYIK\/SAKAL \u0131n\u0131z\u0131 \u015fekillendirmek i\u00e7in her zaman kullan\u0131ma haz\u0131rd\u0131r.<\/p>\n<p>\tDURUM VE ST\u0130L: B\u0131y\u0131k ve sakal\u0131n\u0131zda kullanman\u0131n faydalar\u0131n\u0131 ya\u015fay\u0131n, alttaki cildi nemlendirerek kepek ve ka\u015f\u0131nt\u0131y\u0131 azalt\u0131r. \u0130\u015faret parma\u011f\u0131n\u0131z\u0131 ve ba\u015f parma\u011f\u0131n\u0131z\u0131 ovalayarak a\u011fday\u0131 \u0131s\u0131t\u0131n, ard\u0131ndan kuru sakal\u0131n\u0131za uygulay\u0131n ve \u015fekillendirin.<\/p>\n<p>\tUzun s\u00fcre kal\u0131c\u0131 \u015f\u0131k bir \u015fekil elde etmek i\u00e7in mumlu b\u0131y\u0131klar\u0131n\u0131z\u0131 \u00e7evirin, k\u0131v\u0131r\u0131n veya sivriltin.<\/p>\n<p>\t\u015eEK\u0130L ST\u0130L\u0130 FORM: Uygun fiyatl\u0131, a\u011fda uzun s\u00fcre dayan\u0131r. G\u00fcn boyu kontroll\u00fc, yap\u0131\u015fkan olmayan bir tutu\u015f i\u00e7in b\u0131y\u0131klar\u0131n\u0131z\u0131 s\u0131k\u0131\u015ft\u0131r\u0131n, \u00e7evirin ve \u015fekillendirin.<b>\u00a0<\/b><\/p>\n<p>\n\t<strong>M\u00dcKEMMEL SATI\u015e SONRASI H\u0130ZMET : <\/strong>Bu \u00fcr\u00fcne daha avantajl\u0131 sahip olabilmeniz i\u00e7in ma\u011fazam\u0131z\u0131 ziyaret ederek, kampanyalar\u0131 inceleyebilirsiniz. HSNET \/ HSNET olarak m\u00fc\u015fterilerimize en iyi hizmeti sunmay\u0131 ama\u00e7l\u0131yor, g\u00fcvenle sat\u0131n alabilmeniz i\u00e7in, ambalaj kalitemize g\u00fcveniyor, her \u00fcr\u00fcn sorunsuz teslimat i\u00e7in \u00f6zenle paketliyor ve resimde belirtilen renk, ebat, \u00f6zelikte \u00fcr\u00fcn g\u00f6ndermeyi taahh\u00fct ediyoruz. Hasarl\u0131 \u00fcr\u00fcn ald\u0131ysan\u0131z veya di\u011fer \u00fcr\u00fcn ve paket teslimat sorunlar\u0131 oldu\u011funda bizimle ileti\u015fime ge\u00e7mekten \u00e7ekinmeyin.<\/p>\n","protected":false},"excerpt":{"rendered":"<p>\u00dcr\u00fcn \u00d6zellikleri : Adet \/ Renk \/ Tasar\u0131m : 1 Adet, HSNET Absolute Profrssional Bores Design olarak tasarlad\u0131\u011f\u0131m\u0131z \u00fcr\u00fcn\u00fc , s\u00fcrpriz ya\u015famaman\u0131z i\u00e7in birebir g\u00f6nderiyoruz 30 gram\u00a0 Do\u011fal i\u00e7erikler: Erkek b\u0131y\u0131k wax\u2019\u0131m\u0131z i\u00e7in yaln\u0131zca Nano i\u00e7erikli do\u011fal balmumu kullan\u0131yoruz. Absolute Professional, en y\u00fcksek kalitede kuaf\u00f6rl\u00fck \u00fcr\u00fcnlerini temsil eder. Her yeni \u00fcr\u00fcn\u00fcn geli\u015ftirilmesinde bu prensibi takip&#8230;<\/p>\n","protected":false},"featured_media":102503,"comment_status":"open","ping_status":"closed","template":"","meta":{"_kad_post_transparent":"","_kad_post_title":"","_kad_post_layout":"","_kad_post_sidebar_id":"","_kad_post_content_style":"","_kad_post_vertical_padding":"","_kad_post_feature":"","_kad_post_feature_position":"","_kad_post_header":false,"_kad_post_footer":false,"_kad_post_classname":""},"product_brand":[],"product_cat":[14227],"product_tag":[],"class_list":{"0":"post-102504","1":"product","2":"type-product","3":"status-publish","4":"has-post-thumbnail","6":"product_cat-kuafor-urunleri-erkek-kuafor-kuafor-urunleri","8":"first","9":"instock","10":"purchasable","11":"product-type-simple","12":"entry","13":"content-bg","14":"loop-entry"},"_links":{"self":[{"href":"https:\/\/www.hediyepazar.com\/index.php?rest_route=\/wp\/v2\/product\/102504","targetHints":{"allow":["GET"]}}],"collection":[{"href":"https:\/\/www.hediyepazar.com\/index.php?rest_route=\/wp\/v2\/product"}],"about":[{"href":"https:\/\/www.hediyepazar.com\/index.php?rest_route=\/wp\/v2\/types\/product"}],"replies":[{"embeddable":true,"href":"https:\/\/www.hediyepazar.com\/index.php?rest_route=%2Fwp%2Fv2%2Fcomments&post=102504"}],"wp:featuredmedia":[{"embeddable":true,"href":"https:\/\/www.hediyepazar.com\/index.php?rest_route=\/wp\/v2\/media\/102503"}],"wp:attachment":[{"href":"https:\/\/www.hediyepazar.com\/index.php?rest_route=%2Fwp%2Fv2%2Fmedia&parent=102504"}],"wp:term":[{"taxonomy":"product_brand","embeddable":true,"href":"https:\/\/www.hediyepazar.com\/index.php?rest_route=%2Fwp%2Fv2%2Fproduct_brand&post=102504"},{"taxonomy":"product_cat","embeddable":true,"href":"https:\/\/www.hediyepazar.com\/index.php?rest_route=%2Fwp%2Fv2%2Fproduct_cat&post=102504"},{"taxonomy":"product_tag","embeddable":true,"href":"https:\/\/www.hediyepazar.com\/index.php?rest_route=%2Fwp%2Fv2%2Fproduct_tag&post=102504"}],"curies":[{"name":"wp","href":"https:\/\/api.w.org\/{rel}","templated":true}]}}