{"id":102508,"date":"2026-05-04T06:47:58","date_gmt":"2026-05-04T09:47:58","guid":{"rendered":"https:\/\/www.hediyepazar.com\/?product=turk-el-isciligi-islemeli-ahsap-baston"},"modified":"2026-05-04T06:47:58","modified_gmt":"2026-05-04T09:47:58","slug":"turk-el-isciligi-islemeli-ahsap-baston","status":"publish","type":"product","link":"https:\/\/www.hediyepazar.com\/?product=turk-el-isciligi-islemeli-ahsap-baston","title":{"rendered":"Turk El \u0130\u015f\u00e7ili\u011fi \u0130\u015flemeli Ah\u015fap Baston"},"content":{"rendered":"<p>\n\t<span style=\"color:#ff0000;\"><strong>Spesifikasyonlar : <\/strong><\/span><\/p>\n<p>\n\t<strong style=\"color: rgb(255, 0, 0);\">\u00d6l\u00e7\u00fcler : 93 CM X 23 MM<\/strong><\/p>\n<p>\n\t<span style=\"color:#ff0000;\"><strong>Adet : 1 <\/strong><\/span><\/p>\n<p>\n\t<span style=\"color:#ff0000;\"><strong>Materyal : %100 ah\u015fap <\/strong><\/span><\/p>\n<p>\n\t% 100 el i\u015f\u00e7ili\u011fi ah\u015fap bastondur.<br \/>\n\tErgonomik el tutma yeri ile kolay kullan\u0131m sa\u011flar.<br \/>\n\tEl i\u015f\u00e7ili\u011fi deseni mevcuttur<\/p>\n","protected":false},"excerpt":{"rendered":"<p>Spesifikasyonlar : \u00d6l\u00e7\u00fcler : 93 CM X 23 MM Adet : 1 Materyal : %100 ah\u015fap % 100 el i\u015f\u00e7ili\u011fi ah\u015fap bastondur. Ergonomik el tutma yeri ile kolay kullan\u0131m sa\u011flar. El i\u015f\u00e7ili\u011fi deseni mevcuttur<\/p>\n","protected":false},"featured_media":102507,"comment_status":"open","ping_status":"closed","template":"","meta":{"_kad_post_transparent":"","_kad_post_title":"","_kad_post_layout":"","_kad_post_sidebar_id":"","_kad_post_content_style":"","_kad_post_vertical_padding":"","_kad_post_feature":"","_kad_post_feature_position":"","_kad_post_header":false,"_kad_post_footer":false,"_kad_post_classname":""},"product_brand":[],"product_cat":[14225],"product_tag":[],"class_list":{"0":"post-102508","1":"product","2":"type-product","3":"status-publish","4":"has-post-thumbnail","6":"product_cat-baston-ev-yasam-kisiye-ozel-hediyelik-baston","8":"first","9":"instock","10":"purchasable","11":"product-type-simple","12":"entry","13":"content-bg","14":"loop-entry"},"_links":{"self":[{"href":"https:\/\/www.hediyepazar.com\/index.php?rest_route=\/wp\/v2\/product\/102508","targetHints":{"allow":["GET"]}}],"collection":[{"href":"https:\/\/www.hediyepazar.com\/index.php?rest_route=\/wp\/v2\/product"}],"about":[{"href":"https:\/\/www.hediyepazar.com\/index.php?rest_route=\/wp\/v2\/types\/product"}],"replies":[{"embeddable":true,"href":"https:\/\/www.hediyepazar.com\/index.php?rest_route=%2Fwp%2Fv2%2Fcomments&post=102508"}],"wp:featuredmedia":[{"embeddable":true,"href":"https:\/\/www.hediyepazar.com\/index.php?rest_route=\/wp\/v2\/media\/102507"}],"wp:attachment":[{"href":"https:\/\/www.hediyepazar.com\/index.php?rest_route=%2Fwp%2Fv2%2Fmedia&parent=102508"}],"wp:term":[{"taxonomy":"product_brand","embeddable":true,"href":"https:\/\/www.hediyepazar.com\/index.php?rest_route=%2Fwp%2Fv2%2Fproduct_brand&post=102508"},{"taxonomy":"product_cat","embeddable":true,"href":"https:\/\/www.hediyepazar.com\/index.php?rest_route=%2Fwp%2Fv2%2Fproduct_cat&post=102508"},{"taxonomy":"product_tag","embeddable":true,"href":"https:\/\/www.hediyepazar.com\/index.php?rest_route=%2Fwp%2Fv2%2Fproduct_tag&post=102508"}],"curies":[{"name":"wp","href":"https:\/\/api.w.org\/{rel}","templated":true}]}}