{"id":102516,"date":"2026-05-04T06:49:17","date_gmt":"2026-05-04T09:49:17","guid":{"rendered":"https:\/\/www.hediyepazar.com\/?product=turk-sac-boyama-seti-24-sac-bonesi"},"modified":"2026-05-04T06:49:17","modified_gmt":"2026-05-04T09:49:17","slug":"turk-sac-boyama-seti-24-sac-bonesi","status":"publish","type":"product","link":"https:\/\/www.hediyepazar.com\/?product=turk-sac-boyama-seti-24-sac-bonesi","title":{"rendered":"Turk Sa\u00e7 Boyama Seti 24 Sa\u00e7 Bonesi"},"content":{"rendered":"<p><span style=\"color:#ff0000;\"><strong> Spesifikasyonlar : <br \/> <\/strong><\/span><\/p>\n<p> <br  1 adet sa\u00e7 boyama seti + 24 adet sa\u00e7 bonesi hediyesiyle g\u00f6nderilir.\n <br \/>Sa\u00e7 boyama seti Tarak, f\u0131r\u00e7a ve kar\u0131\u015ft\u0131r\u0131c\u0131dan olu\u015fan sa\u00e7 boyama setidir.<br \/>DETAYLI B\u0130LG\u0130 \u0130\u00c7\u0130N EK RES\u0130MLER\u0130 \u0130NCELEYEB\u0130L\u0130RS\u0130N\u0130Z.   <br \/><img decoding=\"async\"  src=\"https:\/\/hepsicdn.com.tr\/static\/product_detail\/hbnet2844e73d_4815501.jpg\"><\/center> <\/p>\n","protected":false},"excerpt":{"rendered":"<p>Spesifikasyonlar :<\/p>\n","protected":false},"featured_media":0,"comment_status":"open","ping_status":"closed","template":"","meta":{"_kad_post_transparent":"","_kad_post_title":"","_kad_post_layout":"","_kad_post_sidebar_id":"","_kad_post_content_style":"","_kad_post_vertical_padding":"","_kad_post_feature":"","_kad_post_feature_position":"","_kad_post_header":false,"_kad_post_footer":false,"_kad_post_classname":""},"product_brand":[],"product_cat":[7902],"product_tag":[],"class_list":{"0":"post-102516","1":"product","2":"type-product","3":"status-publish","5":"product_cat-sac-boyasi-sac-bakimi-kozmetik-sac-boyasi-sac-bakimi-kozmetik","7":"first","8":"instock","9":"purchasable","10":"product-type-simple","11":"entry","12":"content-bg","13":"loop-entry"},"_links":{"self":[{"href":"https:\/\/www.hediyepazar.com\/index.php?rest_route=\/wp\/v2\/product\/102516","targetHints":{"allow":["GET"]}}],"collection":[{"href":"https:\/\/www.hediyepazar.com\/index.php?rest_route=\/wp\/v2\/product"}],"about":[{"href":"https:\/\/www.hediyepazar.com\/index.php?rest_route=\/wp\/v2\/types\/product"}],"replies":[{"embeddable":true,"href":"https:\/\/www.hediyepazar.com\/index.php?rest_route=%2Fwp%2Fv2%2Fcomments&post=102516"}],"wp:attachment":[{"href":"https:\/\/www.hediyepazar.com\/index.php?rest_route=%2Fwp%2Fv2%2Fmedia&parent=102516"}],"wp:term":[{"taxonomy":"product_brand","embeddable":true,"href":"https:\/\/www.hediyepazar.com\/index.php?rest_route=%2Fwp%2Fv2%2Fproduct_brand&post=102516"},{"taxonomy":"product_cat","embeddable":true,"href":"https:\/\/www.hediyepazar.com\/index.php?rest_route=%2Fwp%2Fv2%2Fproduct_cat&post=102516"},{"taxonomy":"product_tag","embeddable":true,"href":"https:\/\/www.hediyepazar.com\/index.php?rest_route=%2Fwp%2Fv2%2Fproduct_tag&post=102516"}],"curies":[{"name":"wp","href":"https:\/\/api.w.org\/{rel}","templated":true}]}}