{"id":102518,"date":"2026-05-04T06:49:22","date_gmt":"2026-05-04T09:49:22","guid":{"rendered":"https:\/\/www.hediyepazar.com\/?product=turk-prime-gece-surus-ve-sis-gozlugu-ozel-kutulu"},"modified":"2026-05-04T06:49:22","modified_gmt":"2026-05-04T09:49:22","slug":"turk-prime-gece-surus-ve-sis-gozlugu-ozel-kutulu","status":"publish","type":"product","link":"https:\/\/www.hediyepazar.com\/?product=turk-prime-gece-surus-ve-sis-gozlugu-ozel-kutulu","title":{"rendered":"Turk Prime Gece S\u00fcr\u00fc\u015f ve Sis G\u00f6zl\u00fc\u011f\u00fc \u00d6zel Kutulu"},"content":{"rendered":"<p>\n\t<span style=\"color:#ff0000;\"><strong>Spesifikasyonlar; HSNET Prime Gece S\u00fcr\u00fc\u015f ve Sis G\u00f6zl\u00fc\u011f\u00fc \u00d6zel Kutulu 712909 + Fermuarl\u0131 G\u00f6zl\u00fck Kab\u0131 711777 + Silme Bezi HED\u0130YES\u0130YLE g\u00f6nderilir.<\/strong><\/span><\/p>\n<p>\n\tGece,Ya\u011fmurlu,Sisli ve Karl\u0131 havalarda veya Kayak G\u00f6zl\u00fc\u011f\u00fc ama\u00e7l\u0131 olarakta kullan\u0131labilirYa\u011fmurlu<\/p>\n<p>\n\tD\u0131\u015far\u0131da ayd\u0131nl\u0131kta yap\u0131lan her t\u00fcrl\u00fc aktivite (araba kullanmak, bal\u0131k tutmak, kayak, denize a\u00e7\u0131lmak, yolculuk yapmak v.b.)<br \/>\n\tSar\u0131 renkte \u00f6zel kaplamal\u0131 I\u015f\u0131k ve far parlamalar\u0131n\u0131 azaltarak ,kaza riskini azalt\u0131r<br \/>\n\tGrinin tonlar\u0131n\u0131 ortaya \u00e7\u0131Kard\u0131\u011f\u0131n\u0131z zaman, g\u00f6r\u00fc\u015f alan\u0131 daha belirginle\u015fir ve kontrast artar. Kar\u015f\u0131dan gelen ara\u00e7lar\u0131n kuvvetli farlar\u0131n\u0131n sebep oldu\u011fu g\u00f6z kama\u015fmas\u0131 \u00f6nemli oranda azalt\u0131labilir, g\u00f6r\u00fc\u015f se\u00e7icili\u011finin artmas\u0131yla daha g\u00fcvenli ve rahat bir yolculuk sa\u011flan\u0131r.<br \/>\n\tAyr\u0131ca, ara\u00e7 kullan\u0131rken sisli ve ya\u011fmurlu havalarda da se\u00e7ilmesi zor olan objeleri s\u00fcr\u00fcc\u00fc g\u00f6zl\u00fckleriyle daha rahat g\u00f6r\u00fcr ve ay\u0131rt edebiliriz.<br \/>\n\tParlama Kar\u015f\u0131t\u0131<br \/>\n\tG\u00fcnd\u00fcz ger\u00e7ekle\u015fen parlamalar, su, sis, kum, Kar ve yol y\u00fczeyi gibi yatay y\u00fczeylerden \u0131\u015f\u0131\u011f\u0131n yans\u0131mas\u0131yla olu\u015fur. S\u00fcr\u00fcc\u00fc g\u00f6zl\u00fc\u011f\u00fc cam\u0131 y\u00fczeye gelen parlamalar\u0131, g\u00f6r\u00fc\u015f\u00fc engellemeden emer.<br \/>\n\tYans\u0131yan \u0131\u015f\u0131\u011f\u0131 s\u00fczer ve \u0131\u015f\u0131\u011f\u0131n sudan yans\u0131mas\u0131n\u0131 engeller.<br \/>\n\t\u00a0<\/p>\n","protected":false},"excerpt":{"rendered":"<p>Spesifikasyonlar; HSNET Prime Gece S\u00fcr\u00fc\u015f ve Sis G\u00f6zl\u00fc\u011f\u00fc \u00d6zel Kutulu 712909 + Fermuarl\u0131 G\u00f6zl\u00fck Kab\u0131 711777 + Silme Bezi HED\u0130YES\u0130YLE g\u00f6nderilir. Gece,Ya\u011fmurlu,Sisli ve Karl\u0131 havalarda veya Kayak G\u00f6zl\u00fc\u011f\u00fc ama\u00e7l\u0131 olarakta kullan\u0131labilirYa\u011fmurlu D\u0131\u015far\u0131da ayd\u0131nl\u0131kta yap\u0131lan her t\u00fcrl\u00fc aktivite (araba kullanmak, bal\u0131k tutmak, kayak, denize a\u00e7\u0131lmak, yolculuk yapmak v.b.) Sar\u0131 renkte \u00f6zel kaplamal\u0131 I\u015f\u0131k ve far parlamalar\u0131n\u0131&#8230;<\/p>\n","protected":false},"featured_media":102517,"comment_status":"open","ping_status":"closed","template":"","meta":{"_kad_post_transparent":"","_kad_post_title":"","_kad_post_layout":"","_kad_post_sidebar_id":"","_kad_post_content_style":"","_kad_post_vertical_padding":"","_kad_post_feature":"","_kad_post_feature_position":"","_kad_post_header":false,"_kad_post_footer":false,"_kad_post_classname":""},"product_brand":[],"product_cat":[14239],"product_tag":[],"class_list":{"0":"post-102518","1":"product","2":"type-product","3":"status-publish","4":"has-post-thumbnail","6":"product_cat-seyahat-urunleri-oto-aksesuarlari-cep-telefonu-elektronik-seyahat-urunleri","8":"first","9":"instock","10":"purchasable","11":"product-type-simple","12":"entry","13":"content-bg","14":"loop-entry"},"_links":{"self":[{"href":"https:\/\/www.hediyepazar.com\/index.php?rest_route=\/wp\/v2\/product\/102518","targetHints":{"allow":["GET"]}}],"collection":[{"href":"https:\/\/www.hediyepazar.com\/index.php?rest_route=\/wp\/v2\/product"}],"about":[{"href":"https:\/\/www.hediyepazar.com\/index.php?rest_route=\/wp\/v2\/types\/product"}],"replies":[{"embeddable":true,"href":"https:\/\/www.hediyepazar.com\/index.php?rest_route=%2Fwp%2Fv2%2Fcomments&post=102518"}],"wp:featuredmedia":[{"embeddable":true,"href":"https:\/\/www.hediyepazar.com\/index.php?rest_route=\/wp\/v2\/media\/102517"}],"wp:attachment":[{"href":"https:\/\/www.hediyepazar.com\/index.php?rest_route=%2Fwp%2Fv2%2Fmedia&parent=102518"}],"wp:term":[{"taxonomy":"product_brand","embeddable":true,"href":"https:\/\/www.hediyepazar.com\/index.php?rest_route=%2Fwp%2Fv2%2Fproduct_brand&post=102518"},{"taxonomy":"product_cat","embeddable":true,"href":"https:\/\/www.hediyepazar.com\/index.php?rest_route=%2Fwp%2Fv2%2Fproduct_cat&post=102518"},{"taxonomy":"product_tag","embeddable":true,"href":"https:\/\/www.hediyepazar.com\/index.php?rest_route=%2Fwp%2Fv2%2Fproduct_tag&post=102518"}],"curies":[{"name":"wp","href":"https:\/\/api.w.org\/{rel}","templated":true}]}}