{"id":102520,"date":"2026-05-04T06:50:55","date_gmt":"2026-05-04T09:50:55","guid":{"rendered":"https:\/\/www.hediyepazar.com\/?product=turk-hortum-aski-toplama-aparati-aparat-seti"},"modified":"2026-05-04T06:50:55","modified_gmt":"2026-05-04T09:50:55","slug":"turk-hortum-aski-toplama-aparati-aparat-seti","status":"publish","type":"product","link":"https:\/\/www.hediyepazar.com\/?product=turk-hortum-aski-toplama-aparati-aparat-seti","title":{"rendered":"Turk Hortum Ask\u0131 Toplama Aparat\u0131 Aparat Seti"},"content":{"rendered":"<p><strong>Spesifikasyonlar; HomeCare Hortum Ask\u0131 Toplama Aparat\u0131 + HomeCare Otomatik Ayarlamal\u0131 Lans Sulay\u0131c\u0131 423498 + HomeCare Hortum Musluk Ba\u011flant\u0131 Adapt&ouml;r&uuml; 422671 HED\u0130YES\u0130YLE g&ouml;nderilir.<\/strong><\/p>\n<p>% 100 PP-C ABS materyaldir ve &ccedil;ok sa\u011flamd\u0131r<br \/>\n30 Kg&rsquo;a kadar a\u011f\u0131rl\u0131ktaki gortumu ta\u015f\u0131r<br \/>\n50 Metre&rsquo;ye kadar hortum sar\u0131labilir.<br \/>\nDuvara Monte i&ccedil;in vidalar\u0131 birlikte g&ouml;nderilir.<\/p>\n<p><strong>HomeCare Hortum Musluk Ba\u011flant\u0131 Adapt&ouml;r&uuml; 422671&nbsp;<\/strong><strong>&Uuml;r&uuml;n &Ouml;zellikleri :&nbsp;<\/strong>Vanal\u0131 Musluk Hortum Ba\u011flant\u0131 adapt&ouml;r&uuml;d&uuml;r.<br \/>\nAlet kullanmadan ba\u011flama &ouml;zelli\u011fi sayesinde kolay, sorunsuz kullan\u0131m sa\u011flar.<br \/>\nMusluk Ba\u011flant\u0131s\u0131 13 mm (1\/2 in&ccedil;) di\u015fe sahip musluklara tak\u0131labilir. (STANDART &Ccedil;OK KULLANILAN)<\/p>\n<p><strong>HomeCare Otomatik Ayarlamal\u0131 Lans Sulay\u0131c\u0131 423498&nbsp;<\/strong><strong>Nerelerde Kullan\u0131r\u0131m ?&nbsp;&nbsp;<\/strong>1\/2 &ldquo; diye bilinen ,T&uuml;rkiye&rsquo;de en &ccedil;ok kullan\u0131lan(%90) ,hortum i&ccedil; &ccedil;ap\u0131 1,27 cm olan hortumlara<br \/>\n% 100 ABS materyaldir ve &ccedil;ok sa\u011flamd\u0131r<br \/>\n% 100 T&uuml;rkiye&rsquo;de imal edilmekte,&Ccedil;\u0130N &uuml;r&uuml;n&uuml; de\u011fildir.<br \/>\nOtomatik ayarl\u0131 lans ucundaki ayarlanabilen aksesuar\u0131 bulunur<br \/>\nSis ,ya\u011fmurlama ve tazyik modu ile sulama yapabilir<br \/>\n&nbsp;<\/p>\n","protected":false},"excerpt":{"rendered":"<p>Spesifikasyonlar; HomeCare Hortum Ask\u0131 Toplama Aparat\u0131 + HomeCare Otomatik Ayarlamal\u0131 Lans Sulay\u0131c\u0131 423498 + HomeCare Hortum Musluk Ba\u011flant\u0131 Adapt&ouml;r&uuml; 422671 HED\u0130YES\u0130YLE g&ouml;nderilir. % 100 PP-C ABS materyaldir ve &ccedil;ok sa\u011flamd\u0131r 30 Kg&rsquo;a kadar a\u011f\u0131rl\u0131ktaki gortumu ta\u015f\u0131r 50 Metre&rsquo;ye kadar hortum sar\u0131labilir. Duvara Monte i&ccedil;in vidalar\u0131 birlikte g&ouml;nderilir. HomeCare Hortum Musluk Ba\u011flant\u0131 Adapt&ouml;r&uuml; 422671&nbsp;&Uuml;r&uuml;n &Ouml;zellikleri :&nbsp;Vanal\u0131&#8230;<\/p>\n","protected":false},"featured_media":102519,"comment_status":"open","ping_status":"closed","template":"","meta":{"_kad_post_transparent":"","_kad_post_title":"","_kad_post_layout":"","_kad_post_sidebar_id":"","_kad_post_content_style":"","_kad_post_vertical_padding":"","_kad_post_feature":"","_kad_post_feature_position":"","_kad_post_header":false,"_kad_post_footer":false,"_kad_post_classname":""},"product_brand":[],"product_cat":[14404],"product_tag":[],"class_list":{"0":"post-102520","1":"product","2":"type-product","3":"status-publish","4":"has-post-thumbnail","6":"product_cat-hirdavat-urunleri-yapi-market-bahce-yapi-market-ev-yasam-hortum-ve-toplama-urunleri","8":"first","9":"instock","10":"purchasable","11":"product-type-simple","12":"entry","13":"content-bg","14":"loop-entry"},"_links":{"self":[{"href":"https:\/\/www.hediyepazar.com\/index.php?rest_route=\/wp\/v2\/product\/102520","targetHints":{"allow":["GET"]}}],"collection":[{"href":"https:\/\/www.hediyepazar.com\/index.php?rest_route=\/wp\/v2\/product"}],"about":[{"href":"https:\/\/www.hediyepazar.com\/index.php?rest_route=\/wp\/v2\/types\/product"}],"replies":[{"embeddable":true,"href":"https:\/\/www.hediyepazar.com\/index.php?rest_route=%2Fwp%2Fv2%2Fcomments&post=102520"}],"wp:featuredmedia":[{"embeddable":true,"href":"https:\/\/www.hediyepazar.com\/index.php?rest_route=\/wp\/v2\/media\/102519"}],"wp:attachment":[{"href":"https:\/\/www.hediyepazar.com\/index.php?rest_route=%2Fwp%2Fv2%2Fmedia&parent=102520"}],"wp:term":[{"taxonomy":"product_brand","embeddable":true,"href":"https:\/\/www.hediyepazar.com\/index.php?rest_route=%2Fwp%2Fv2%2Fproduct_brand&post=102520"},{"taxonomy":"product_cat","embeddable":true,"href":"https:\/\/www.hediyepazar.com\/index.php?rest_route=%2Fwp%2Fv2%2Fproduct_cat&post=102520"},{"taxonomy":"product_tag","embeddable":true,"href":"https:\/\/www.hediyepazar.com\/index.php?rest_route=%2Fwp%2Fv2%2Fproduct_tag&post=102520"}],"curies":[{"name":"wp","href":"https:\/\/api.w.org\/{rel}","templated":true}]}}