{"id":102522,"date":"2026-05-04T06:51:00","date_gmt":"2026-05-04T09:51:00","guid":{"rendered":"https:\/\/www.hediyepazar.com\/?product=turk-seyahat-dikis-igne-iplik-seti"},"modified":"2026-05-04T06:51:00","modified_gmt":"2026-05-04T09:51:00","slug":"turk-seyahat-dikis-igne-iplik-seti","status":"publish","type":"product","link":"https:\/\/www.hediyepazar.com\/?product=turk-seyahat-dikis-igne-iplik-seti","title":{"rendered":"Turk Seyahat Diki\u015f \u0130\u011fne \u0130plik Seti"},"content":{"rendered":"<p>\t<strong><span style=\"color:#ff0000;\">Spesifikasyonlar : 1 Adet Plastik kapakl\u0131 \u00f6zel kutusunda g\u00f6nderilir.<\/span><\/strong><\/p>\n<p>\t12 adet iplik makaras\u0131 (renkli) ve multifonksiyonel di\u011fer malzemelerden olu\u015fur<br \/>\t\u00a07 x 9 x 14,5 cm \u00f6l\u00e7\u00fclerindedir.<\/p>\n","protected":false},"excerpt":{"rendered":"<p>Spesifikasyonlar : 1 Adet Plastik kapakl\u0131 \u00f6zel kutusunda g\u00f6nderilir. 12 adet iplik makaras\u0131 (renkli) ve multifonksiyonel di\u011fer malzemelerden olu\u015fur \u00a07 x 9 x 14,5 cm \u00f6l\u00e7\u00fclerindedir.<\/p>\n","protected":false},"featured_media":102521,"comment_status":"open","ping_status":"closed","template":"","meta":{"_kad_post_transparent":"","_kad_post_title":"","_kad_post_layout":"","_kad_post_sidebar_id":"","_kad_post_content_style":"","_kad_post_vertical_padding":"","_kad_post_feature":"","_kad_post_feature_position":"","_kad_post_header":false,"_kad_post_footer":false,"_kad_post_classname":""},"product_brand":[],"product_cat":[14324],"product_tag":[],"class_list":{"0":"post-102522","1":"product","2":"type-product","3":"status-publish","4":"has-post-thumbnail","6":"product_cat-dikis-urunleri-ev-gerecleri-ev-yasam-dikis-urunleri","8":"first","9":"instock","10":"purchasable","11":"product-type-simple","12":"entry","13":"content-bg","14":"loop-entry"},"_links":{"self":[{"href":"https:\/\/www.hediyepazar.com\/index.php?rest_route=\/wp\/v2\/product\/102522","targetHints":{"allow":["GET"]}}],"collection":[{"href":"https:\/\/www.hediyepazar.com\/index.php?rest_route=\/wp\/v2\/product"}],"about":[{"href":"https:\/\/www.hediyepazar.com\/index.php?rest_route=\/wp\/v2\/types\/product"}],"replies":[{"embeddable":true,"href":"https:\/\/www.hediyepazar.com\/index.php?rest_route=%2Fwp%2Fv2%2Fcomments&post=102522"}],"wp:featuredmedia":[{"embeddable":true,"href":"https:\/\/www.hediyepazar.com\/index.php?rest_route=\/wp\/v2\/media\/102521"}],"wp:attachment":[{"href":"https:\/\/www.hediyepazar.com\/index.php?rest_route=%2Fwp%2Fv2%2Fmedia&parent=102522"}],"wp:term":[{"taxonomy":"product_brand","embeddable":true,"href":"https:\/\/www.hediyepazar.com\/index.php?rest_route=%2Fwp%2Fv2%2Fproduct_brand&post=102522"},{"taxonomy":"product_cat","embeddable":true,"href":"https:\/\/www.hediyepazar.com\/index.php?rest_route=%2Fwp%2Fv2%2Fproduct_cat&post=102522"},{"taxonomy":"product_tag","embeddable":true,"href":"https:\/\/www.hediyepazar.com\/index.php?rest_route=%2Fwp%2Fv2%2Fproduct_tag&post=102522"}],"curies":[{"name":"wp","href":"https:\/\/api.w.org\/{rel}","templated":true}]}}