{"id":102526,"date":"2026-05-04T06:51:10","date_gmt":"2026-05-04T09:51:10","guid":{"rendered":"https:\/\/www.hediyepazar.com\/?product=turk-3-adet-gozluk-kilifi-bez-seti"},"modified":"2026-05-04T06:51:10","modified_gmt":"2026-05-04T09:51:10","slug":"turk-3-adet-gozluk-kilifi-bez-seti","status":"publish","type":"product","link":"https:\/\/www.hediyepazar.com\/?product=turk-3-adet-gozluk-kilifi-bez-seti","title":{"rendered":"Turk 3 Adet G\u00f6zl\u00fck K\u0131l\u0131f\u0131 + Bez Seti"},"content":{"rendered":"<p>\n\t<b>Spesifikasyonlar <\/b>: 3 Adet K\u0131l\u0131f ve Bez G\u00f6nderilir.<\/p>\n","protected":false},"excerpt":{"rendered":"<p>Spesifikasyonlar : 3 Adet K\u0131l\u0131f ve Bez G\u00f6nderilir.<\/p>\n","protected":false},"featured_media":102525,"comment_status":"open","ping_status":"closed","template":"","meta":{"_kad_post_transparent":"","_kad_post_title":"","_kad_post_layout":"","_kad_post_sidebar_id":"","_kad_post_content_style":"","_kad_post_vertical_padding":"","_kad_post_feature":"","_kad_post_feature_position":"","_kad_post_header":false,"_kad_post_footer":false,"_kad_post_classname":""},"product_brand":[],"product_cat":[14342],"product_tag":[],"class_list":{"0":"post-102526","1":"product","2":"type-product","3":"status-publish","4":"has-post-thumbnail","6":"product_cat-gunes-gozlugu-aksesuar-kadin-gunes-gozlugu","8":"first","9":"instock","10":"purchasable","11":"product-type-simple","12":"entry","13":"content-bg","14":"loop-entry"},"_links":{"self":[{"href":"https:\/\/www.hediyepazar.com\/index.php?rest_route=\/wp\/v2\/product\/102526","targetHints":{"allow":["GET"]}}],"collection":[{"href":"https:\/\/www.hediyepazar.com\/index.php?rest_route=\/wp\/v2\/product"}],"about":[{"href":"https:\/\/www.hediyepazar.com\/index.php?rest_route=\/wp\/v2\/types\/product"}],"replies":[{"embeddable":true,"href":"https:\/\/www.hediyepazar.com\/index.php?rest_route=%2Fwp%2Fv2%2Fcomments&post=102526"}],"wp:featuredmedia":[{"embeddable":true,"href":"https:\/\/www.hediyepazar.com\/index.php?rest_route=\/wp\/v2\/media\/102525"}],"wp:attachment":[{"href":"https:\/\/www.hediyepazar.com\/index.php?rest_route=%2Fwp%2Fv2%2Fmedia&parent=102526"}],"wp:term":[{"taxonomy":"product_brand","embeddable":true,"href":"https:\/\/www.hediyepazar.com\/index.php?rest_route=%2Fwp%2Fv2%2Fproduct_brand&post=102526"},{"taxonomy":"product_cat","embeddable":true,"href":"https:\/\/www.hediyepazar.com\/index.php?rest_route=%2Fwp%2Fv2%2Fproduct_cat&post=102526"},{"taxonomy":"product_tag","embeddable":true,"href":"https:\/\/www.hediyepazar.com\/index.php?rest_route=%2Fwp%2Fv2%2Fproduct_tag&post=102526"}],"curies":[{"name":"wp","href":"https:\/\/api.w.org\/{rel}","templated":true}]}}