{"id":102528,"date":"2026-05-04T06:51:33","date_gmt":"2026-05-04T09:51:33","guid":{"rendered":"https:\/\/www.hediyepazar.com\/?product=turk-6-adet-bas-parmak-icin-silikon-koruyucu"},"modified":"2026-05-04T06:51:33","modified_gmt":"2026-05-04T09:51:33","slug":"turk-6-adet-bas-parmak-icin-silikon-koruyucu","status":"publish","type":"product","link":"https:\/\/www.hediyepazar.com\/?product=turk-6-adet-bas-parmak-icin-silikon-koruyucu","title":{"rendered":"Turk 6 ADET Ba\u015f Parmak \u0130\u00e7in Silikon Koruyucu"},"content":{"rendered":"<p>\n\t<strong><span style=\"color:#ff0000;\">\u00dcr\u00fcn \u00d6zellikleri : 6 ADET G\u00d6NDER\u0130L\u0130R<\/span><\/strong><\/p>\n<p>\n\t5,5 cm x 3 cm \u00f6l\u00e7\u00fclierindedir. Ucu kesilerek, a\u00e7\u0131labilir. Ucu kapal\u0131 g\u00f6nderilir.<br \/>\n\tEsnek silikondur, geni\u015fler.<br \/>\n\tSer\u00e7e parmak ve di\u011fer parmaklara tam koruma sa\u011flar<\/p>\n","protected":false},"excerpt":{"rendered":"<p>\u00dcr\u00fcn \u00d6zellikleri : 6 ADET G\u00d6NDER\u0130L\u0130R 5,5 cm x 3 cm \u00f6l\u00e7\u00fclierindedir. Ucu kesilerek, a\u00e7\u0131labilir. Ucu kapal\u0131 g\u00f6nderilir. Esnek silikondur, geni\u015fler. Ser\u00e7e parmak ve di\u011fer parmaklara tam koruma sa\u011flar<\/p>\n","protected":false},"featured_media":102527,"comment_status":"open","ping_status":"closed","template":"","meta":{"_kad_post_transparent":"","_kad_post_title":"","_kad_post_layout":"","_kad_post_sidebar_id":"","_kad_post_content_style":"","_kad_post_vertical_padding":"","_kad_post_feature":"","_kad_post_feature_position":"","_kad_post_header":false,"_kad_post_footer":false,"_kad_post_classname":""},"product_brand":[],"product_cat":[7853],"product_tag":[],"class_list":{"0":"post-102528","1":"product","2":"type-product","3":"status-publish","4":"has-post-thumbnail","6":"product_cat-ayak-tirnak-ve-bakim-malzemeleri-kisisel-bakim-aletleri-elektronik-ayak-tirnak-ve-bakim-malzemeleri","8":"first","9":"instock","10":"purchasable","11":"product-type-simple","12":"entry","13":"content-bg","14":"loop-entry"},"_links":{"self":[{"href":"https:\/\/www.hediyepazar.com\/index.php?rest_route=\/wp\/v2\/product\/102528","targetHints":{"allow":["GET"]}}],"collection":[{"href":"https:\/\/www.hediyepazar.com\/index.php?rest_route=\/wp\/v2\/product"}],"about":[{"href":"https:\/\/www.hediyepazar.com\/index.php?rest_route=\/wp\/v2\/types\/product"}],"replies":[{"embeddable":true,"href":"https:\/\/www.hediyepazar.com\/index.php?rest_route=%2Fwp%2Fv2%2Fcomments&post=102528"}],"wp:featuredmedia":[{"embeddable":true,"href":"https:\/\/www.hediyepazar.com\/index.php?rest_route=\/wp\/v2\/media\/102527"}],"wp:attachment":[{"href":"https:\/\/www.hediyepazar.com\/index.php?rest_route=%2Fwp%2Fv2%2Fmedia&parent=102528"}],"wp:term":[{"taxonomy":"product_brand","embeddable":true,"href":"https:\/\/www.hediyepazar.com\/index.php?rest_route=%2Fwp%2Fv2%2Fproduct_brand&post=102528"},{"taxonomy":"product_cat","embeddable":true,"href":"https:\/\/www.hediyepazar.com\/index.php?rest_route=%2Fwp%2Fv2%2Fproduct_cat&post=102528"},{"taxonomy":"product_tag","embeddable":true,"href":"https:\/\/www.hediyepazar.com\/index.php?rest_route=%2Fwp%2Fv2%2Fproduct_tag&post=102528"}],"curies":[{"name":"wp","href":"https:\/\/api.w.org\/{rel}","templated":true}]}}