{"id":102532,"date":"2026-05-04T06:52:10","date_gmt":"2026-05-04T09:52:10","guid":{"rendered":"https:\/\/www.hediyepazar.com\/?product=turk-topuklu-ayakkabi-kaydirmazi-6-adet"},"modified":"2026-05-04T06:52:10","modified_gmt":"2026-05-04T09:52:10","slug":"turk-topuklu-ayakkabi-kaydirmazi-6-adet","status":"publish","type":"product","link":"https:\/\/www.hediyepazar.com\/?product=turk-topuklu-ayakkabi-kaydirmazi-6-adet","title":{"rendered":"Turk Topuklu Ayakkab\u0131 Kayd\u0131rmaz\u0131 6 ADET"},"content":{"rendered":"<p>\n\t<strong><span style=\"color:#ff0000;\">\u00dcr\u00fcn \u00d6zelikleri : 3 \u00c7ift (6 adet) g\u00f6nderilir.<\/span><\/strong> 6 cm x 9 cm \u00f6l\u00e7\u00fclerindedir. 1 mm kal\u0131nl\u0131\u011f\u0131ndad\u0131r.<br \/>\n\tKesilebilir tasar\u0131ml\u0131d\u0131r. Tercihe g\u00f6re ayakkab\u0131 i\u00e7inde de kullan\u0131labilir.<\/p>\n<p><center><br \/>\n\t<img decoding=\"async\" alt=\"\" src=\"https:\/\/HSNET.com.tr\/PImm\/7430000711519-1.jpg\" \/><\/center><\/p>\n<p>\n\t><\/p>\n","protected":false},"excerpt":{"rendered":"<p>\u00dcr\u00fcn \u00d6zelikleri : 3 \u00c7ift (6 adet) g\u00f6nderilir. 6 cm x 9 cm \u00f6l\u00e7\u00fclerindedir. 1 mm kal\u0131nl\u0131\u011f\u0131ndad\u0131r. Kesilebilir tasar\u0131ml\u0131d\u0131r. Tercihe g\u00f6re ayakkab\u0131 i\u00e7inde de kullan\u0131labilir. ><\/p>\n","protected":false},"featured_media":102531,"comment_status":"open","ping_status":"closed","template":"","meta":{"_kad_post_transparent":"","_kad_post_title":"","_kad_post_layout":"","_kad_post_sidebar_id":"","_kad_post_content_style":"","_kad_post_vertical_padding":"","_kad_post_feature":"","_kad_post_feature_position":"","_kad_post_header":false,"_kad_post_footer":false,"_kad_post_classname":""},"product_brand":[],"product_cat":[7853],"product_tag":[],"class_list":{"0":"post-102532","1":"product","2":"type-product","3":"status-publish","4":"has-post-thumbnail","6":"product_cat-ayak-tirnak-ve-bakim-malzemeleri-kisisel-bakim-aletleri-elektronik-ayak-tirnak-ve-bakim-malzemeleri","8":"first","9":"instock","10":"purchasable","11":"product-type-simple","12":"entry","13":"content-bg","14":"loop-entry"},"_links":{"self":[{"href":"https:\/\/www.hediyepazar.com\/index.php?rest_route=\/wp\/v2\/product\/102532","targetHints":{"allow":["GET"]}}],"collection":[{"href":"https:\/\/www.hediyepazar.com\/index.php?rest_route=\/wp\/v2\/product"}],"about":[{"href":"https:\/\/www.hediyepazar.com\/index.php?rest_route=\/wp\/v2\/types\/product"}],"replies":[{"embeddable":true,"href":"https:\/\/www.hediyepazar.com\/index.php?rest_route=%2Fwp%2Fv2%2Fcomments&post=102532"}],"wp:featuredmedia":[{"embeddable":true,"href":"https:\/\/www.hediyepazar.com\/index.php?rest_route=\/wp\/v2\/media\/102531"}],"wp:attachment":[{"href":"https:\/\/www.hediyepazar.com\/index.php?rest_route=%2Fwp%2Fv2%2Fmedia&parent=102532"}],"wp:term":[{"taxonomy":"product_brand","embeddable":true,"href":"https:\/\/www.hediyepazar.com\/index.php?rest_route=%2Fwp%2Fv2%2Fproduct_brand&post=102532"},{"taxonomy":"product_cat","embeddable":true,"href":"https:\/\/www.hediyepazar.com\/index.php?rest_route=%2Fwp%2Fv2%2Fproduct_cat&post=102532"},{"taxonomy":"product_tag","embeddable":true,"href":"https:\/\/www.hediyepazar.com\/index.php?rest_route=%2Fwp%2Fv2%2Fproduct_tag&post=102532"}],"curies":[{"name":"wp","href":"https:\/\/api.w.org\/{rel}","templated":true}]}}