{"id":102536,"date":"2026-05-04T06:52:18","date_gmt":"2026-05-04T09:52:18","guid":{"rendered":"https:\/\/www.hediyepazar.com\/?product=turk-gergili-bagaj-lastigi-2-kancali-4-lu-paket"},"modified":"2026-05-04T06:52:18","modified_gmt":"2026-05-04T09:52:18","slug":"turk-gergili-bagaj-lastigi-2-kancali-4-lu-paket","status":"publish","type":"product","link":"https:\/\/www.hediyepazar.com\/?product=turk-gergili-bagaj-lastigi-2-kancali-4-lu-paket","title":{"rendered":"Turk Gergili Bagaj Lasti\u011fi 2 Kancal\u0131 4 l\u00fc PAKET"},"content":{"rendered":"<p>\n\t<strong>\u00dcr\u00fcn \u00d6zellikleri : <\/strong><\/p>\n<p>\t<strong>Materyal : <\/strong> Elastik<\/p>\n<p>\t<strong>Adet \/ Renk \/ Tasar\u0131m : <\/strong> 4 Adet g\u00f6nderiyoruz<\/p>\n<p>\n\t<strong>UYGUN MAL\u0130YETL\u0130 : <\/strong>45 cm uzunlu\u011fundaki kordonlar bir \u00f6m\u00fcr boyu dayan\u0131r, ihtiya\u00e7 duydu\u011funuz her zaman ve her yerde tekrar tekrar kullan\u0131n.<\/p>\n<p>\t<strong>ARA\u00c7, MOTOS\u0130KLET, B\u0130S\u0130KLET VB : <\/strong>R\u00fczgarla savrulan veya farkl\u0131 y\u00f6nlere \u00e7ekilen k\u0131l\u0131flardan b\u0131kt\u0131n\u0131z m\u0131? Bu elastik ve a\u011f\u0131r hizmet tipi kancal\u0131 kordonlar, bu k\u0131l\u0131flar\u0131 g\u00fcvenli bir \u015fekilde yerine koymak i\u00e7in harikad\u0131r.<\/p>\n<p>\t<strong>E\u015eYALARI G\u00dcVENLE TUTUN <\/strong>: elastik kay\u0131\u015flarla bir bebek arabas\u0131n\u0131 ve di\u011fer b\u00fcy\u00fck nesneleri arabaya ve daha fazlas\u0131na g\u00fcvenli bir \u015fekilde ba\u011flay\u0131n. \u00d6\u011feleri bir el arabas\u0131na, sabitlemek i\u00e7in kancal\u0131 bu 4&#8217;l\u00fc elastik kay\u0131\u015flar\u0131 kullan\u0131n. E\u015fyalar\u0131 bir yerden bir yere ta\u015f\u0131rken e\u015fyalar\u0131n\u0131z\u0131n \u00e7\u0131\u011f gibi d\u00fc\u015fmesini \u00f6nleyin.<\/p>\n<p>\t<strong>A\u011eIR H\u0130ZMET LAST\u0130KLER\u0130 : KABLOLARI &#8211; <\/strong>A\u011f\u0131r kullan\u0131ma dayanacak \u015fekilde tasarlanan bu sa\u011flam, kancal\u0131 bungy kay\u0131\u015flar, her iki ucunda y\u00fck alt\u0131nda b\u00fck\u00fclmeyen a\u011f\u0131r hizmet tipi elektrolizle kaplanm\u0131\u015f metal kancalar\u0131n e\u015flik etti\u011fi birinci s\u0131n\u0131f lateks kordonlarla tasarlanm\u0131\u015ft\u0131r. Bu elastik bantlar\u0131 garaj\u0131n\u0131za veya at\u00f6lye ara\u00e7 tak\u0131m\u0131n\u0131za kal\u0131c\u0131 bir ekleme yapmak i\u00e7in g\u00fc\u00e7l\u00fc yap\u0131ya g\u00fcvenin.<\/p>\n<p>\t<strong>Y\u00dcKSEK ESNEKL\u0130K &#8211; <\/strong>S\u00fcper elastik lateks i\u00e7 \u00e7ekirdek, elastik kay\u0131\u015flara m\u00fckemmel gerginlik sa\u011flar, bu nedenle kancal\u0131 bu elastik elastik elastik kay\u0131\u015flar\u0131n uzunlu\u011fu 45 CM\u2019DEN 80 CM\u2019E kadar geni\u015fler. Daha uzun demetler elde etmek i\u00e7in bunlar\u0131 birbirine ba\u011flayabilirsiniz. Bu uzun elastik kordon, her \u015feyi ba\u011flamak, sabitlemek ve takmak i\u00e7in kesinlikle ideal bir se\u00e7imdir.<\/p>\n<p>\n\t<strong>M\u00dcKEMMEL SATI\u015e SONRASI H\u0130ZMET : <\/strong>HSNET \/ HSNET olarak m\u00fc\u015fterilerimize en iyi hizmeti sunmay\u0131 ama\u00e7l\u0131yor, g\u00fcvenle sat\u0131n alabilmeniz i\u00e7in, ambalaj kalitemize g\u00fcveniyor, her \u00fcr\u00fcn sorunsuz teslimat i\u00e7in \u00f6zenle paketliyor ve resimde belirtilen renk, ebat, \u00f6zelikte \u00fcr\u00fcn g\u00f6ndermeyi taahh\u00fct ediyoruz. Hasarl\u0131 \u00fcr\u00fcn ald\u0131ysan\u0131z veya di\u011fer \u00fcr\u00fcn ve paket teslimat sorunlar\u0131 oldu\u011funda bizimle ileti\u015fime ge\u00e7mekten \u00e7ekinmeyin.<\/p>\n<p>\n\t<strong>Detayl\u0131 bilgi i\u00e7in ek resimleri inceleyebilirsiniz<\/strong><\/p>\n<p><\/p>\n<p>\n\t<strong><img decoding=\"async\"  src=\"https:\/\/hepsicdn.com.tr\/static\/product_detail\/hbnet0cfcae6c_4817501.jpg\"><\/strong><\/p>\n<p>\n\t\u00a0<\/p>\n","protected":false},"excerpt":{"rendered":"<p>\u00dcr\u00fcn \u00d6zellikleri : Materyal : Elastik Adet \/ Renk \/ Tasar\u0131m : 4 Adet g\u00f6nderiyoruz UYGUN MAL\u0130YETL\u0130 : 45 cm uzunlu\u011fundaki kordonlar bir \u00f6m\u00fcr boyu dayan\u0131r, ihtiya\u00e7 duydu\u011funuz her zaman ve her yerde tekrar tekrar kullan\u0131n. ARA\u00c7, MOTOS\u0130KLET, B\u0130S\u0130KLET VB : R\u00fczgarla savrulan veya farkl\u0131 y\u00f6nlere \u00e7ekilen k\u0131l\u0131flardan b\u0131kt\u0131n\u0131z m\u0131? Bu elastik ve a\u011f\u0131r hizmet&#8230;<\/p>\n","protected":false},"featured_media":102535,"comment_status":"open","ping_status":"closed","template":"","meta":{"_kad_post_transparent":"","_kad_post_title":"","_kad_post_layout":"","_kad_post_sidebar_id":"","_kad_post_content_style":"","_kad_post_vertical_padding":"","_kad_post_feature":"","_kad_post_feature_position":"","_kad_post_header":false,"_kad_post_footer":false,"_kad_post_classname":""},"product_brand":[],"product_cat":[14239],"product_tag":[],"class_list":{"0":"post-102536","1":"product","2":"type-product","3":"status-publish","4":"has-post-thumbnail","6":"product_cat-seyahat-urunleri-oto-aksesuarlari-cep-telefonu-elektronik-seyahat-urunleri","8":"first","9":"instock","10":"purchasable","11":"product-type-simple","12":"entry","13":"content-bg","14":"loop-entry"},"_links":{"self":[{"href":"https:\/\/www.hediyepazar.com\/index.php?rest_route=\/wp\/v2\/product\/102536","targetHints":{"allow":["GET"]}}],"collection":[{"href":"https:\/\/www.hediyepazar.com\/index.php?rest_route=\/wp\/v2\/product"}],"about":[{"href":"https:\/\/www.hediyepazar.com\/index.php?rest_route=\/wp\/v2\/types\/product"}],"replies":[{"embeddable":true,"href":"https:\/\/www.hediyepazar.com\/index.php?rest_route=%2Fwp%2Fv2%2Fcomments&post=102536"}],"wp:featuredmedia":[{"embeddable":true,"href":"https:\/\/www.hediyepazar.com\/index.php?rest_route=\/wp\/v2\/media\/102535"}],"wp:attachment":[{"href":"https:\/\/www.hediyepazar.com\/index.php?rest_route=%2Fwp%2Fv2%2Fmedia&parent=102536"}],"wp:term":[{"taxonomy":"product_brand","embeddable":true,"href":"https:\/\/www.hediyepazar.com\/index.php?rest_route=%2Fwp%2Fv2%2Fproduct_brand&post=102536"},{"taxonomy":"product_cat","embeddable":true,"href":"https:\/\/www.hediyepazar.com\/index.php?rest_route=%2Fwp%2Fv2%2Fproduct_cat&post=102536"},{"taxonomy":"product_tag","embeddable":true,"href":"https:\/\/www.hediyepazar.com\/index.php?rest_route=%2Fwp%2Fv2%2Fproduct_tag&post=102536"}],"curies":[{"name":"wp","href":"https:\/\/api.w.org\/{rel}","templated":true}]}}