{"id":102538,"date":"2026-05-04T06:52:22","date_gmt":"2026-05-04T09:52:22","guid":{"rendered":"https:\/\/www.hediyepazar.com\/?product=turk-troxler-esnek-jant-temizleme-puskulu"},"modified":"2026-05-04T06:52:22","modified_gmt":"2026-05-04T09:52:22","slug":"turk-troxler-esnek-jant-temizleme-puskulu","status":"publish","type":"product","link":"https:\/\/www.hediyepazar.com\/?product=turk-troxler-esnek-jant-temizleme-puskulu","title":{"rendered":"Turk Troxler Esnek Jant Temizleme P\u00fcsk\u00fcl\u00fc"},"content":{"rendered":"<p>\n\t<strong>\u00dcr\u00fcn \u00d6zellikleri :<\/strong><\/p>\n<p>\n\t<strong>Materyal : Microfiber Coton<\/strong><\/p>\n<p>\n\t<strong>Adet : 1<\/strong><\/p>\n<p>\n\t<strong>\u00d6l\u00e7\u00fcler :\u00a0Toplam 56 cm x Microfiber 42 x 8 cm<\/strong><\/p>\n<p>SAN\u0130YELER \u0130\u00c7\u0130NDE TOZU \u00c7EK\u0130N : Jant aralar\u0131n\u0131 temizlemek \u00e7ok mu zor ?  Merak etme! Esnek k\u0131vr\u0131labilir tasar\u0131m\u0131yla  Sadece birka\u00e7 dokunu\u015fla toz, polen balata kirleri bile yok olacak ve araban\u0131z bayiden yeni \u00e7\u0131km\u0131\u015f gibi yeni g\u00f6r\u00fcnecek!<br \/>\n BAS\u0130T VE KOLAY TEM\u0130Z JANT TEM\u0130ZL\u0130\u011e\u0130 : Bir kova su ve deterjan, tekerlek jantlar\u0131n\u0131z\u0131 temizlemek kolay ve basittir.<\/p>\n<p>SERT ER\u0130\u015e\u0130LECEK K\u00d6\u015eELER\u0130 VE BO\u015eLUKLARI TEM\u0130ZLEME: Yeterince uzun ve esnek jant f\u0131r\u00e7am\u0131z, jant tellerinin aralar\u0131n\u0131, jant\u0131n i\u00e7ini ve di\u011fer ula\u015f\u0131lmas\u0131 zor alanlar\u0131 temizlemek i\u00e7in m\u00fckemmeldir.<\/p>\n<p>YUMU\u015eAK VE DAYANIKLI MICRIFIBER TASARIM :  Profesyonel otomotiv detayland\u0131r\u0131c\u0131lar\u0131 ve araba bak\u0131m merakl\u0131lar\u0131 i\u00e7in tasarlanm\u0131\u015f dayan\u0131kl\u0131 ve yumu\u015fak   \u00e7iziksiz, tekerlek jantlar\u0131n\u0131z i\u00e7in g\u00fcvenli.<\/p>\n<p>\u00c7OK AMA\u00c7LI KULLANIM: Arabalar, kamyonlar, motosikletler, bisikletler, tekneler, tekerlekler, jantlar, jant telleri, \u0131zgaralar, motor yuvalar\u0131, egzoz u\u00e7lar\u0131, tamponlar, havaland\u0131rmalar ve \u00e7ok daha fazlas\u0131.<br \/><strong>  Ekran fark\u0131 nedeniyle, renk tonlar\u0131 %0,5 oran\u0131nda fark, Manuel \u00f6l\u00e7\u00fcm nedeniyle Milimetre fark olabilir. anlay\u0131\u015f g\u00f6stermenizi rica ederiz. <\/strong>  <\/p>\n<p>DETAYLI B\u0130LG\u0130 \u0130\u00c7\u0130N EK RES\u0130MLER\u0130 \u0130NCELEYEB\u0130L\u0130RS\u0130N\u0130Z.<br \/> <img decoding=\"async\"  src=\"https:\/\/hepsicdn.com.tr\/static\/product_detail\/hbnet6a5cdd9d_4817601.jpg\"><\/p>\n","protected":false},"excerpt":{"rendered":"<p>\u00dcr\u00fcn \u00d6zellikleri : Materyal : Microfiber Coton Adet : 1 \u00d6l\u00e7\u00fcler :\u00a0Toplam 56 cm x Microfiber 42 x 8 cm SAN\u0130YELER \u0130\u00c7\u0130NDE TOZU \u00c7EK\u0130N : Jant aralar\u0131n\u0131 temizlemek \u00e7ok mu zor ? Merak etme! Esnek k\u0131vr\u0131labilir tasar\u0131m\u0131yla Sadece birka\u00e7 dokunu\u015fla toz, polen balata kirleri bile yok olacak ve araban\u0131z bayiden yeni \u00e7\u0131km\u0131\u015f gibi yeni g\u00f6r\u00fcnecek!&#8230;<\/p>\n","protected":false},"featured_media":102537,"comment_status":"open","ping_status":"closed","template":"","meta":{"_kad_post_transparent":"","_kad_post_title":"","_kad_post_layout":"","_kad_post_sidebar_id":"","_kad_post_content_style":"","_kad_post_vertical_padding":"","_kad_post_feature":"","_kad_post_feature_position":"","_kad_post_header":false,"_kad_post_footer":false,"_kad_post_classname":""},"product_brand":[],"product_cat":[14181],"product_tag":[],"class_list":{"0":"post-102538","1":"product","2":"type-product","3":"status-publish","4":"has-post-thumbnail","6":"product_cat-oto-aksesuarlari-oto-aksesuarlari-cep-telefonu-elektronik-oto-bakim-seti","8":"first","9":"instock","10":"purchasable","11":"product-type-simple","12":"entry","13":"content-bg","14":"loop-entry"},"_links":{"self":[{"href":"https:\/\/www.hediyepazar.com\/index.php?rest_route=\/wp\/v2\/product\/102538","targetHints":{"allow":["GET"]}}],"collection":[{"href":"https:\/\/www.hediyepazar.com\/index.php?rest_route=\/wp\/v2\/product"}],"about":[{"href":"https:\/\/www.hediyepazar.com\/index.php?rest_route=\/wp\/v2\/types\/product"}],"replies":[{"embeddable":true,"href":"https:\/\/www.hediyepazar.com\/index.php?rest_route=%2Fwp%2Fv2%2Fcomments&post=102538"}],"wp:featuredmedia":[{"embeddable":true,"href":"https:\/\/www.hediyepazar.com\/index.php?rest_route=\/wp\/v2\/media\/102537"}],"wp:attachment":[{"href":"https:\/\/www.hediyepazar.com\/index.php?rest_route=%2Fwp%2Fv2%2Fmedia&parent=102538"}],"wp:term":[{"taxonomy":"product_brand","embeddable":true,"href":"https:\/\/www.hediyepazar.com\/index.php?rest_route=%2Fwp%2Fv2%2Fproduct_brand&post=102538"},{"taxonomy":"product_cat","embeddable":true,"href":"https:\/\/www.hediyepazar.com\/index.php?rest_route=%2Fwp%2Fv2%2Fproduct_cat&post=102538"},{"taxonomy":"product_tag","embeddable":true,"href":"https:\/\/www.hediyepazar.com\/index.php?rest_route=%2Fwp%2Fv2%2Fproduct_tag&post=102538"}],"curies":[{"name":"wp","href":"https:\/\/api.w.org\/{rel}","templated":true}]}}