{"id":102540,"date":"2026-05-04T06:52:27","date_gmt":"2026-05-04T09:52:27","guid":{"rendered":"https:\/\/www.hediyepazar.com\/?product=turk-tum-el-ve-ayak-pompalari-yedek-hortum"},"modified":"2026-05-04T06:52:27","modified_gmt":"2026-05-04T09:52:27","slug":"turk-tum-el-ve-ayak-pompalari-yedek-hortum","status":"publish","type":"product","link":"https:\/\/www.hediyepazar.com\/?product=turk-tum-el-ve-ayak-pompalari-yedek-hortum","title":{"rendered":"Turk T\u00fcm El ve Ayak Pompalar\u0131 Yedek Hortum"},"content":{"rendered":"<p><span style=\"color:#ff0000;\"><strong> Spesifikasyonlar :  <br \/> <\/strong><\/span><\/p>\n<p><span style=\"color:#ff0000;\"><strong> Adet : 1 <\/strong><\/span><\/p>\n<p><span style=\"color:#ff0000;\"><strong> \u00d6l\u00e7\u00fcler : 50 cm Uzunluk <br \/> <\/strong><\/span><\/p>\n<p> El veya ayaktan \u015fi\u015firilen t\u00fcm pompalar ve \u00e7akmaktan \u00e7al\u0131\u015fan kompres\u00f6rlerin Yedek hortumudur.<\/p>\n","protected":false},"excerpt":{"rendered":"<p>Spesifikasyonlar : Adet : 1 \u00d6l\u00e7\u00fcler : 50 cm Uzunluk El veya ayaktan \u015fi\u015firilen t\u00fcm pompalar ve \u00e7akmaktan \u00e7al\u0131\u015fan kompres\u00f6rlerin Yedek hortumudur.<\/p>\n","protected":false},"featured_media":102539,"comment_status":"open","ping_status":"closed","template":"","meta":{"_kad_post_transparent":"","_kad_post_title":"","_kad_post_layout":"","_kad_post_sidebar_id":"","_kad_post_content_style":"","_kad_post_vertical_padding":"","_kad_post_feature":"","_kad_post_feature_position":"","_kad_post_header":false,"_kad_post_footer":false,"_kad_post_classname":""},"product_brand":[],"product_cat":[14181],"product_tag":[],"class_list":{"0":"post-102540","1":"product","2":"type-product","3":"status-publish","4":"has-post-thumbnail","6":"product_cat-oto-aksesuarlari-oto-aksesuarlari-cep-telefonu-elektronik-oto-bakim-seti","8":"first","9":"instock","10":"purchasable","11":"product-type-simple","12":"entry","13":"content-bg","14":"loop-entry"},"_links":{"self":[{"href":"https:\/\/www.hediyepazar.com\/index.php?rest_route=\/wp\/v2\/product\/102540","targetHints":{"allow":["GET"]}}],"collection":[{"href":"https:\/\/www.hediyepazar.com\/index.php?rest_route=\/wp\/v2\/product"}],"about":[{"href":"https:\/\/www.hediyepazar.com\/index.php?rest_route=\/wp\/v2\/types\/product"}],"replies":[{"embeddable":true,"href":"https:\/\/www.hediyepazar.com\/index.php?rest_route=%2Fwp%2Fv2%2Fcomments&post=102540"}],"wp:featuredmedia":[{"embeddable":true,"href":"https:\/\/www.hediyepazar.com\/index.php?rest_route=\/wp\/v2\/media\/102539"}],"wp:attachment":[{"href":"https:\/\/www.hediyepazar.com\/index.php?rest_route=%2Fwp%2Fv2%2Fmedia&parent=102540"}],"wp:term":[{"taxonomy":"product_brand","embeddable":true,"href":"https:\/\/www.hediyepazar.com\/index.php?rest_route=%2Fwp%2Fv2%2Fproduct_brand&post=102540"},{"taxonomy":"product_cat","embeddable":true,"href":"https:\/\/www.hediyepazar.com\/index.php?rest_route=%2Fwp%2Fv2%2Fproduct_cat&post=102540"},{"taxonomy":"product_tag","embeddable":true,"href":"https:\/\/www.hediyepazar.com\/index.php?rest_route=%2Fwp%2Fv2%2Fproduct_tag&post=102540"}],"curies":[{"name":"wp","href":"https:\/\/api.w.org\/{rel}","templated":true}]}}