{"id":102541,"date":"2026-05-04T06:52:50","date_gmt":"2026-05-04T09:52:50","guid":{"rendered":"https:\/\/www.hediyepazar.com\/?product=turk-5-li-paket-ehliyet-ve-kimlk-kart-koruyucu"},"modified":"2026-05-04T06:52:50","modified_gmt":"2026-05-04T09:52:50","slug":"turk-5-li-paket-ehliyet-ve-kimlk-kart-koruyucu","status":"publish","type":"product","link":"https:\/\/www.hediyepazar.com\/?product=turk-5-li-paket-ehliyet-ve-kimlk-kart-koruyucu","title":{"rendered":"Turk 5 li Paket Ehliyet ve Kimlk Kart Koruyucu"},"content":{"rendered":"<p>\n\t<strong><span style=\"color:#ff0000;\">Spesifikasyonlar : 5 Adet g\u00f6nderilir.<\/span><\/strong><\/p>\n<p>\n\tEhliyet,kredi kart\u0131,di\u011fer \u00fcyelik kartlar\u0131 gibi vb.<br \/>\n\tK\u0131r\u0131lmaz koruyucu i\u00e7erisinde muhafaza edip k\u0131r\u0131lmas\u0131n\u0131 \u00f6nler.<br \/>\n\t\u015eeffaf,\u00e7ok sa\u011flam plastik yap\u0131<br \/>\n\t\u0130\u00e7ine ge\u00e7mel ve kolay \u00c7\u0131kart\u0131labilir<\/p>\n<p>\n\t\u00a0<\/p>\n","protected":false},"excerpt":{"rendered":"<p>Spesifikasyonlar : 5 Adet g\u00f6nderilir. Ehliyet,kredi kart\u0131,di\u011fer \u00fcyelik kartlar\u0131 gibi vb. K\u0131r\u0131lmaz koruyucu i\u00e7erisinde muhafaza edip k\u0131r\u0131lmas\u0131n\u0131 \u00f6nler. \u015eeffaf,\u00e7ok sa\u011flam plastik yap\u0131 \u0130\u00e7ine ge\u00e7mel ve kolay \u00c7\u0131kart\u0131labilir \u00a0<\/p>\n","protected":false},"featured_media":0,"comment_status":"open","ping_status":"closed","template":"","meta":{"_kad_post_transparent":"","_kad_post_title":"","_kad_post_layout":"","_kad_post_sidebar_id":"","_kad_post_content_style":"","_kad_post_vertical_padding":"","_kad_post_feature":"","_kad_post_feature_position":"","_kad_post_header":false,"_kad_post_footer":false,"_kad_post_classname":""},"product_brand":[],"product_cat":[14324],"product_tag":[],"class_list":{"0":"post-102541","1":"product","2":"type-product","3":"status-publish","5":"product_cat-dikis-urunleri-ev-gerecleri-ev-yasam-dikis-urunleri","7":"first","8":"instock","9":"purchasable","10":"product-type-simple","11":"entry","12":"content-bg","13":"loop-entry"},"_links":{"self":[{"href":"https:\/\/www.hediyepazar.com\/index.php?rest_route=\/wp\/v2\/product\/102541","targetHints":{"allow":["GET"]}}],"collection":[{"href":"https:\/\/www.hediyepazar.com\/index.php?rest_route=\/wp\/v2\/product"}],"about":[{"href":"https:\/\/www.hediyepazar.com\/index.php?rest_route=\/wp\/v2\/types\/product"}],"replies":[{"embeddable":true,"href":"https:\/\/www.hediyepazar.com\/index.php?rest_route=%2Fwp%2Fv2%2Fcomments&post=102541"}],"wp:attachment":[{"href":"https:\/\/www.hediyepazar.com\/index.php?rest_route=%2Fwp%2Fv2%2Fmedia&parent=102541"}],"wp:term":[{"taxonomy":"product_brand","embeddable":true,"href":"https:\/\/www.hediyepazar.com\/index.php?rest_route=%2Fwp%2Fv2%2Fproduct_brand&post=102541"},{"taxonomy":"product_cat","embeddable":true,"href":"https:\/\/www.hediyepazar.com\/index.php?rest_route=%2Fwp%2Fv2%2Fproduct_cat&post=102541"},{"taxonomy":"product_tag","embeddable":true,"href":"https:\/\/www.hediyepazar.com\/index.php?rest_route=%2Fwp%2Fv2%2Fproduct_tag&post=102541"}],"curies":[{"name":"wp","href":"https:\/\/api.w.org\/{rel}","templated":true}]}}