{"id":102544,"date":"2026-05-04T06:54:02","date_gmt":"2026-05-04T09:54:02","guid":{"rendered":"https:\/\/www.hediyepazar.com\/?product=turk-duvar-saati-mekanizmasi-sessiz"},"modified":"2026-05-04T06:54:02","modified_gmt":"2026-05-04T09:54:02","slug":"turk-duvar-saati-mekanizmasi-sessiz","status":"publish","type":"product","link":"https:\/\/www.hediyepazar.com\/?product=turk-duvar-saati-mekanizmasi-sessiz","title":{"rendered":"Turk Duvar Saati Mekanizmas\u0131 Sessiz"},"content":{"rendered":"<p>\n\t<strong>\u00dcr\u00fcn \u00d6zellikleri : <\/strong><\/p>\n<p>\t<strong>SAAT ve P\u0130L \u00dcR\u00dcNE DAH\u0130L DE\u011e\u0130LD\u0130R. <\/strong><\/p>\n<p>\t<strong>\u00d6l\u00e7\u00fcler (bir cep telefonu ortalama 16 cm dir. K\u0131yaslaman\u0131z i\u00e7in kolayl\u0131k de\u011fil mi ? ) : %90 ORANINDA kullan\u0131lan standart model 5,5 x 5,5 x 1.5 cm\u00a0<\/strong><\/p>\n<p>\n\tSessiz : Bu saat mekanizmas\u0131 sessiz \u00e7al\u0131\u015f\u0131r, huzurlu ve rahats\u0131z edilmemi\u015f bir uyku ortam\u0131 sa\u011flar. Rahats\u0131z edici tik sesi olmadan i\u015flevsel bir saatin rahatl\u0131\u011f\u0131n\u0131n tad\u0131n\u0131 \u00e7\u0131kar\u0131n.<\/p>\n<p>\n\t\u00c7ok Y\u00f6nl\u00fc Saat Onar\u0131m\u0131 ve De\u011fi\u015ftirme : Bir saati tamir etmeniz, de\u011fi\u015ftirmeniz veya olu\u015fturman\u0131z gerekse de, bu saat hareketi i\u015f i\u00e7in m\u00fckemmeldir. Saatleri kolayl\u0131kla olu\u015fturman\u0131za veya geri y\u00fcklemenize olanak tan\u0131yan g\u00fcvenilir ve do\u011fru hareket sa\u011flar.<br \/>\n\tDayan\u0131kl\u0131 ve G\u00fcvenilir Yap\u0131 : Y\u00fcksek kaliteli malzemelerden \u00fcretilen bu saat mekanizmas\u0131 dayan\u0131kl\u0131 ve g\u00fcvenilir olacak \u015fekilde \u00fcretilmi\u015ftir. Uzun \u00f6m\u00fcrl\u00fc performans sa\u011flar, saatinizin zaman i\u00e7inde do\u011fru \u00e7al\u0131\u015fmaya devam etmesini sa\u011flar.<\/p>\n<p>\n\t<strong>M\u00dcKEMMEL SATI\u015e SONRASI H\u0130ZMET : <\/strong>Bu \u00fcr\u00fcne daha avantajl\u0131 sahip olabilmeniz i\u00e7in ma\u011fazam\u0131z\u0131 ziyaret ederek, kampanyalar\u0131 inceleyebilirsiniz. HSNET \/ HSNET olarak m\u00fc\u015fterilerimize en iyi hizmeti sunmay\u0131 ama\u00e7l\u0131yor, g\u00fcvenle sat\u0131n alabilmeniz i\u00e7in, ambalaj kalitemize g\u00fcveniyor, her \u00fcr\u00fcn sorunsuz teslimat i\u00e7in \u00f6zenle paketliyor ve resimde belirtilen renk, ebat, \u00f6zelikte \u00fcr\u00fcn g\u00f6ndermeyi taahh\u00fct ediyoruz. Hasarl\u0131 \u00fcr\u00fcn ald\u0131ysan\u0131z veya di\u011fer \u00fcr\u00fcn ve paket teslimat sorunlar\u0131 oldu\u011funda bizimle ileti\u015fime ge\u00e7mekten \u00e7ekinmeyin.<\/p>\n<p>\n\t<strong>Detayl\u0131 bilgi i\u00e7in ek resimleri inceleyebilirsiniz<\/strong><\/p>\n<p><\/p>\n<p>\n\t<strong><img decoding=\"async\"  src=\"https:\/\/hepsicdn.com.tr\/static\/product_detail\/hbnet418c6f9b_4818801.webp\"><\/strong><\/p>\n<p>\n\t\u00a0<\/p>\n","protected":false},"excerpt":{"rendered":"<p>\u00dcr\u00fcn \u00d6zellikleri : SAAT ve P\u0130L \u00dcR\u00dcNE DAH\u0130L DE\u011e\u0130LD\u0130R. \u00d6l\u00e7\u00fcler (bir cep telefonu ortalama 16 cm dir. K\u0131yaslaman\u0131z i\u00e7in kolayl\u0131k de\u011fil mi ? ) : %90 ORANINDA kullan\u0131lan standart model 5,5 x 5,5 x 1.5 cm\u00a0 Sessiz : Bu saat mekanizmas\u0131 sessiz \u00e7al\u0131\u015f\u0131r, huzurlu ve rahats\u0131z edilmemi\u015f bir uyku ortam\u0131 sa\u011flar. Rahats\u0131z edici tik sesi&#8230;<\/p>\n","protected":false},"featured_media":102543,"comment_status":"open","ping_status":"closed","template":"","meta":{"_kad_post_transparent":"","_kad_post_title":"","_kad_post_layout":"","_kad_post_sidebar_id":"","_kad_post_content_style":"","_kad_post_vertical_padding":"","_kad_post_feature":"","_kad_post_feature_position":"","_kad_post_header":false,"_kad_post_footer":false,"_kad_post_classname":""},"product_brand":[],"product_cat":[14329],"product_tag":[],"class_list":{"0":"post-102544","1":"product","2":"type-product","3":"status-publish","4":"has-post-thumbnail","6":"product_cat-hirdavat-urunleri-yapi-market-bahce-yapi-market-ev-yasam-tarafli-ve-yapistiricilar","8":"first","9":"instock","10":"purchasable","11":"product-type-simple","12":"entry","13":"content-bg","14":"loop-entry"},"_links":{"self":[{"href":"https:\/\/www.hediyepazar.com\/index.php?rest_route=\/wp\/v2\/product\/102544","targetHints":{"allow":["GET"]}}],"collection":[{"href":"https:\/\/www.hediyepazar.com\/index.php?rest_route=\/wp\/v2\/product"}],"about":[{"href":"https:\/\/www.hediyepazar.com\/index.php?rest_route=\/wp\/v2\/types\/product"}],"replies":[{"embeddable":true,"href":"https:\/\/www.hediyepazar.com\/index.php?rest_route=%2Fwp%2Fv2%2Fcomments&post=102544"}],"wp:featuredmedia":[{"embeddable":true,"href":"https:\/\/www.hediyepazar.com\/index.php?rest_route=\/wp\/v2\/media\/102543"}],"wp:attachment":[{"href":"https:\/\/www.hediyepazar.com\/index.php?rest_route=%2Fwp%2Fv2%2Fmedia&parent=102544"}],"wp:term":[{"taxonomy":"product_brand","embeddable":true,"href":"https:\/\/www.hediyepazar.com\/index.php?rest_route=%2Fwp%2Fv2%2Fproduct_brand&post=102544"},{"taxonomy":"product_cat","embeddable":true,"href":"https:\/\/www.hediyepazar.com\/index.php?rest_route=%2Fwp%2Fv2%2Fproduct_cat&post=102544"},{"taxonomy":"product_tag","embeddable":true,"href":"https:\/\/www.hediyepazar.com\/index.php?rest_route=%2Fwp%2Fv2%2Fproduct_tag&post=102544"}],"curies":[{"name":"wp","href":"https:\/\/api.w.org\/{rel}","templated":true}]}}