{"id":102546,"date":"2026-05-04T06:54:11","date_gmt":"2026-05-04T09:54:11","guid":{"rendered":"https:\/\/www.hediyepazar.com\/?product=turk-ayaktan-cift-pistonlu-lastik-sisirme-pompasi"},"modified":"2026-05-04T06:54:11","modified_gmt":"2026-05-04T09:54:11","slug":"turk-ayaktan-cift-pistonlu-lastik-sisirme-pompasi","status":"publish","type":"product","link":"https:\/\/www.hediyepazar.com\/?product=turk-ayaktan-cift-pistonlu-lastik-sisirme-pompasi","title":{"rendered":"Turk Ayaktan \u00c7ift Pistonlu Lastik \u015ei\u015firme Pompas\u0131"},"content":{"rendered":"<p>\n\t<span style=\"color:#ff0000;\"><strong>Nerelerde Kullan\u0131r\u0131m ? <\/strong><\/span>Ara\u00e7 lasti\u011fi,Top,Bot,Yatak ve \u015fi\u015firilebilir e\u015fyalar\u0131n\u0131z<br \/>\n\tDe\u011fi\u015fik u\u00e7lar ile her alanda kullan\u0131m<\/p>\n<p>\t<span style=\"color:#ff0000;\"><span style=\"color:#ff0000;\"><strong>\u00dcr\u00fcn \u00d6zellikleri : <\/strong><\/span><\/span>10 cm uzunlu\u011funda 2 adet Silindir \u2013 20 PSI = 4 dk da (ortalama) basabilir<br \/>\n\tAyaktan \u00e7al\u0131\u015fabilen pompalarla \u015fi\u015firme i\u015flemi \u00e7ok daha kolayla\u015ft\u0131r\u0131lm\u0131\u015ft\u0131r.<br \/>\n\tOto lasti\u011fi,bot,top,yatak,balon,deniz oyuncaklar\u0131 gibi malzemeleri kolayl\u0131kla \u015fi\u015firebilirsiniz.<br \/>\n\tMetal sa\u011flam g\u00f6vde yap\u0131s\u0131 ile \u00e7ok dayan\u0131kl\u0131d\u0131r.<br \/>\n\tB\u00fcy\u00fck g\u00f6sterge saatinden bas\u0131nc\u0131 \u00f6l\u00e7ebilirsiniz.<br \/>\n\t47 cm uzun \u015fi\u015firme hortumu ile \u00fcr\u00fcn\u00fc \u015fi\u015firmede \u00e7ok daha fazla konfor sa\u011flar.<br \/>\n\tDe\u011fi\u015fik \u015fi\u015firme u\u00e7lar\u0131n\u0131 de\u011fi\u015fik \u00fcr\u00fcnleri \u015fi\u015firmeden kullanabilirsiniz.<br \/>\n\t100 PSI veya 7 bar 2 \u00f6l\u00e7\u00fcm sistemi kullan\u0131lm\u0131\u015ft\u0131r.<\/p>\n<p>\t<span style=\"color:#ff0000;\"><span style=\"color:#ff0000;\"><span style=\"color:#ff0000;\"><strong>Nas\u0131l Kullan\u0131r\u0131m ? <\/strong><\/span><\/span><\/span>Hortum ucundaki rekoru sibopa tak\u0131n\u0131z ve kapa\u011f\u0131 kapat\u0131n\u0131z.\u015ei\u015firmeye ba\u015flayabilirsiniz.<br \/>\n\tAyak \u00fczerindeki kancay\u0131 tak\u0131n\u0131z.<br \/>\n\tHortum ucunu sibopa yerle\u015ftirip kilidi ile kitleyiniz..<br \/>\n\tSaatten okudu\u011funuz bas\u0131n\u00e7 yeterli seviyeye geldi\u011finde kilidi a\u00e7\u0131n\u0131z.<br \/>\n\tDikkat: Kilidi a\u00e7madan hortumu \u00e7eker iseniz \u00fcr\u00fcne ve lastik sibopunuza zarar verebilirsiniz.<span style=\"color:#ff0000;\"><span style=\"color:#ff0000;\"><span style=\"color:#ff0000;\"> <\/span><\/span><\/span><\/p>\n<p><center><br \/>\n\t<br \/>\n\t<span style=\"color:#ff0000;\"><span style=\"color:#ff0000;\"><span style=\"color:#ff0000;\">.<br \/>\n\t<img decoding=\"async\" alt=\"\" src=\"https:\/\/HSNET.com.tr\/PIMM\/OTM102722-1.jpg\" \/><\/span><\/span><\/span><\/center><\/p>\n<p>\n\t<span style=\"color:#ff0000;\"><span style=\"color:#ff0000;\"><span style=\"color:#ff0000;\">&#8220;><\/p>\n","protected":false},"excerpt":{"rendered":"<p>Nerelerde Kullan\u0131r\u0131m ? Ara\u00e7 lasti\u011fi,Top,Bot,Yatak ve \u015fi\u015firilebilir e\u015fyalar\u0131n\u0131z De\u011fi\u015fik u\u00e7lar ile her alanda kullan\u0131m \u00dcr\u00fcn \u00d6zellikleri : 10 cm uzunlu\u011funda 2 adet Silindir \u2013 20 PSI = 4 dk da (ortalama) basabilir Ayaktan \u00e7al\u0131\u015fabilen pompalarla \u015fi\u015firme i\u015flemi \u00e7ok daha kolayla\u015ft\u0131r\u0131lm\u0131\u015ft\u0131r. Oto lasti\u011fi,bot,top,yatak,balon,deniz oyuncaklar\u0131 gibi malzemeleri kolayl\u0131kla \u015fi\u015firebilirsiniz. Metal sa\u011flam g\u00f6vde yap\u0131s\u0131 ile \u00e7ok dayan\u0131kl\u0131d\u0131r. B\u00fcy\u00fck&#8230;<\/p>\n","protected":false},"featured_media":102545,"comment_status":"open","ping_status":"closed","template":"","meta":{"_kad_post_transparent":"","_kad_post_title":"","_kad_post_layout":"","_kad_post_sidebar_id":"","_kad_post_content_style":"","_kad_post_vertical_padding":"","_kad_post_feature":"","_kad_post_feature_position":"","_kad_post_header":false,"_kad_post_footer":false,"_kad_post_classname":""},"product_brand":[],"product_cat":[14181],"product_tag":[],"class_list":{"0":"post-102546","1":"product","2":"type-product","3":"status-publish","4":"has-post-thumbnail","6":"product_cat-oto-aksesuarlari-oto-aksesuarlari-cep-telefonu-elektronik-oto-bakim-seti","8":"first","9":"instock","10":"purchasable","11":"product-type-simple","12":"entry","13":"content-bg","14":"loop-entry"},"_links":{"self":[{"href":"https:\/\/www.hediyepazar.com\/index.php?rest_route=\/wp\/v2\/product\/102546","targetHints":{"allow":["GET"]}}],"collection":[{"href":"https:\/\/www.hediyepazar.com\/index.php?rest_route=\/wp\/v2\/product"}],"about":[{"href":"https:\/\/www.hediyepazar.com\/index.php?rest_route=\/wp\/v2\/types\/product"}],"replies":[{"embeddable":true,"href":"https:\/\/www.hediyepazar.com\/index.php?rest_route=%2Fwp%2Fv2%2Fcomments&post=102546"}],"wp:featuredmedia":[{"embeddable":true,"href":"https:\/\/www.hediyepazar.com\/index.php?rest_route=\/wp\/v2\/media\/102545"}],"wp:attachment":[{"href":"https:\/\/www.hediyepazar.com\/index.php?rest_route=%2Fwp%2Fv2%2Fmedia&parent=102546"}],"wp:term":[{"taxonomy":"product_brand","embeddable":true,"href":"https:\/\/www.hediyepazar.com\/index.php?rest_route=%2Fwp%2Fv2%2Fproduct_brand&post=102546"},{"taxonomy":"product_cat","embeddable":true,"href":"https:\/\/www.hediyepazar.com\/index.php?rest_route=%2Fwp%2Fv2%2Fproduct_cat&post=102546"},{"taxonomy":"product_tag","embeddable":true,"href":"https:\/\/www.hediyepazar.com\/index.php?rest_route=%2Fwp%2Fv2%2Fproduct_tag&post=102546"}],"curies":[{"name":"wp","href":"https:\/\/api.w.org\/{rel}","templated":true}]}}