{"id":102550,"date":"2026-05-04T06:54:57","date_gmt":"2026-05-04T09:54:57","guid":{"rendered":"https:\/\/www.hediyepazar.com\/?product=turk-cekmece-ici-kasiklik-kepcelik-6-gozlu-gri-2"},"modified":"2026-05-04T06:54:57","modified_gmt":"2026-05-04T09:54:57","slug":"turk-cekmece-ici-kasiklik-kepcelik-6-gozlu-gri-2","status":"publish","type":"product","link":"https:\/\/www.hediyepazar.com\/?product=turk-cekmece-ici-kasiklik-kepcelik-6-gozlu-gri-2","title":{"rendered":"Turk \u00c7ekmece \u0130\u00e7i Ka\u015f\u0131kl\u0131k Kep\u00e7elik 6 G\u00f6zl\u00fc GR\u0130"},"content":{"rendered":"<p>\t<strong>\u00dcr\u00fcn \u00d6zellikleri : <\/strong><\/p>\n<p>\t<strong>Materyal : Sa\u011flamla\u015ft\u0131r\u0131lm\u0131\u015f Plastik <\/strong><\/p>\n<p>\t<strong>1 Adet , Turk Professional Design olarak tasarlad\u0131\u011f\u0131m\u0131z, resimde yer alan GR\u0130 rengi, s\u00fcrpriz ya\u015famaman\u0131z i\u00e7in birebir g\u00f6nderiyoruz . <\/strong><\/p>\n<p>\t<strong>\u00d6l\u00e7\u00fcler (bir cep telefonu ortalama 16 cm dir. K\u0131yaslaman\u0131z i\u00e7in kolayl\u0131k de\u011fil mi ? ) : 34 x 29 x 4,6 cm\u00a0<\/strong><\/p>\n<p>\t<strong>GEN\u0130\u015e KULLANIM ALANI : Mutfak, restoran, yatak odas\u0131, oturma odas\u0131 \u00e7ekmecesi, sofra tak\u0131m\u0131 i\u00e7in tezgah, yemek pi\u015firme kaplar\u0131, k\u0131rtasiye malzemeleri, aletler ve kozmetikler i\u00e7in m\u00fckemmeldir. Ayr\u0131ca okul ve ofis i\u00e7in kalem, i\u015faretleyici, makas, klips, yap\u0131\u015ft\u0131r\u0131c\u0131 vb. Tutmak i\u00e7in kullan\u0131labilir. <\/strong><\/p>\n<p>\t<strong>\u00c7EKMECEN\u0130Z\u0130N KAPAS\u0130TES\u0130N\u0130 ARTTIRIN : <\/strong>T\u00fcm mutfak gere\u00e7lerinizi, \u00e7atal b\u0131\u00e7ak tak\u0131mlar\u0131n\u0131z\u0131 ve sofra tak\u0131mlar\u0131n\u0131z\u0131 \u00e7ekmecede organize edin. 6 b\u00f6lmeli blo\u011fa sahiptir. \u0130htiyac\u0131n\u0131z oldu\u011funda her zaman bulmak kolay olacak<\/p>\n<p>\t<strong>ZAMANINIZI VE YER\u0130N\u0130Z\u0130 TASARRUF ED\u0130N : <\/strong>Bu d\u00fczenleyici, kafa kar\u0131\u015ft\u0131r\u0131c\u0131 k\u00fc\u00e7\u00fck e\u015fyalar\u0131 b\u00f6lmelerde saklayabilir. Hi\u00e7bir \u015fey kaybolmaz ve her \u015feyi bir bak\u0131\u015fta g\u00f6r\u00fcrs\u00fcn\u00fcz, \u00d6\u011feleri toplamas\u0131 kolayd\u0131r, ka\u015f\u0131k ve b\u0131\u00e7ak gibi \u00f6\u011feleri ararken zamandan tasarruf edebilir, kalemler ve cetveller, kolye ve saatler.<\/p>\n<p>\t<strong>\u00c7OK AMA\u00c7LI ORGAN\u0130ZAT\u00d6R\u00a0<\/strong>Bu \u00e7ekmece d\u00fczenleyicisi,\u00a0evrensel bir \u00e7ekmece d\u00fczenleyici tepsi olarak evinizde manuel ara\u00e7lar\u0131, makyaj aksesuarlar\u0131n\u0131 da tutabilir. Her \u015feyi bir bak\u0131\u015fta g\u00f6rebilirsiniz, \u00e7ekmeceleri a\u00e7mak i\u00e7in sadece bir ad\u0131m at\u0131n<\/p>\n<p>\t<strong>MALZEMELER\u0130 YER\u0130NDE TUTUN : <\/strong>Yerle\u015ftirildiklerinde hareketsiz kalacaklar, art\u0131k b\u0131\u00e7aklar\u0131n, ka\u015f\u0131klar\u0131n, \u00e7atalla\u0131rn vb blo\u011funuzun arkas\u0131ndan f\u0131rlamas\u0131 veya \u00e7ekmecenizin s\u0131k\u0131\u015fmas\u0131 konusunda endi\u015felenmenize gerek yok.<\/p>\n<p>\t<strong>KOLAY TEM\u0130ZLEME : <\/strong>Bambu ve ah\u015fapla kar\u015f\u0131la\u015ft\u0131r\u0131ld\u0131\u011f\u0131nda \u00e7\u00fcr\u00fcmez veya k\u0131r\u0131lmaz. sabun ve su ile kolayca temizlenir ve evinizde muhte\u015fem g\u00f6r\u00fcn\u00fcr.Kolay temizlik ve h\u0131zl\u0131 kuruma sa\u011flar.<\/p>\n<p>\t\u00a0<\/p>\n<p>\t<strong>M\u00dcKEMMEL SATI\u015e SONRASI H\u0130ZMET : <\/strong>Bu \u00fcr\u00fcne daha avantajl\u0131 sahip olabilmeniz i\u00e7in ma\u011fazam\u0131z\u0131 ziyaret ederek, kampanyalar\u0131 inceleyebilirsiniz. Turk \/ Turk olarak m\u00fc\u015fterilerimize en iyi hizmeti sunmay\u0131 ama\u00e7l\u0131yor, g\u00fcvenle sat\u0131n alabilmeniz i\u00e7in, ambalaj kalitemize g\u00fcveniyor, her \u00fcr\u00fcn sorunsuz teslimat i\u00e7in \u00f6zenle paketliyor ve resimde belirtilen renk, ebat, \u00f6zelikte \u00fcr\u00fcn g\u00f6ndermeyi taahh\u00fct ediyoruz. Hasarl\u0131 \u00fcr\u00fcn ald\u0131ysan\u0131z veya di\u011fer \u00fcr\u00fcn ve paket teslimat sorunlar\u0131 oldu\u011funda bizimle ileti\u015fime ge\u00e7mekten \u00e7ekinmeyin.<\/p>\n<p>\t<strong>Detayl\u0131 bilgi i\u00e7in ek resimleri inceleyebilirsiniz<\/strong><\/p>\n<p><\/p>\n<p>\t<strong><strong> <\/strong><\/strong><\/p>\n<p>\t\u00a0<\/p>\n","protected":false},"excerpt":{"rendered":"<p>\u00dcr\u00fcn \u00d6zellikleri : Materyal : Sa\u011flamla\u015ft\u0131r\u0131lm\u0131\u015f Plastik 1 Adet , Turk Professional Design olarak tasarlad\u0131\u011f\u0131m\u0131z, resimde yer alan GR\u0130 rengi, s\u00fcrpriz ya\u015famaman\u0131z i\u00e7in birebir g\u00f6nderiyoruz . \u00d6l\u00e7\u00fcler (bir cep telefonu ortalama 16 cm dir. K\u0131yaslaman\u0131z i\u00e7in kolayl\u0131k de\u011fil mi ? ) : 34 x 29 x 4,6 cm\u00a0 GEN\u0130\u015e KULLANIM ALANI : Mutfak, restoran, yatak&#8230;<\/p>\n","protected":false},"featured_media":102549,"comment_status":"open","ping_status":"closed","template":"","meta":{"_kad_post_transparent":"","_kad_post_title":"","_kad_post_layout":"","_kad_post_sidebar_id":"","_kad_post_content_style":"","_kad_post_vertical_padding":"","_kad_post_feature":"","_kad_post_feature_position":"","_kad_post_header":false,"_kad_post_footer":false,"_kad_post_classname":""},"product_brand":[],"product_cat":[14418],"product_tag":[],"class_list":{"0":"post-102550","1":"product","2":"type-product","3":"status-publish","4":"has-post-thumbnail","6":"product_cat-kasiklik-mutfak-saklama-duzenleme-sofra-mutfak-ev-yasam-kasiklik","8":"first","9":"instock","10":"purchasable","11":"product-type-simple","12":"entry","13":"content-bg","14":"loop-entry"},"_links":{"self":[{"href":"https:\/\/www.hediyepazar.com\/index.php?rest_route=\/wp\/v2\/product\/102550","targetHints":{"allow":["GET"]}}],"collection":[{"href":"https:\/\/www.hediyepazar.com\/index.php?rest_route=\/wp\/v2\/product"}],"about":[{"href":"https:\/\/www.hediyepazar.com\/index.php?rest_route=\/wp\/v2\/types\/product"}],"replies":[{"embeddable":true,"href":"https:\/\/www.hediyepazar.com\/index.php?rest_route=%2Fwp%2Fv2%2Fcomments&post=102550"}],"wp:featuredmedia":[{"embeddable":true,"href":"https:\/\/www.hediyepazar.com\/index.php?rest_route=\/wp\/v2\/media\/102549"}],"wp:attachment":[{"href":"https:\/\/www.hediyepazar.com\/index.php?rest_route=%2Fwp%2Fv2%2Fmedia&parent=102550"}],"wp:term":[{"taxonomy":"product_brand","embeddable":true,"href":"https:\/\/www.hediyepazar.com\/index.php?rest_route=%2Fwp%2Fv2%2Fproduct_brand&post=102550"},{"taxonomy":"product_cat","embeddable":true,"href":"https:\/\/www.hediyepazar.com\/index.php?rest_route=%2Fwp%2Fv2%2Fproduct_cat&post=102550"},{"taxonomy":"product_tag","embeddable":true,"href":"https:\/\/www.hediyepazar.com\/index.php?rest_route=%2Fwp%2Fv2%2Fproduct_tag&post=102550"}],"curies":[{"name":"wp","href":"https:\/\/api.w.org\/{rel}","templated":true}]}}