{"id":102552,"date":"2026-05-04T06:55:02","date_gmt":"2026-05-04T09:55:02","guid":{"rendered":"https:\/\/www.hediyepazar.com\/?product=turk-tekerlekli-aluminyum-tup-ve-damacana-altligi"},"modified":"2026-05-04T06:55:02","modified_gmt":"2026-05-04T09:55:02","slug":"turk-tekerlekli-aluminyum-tup-ve-damacana-altligi","status":"publish","type":"product","link":"https:\/\/www.hediyepazar.com\/?product=turk-tekerlekli-aluminyum-tup-ve-damacana-altligi","title":{"rendered":"Turk Tekerlekli Al\u00fcminyum T\u00fcp ve Damacana Altl\u0131\u011f\u0131"},"content":{"rendered":"<p>\n\t<strong>\u00dcr\u00fcn \u00d6zellikleri : <\/strong><\/p>\n<p>\t<strong>Materyal : Paslanmaz Krom<\/strong><\/p>\n<p>\t<strong>Adet \/ Renk \/ Tasar\u0131m : <\/strong> 1 Adet, HSNET\u00a0 olarak tasarlad\u0131\u011f\u0131m\u0131z, resimde yer alan rengi, s\u00fcrpriz ya\u015famaman\u0131z i\u00e7in birebir g\u00f6nderiyoruz<\/p>\n<p>\t<strong>\u00d6l\u00e7\u00fcler : 30 cm \u00e7ap\u00a0<\/strong><\/p>\n<p>\n\tSaks\u0131lar\u0131 zeminden y\u00fcksekte tutmak, rahatl\u0131kla ta\u015f\u0131mak amac\u0131yla tasarlad\u0131k..<\/p>\n<p>\n\t3 tekerleklidir.<\/p>\n<p>\n\tPaslanmaz Nikelaj kaplamal\u0131 Al\u00fcminyum materyal ve \u00e7ok sa\u011flamd\u0131r<\/p>\n<p>\n\t<strong>M\u00dcKEMMEL SATI\u015e SONRASI H\u0130ZMET : <\/strong>HSNET \/ HSNET olarak m\u00fc\u015fterilerimize en iyi hizmeti sunmay\u0131 ama\u00e7l\u0131yor, g\u00fcvenle sat\u0131n alabilmeniz i\u00e7in, ambalaj kalitemize g\u00fcveniyor, her \u00fcr\u00fcn sorunsuz teslimat i\u00e7in \u00f6zenle paketliyor ve resimde belirtilen renk, ebat, \u00f6zelikte \u00fcr\u00fcn g\u00f6ndermeyi taahh\u00fct ediyoruz. Hasarl\u0131 \u00fcr\u00fcn ald\u0131ysan\u0131z veya di\u011fer \u00fcr\u00fcn ve paket teslimat sorunlar\u0131 oldu\u011funda bizimle ileti\u015fime ge\u00e7mekten \u00e7ekinmeyin.<\/p>\n<p>\n\t<strong>Detayl\u0131 bilgi i\u00e7in ek resimleri inceleyebilirsiniz<\/strong><\/p>\n<p><\/p>\n<p>\n\t<strong><img decoding=\"async\"  src=\"https:\/\/hepsicdn.com.tr\/static\/product_detail\/hbnetbd486531_4819701.webp\"><\/strong><\/p>\n","protected":false},"excerpt":{"rendered":"<p>\u00dcr\u00fcn \u00d6zellikleri : Materyal : Paslanmaz Krom Adet \/ Renk \/ Tasar\u0131m : 1 Adet, HSNET\u00a0 olarak tasarlad\u0131\u011f\u0131m\u0131z, resimde yer alan rengi, s\u00fcrpriz ya\u015famaman\u0131z i\u00e7in birebir g\u00f6nderiyoruz \u00d6l\u00e7\u00fcler : 30 cm \u00e7ap\u00a0 Saks\u0131lar\u0131 zeminden y\u00fcksekte tutmak, rahatl\u0131kla ta\u015f\u0131mak amac\u0131yla tasarlad\u0131k.. 3 tekerleklidir. Paslanmaz Nikelaj kaplamal\u0131 Al\u00fcminyum materyal ve \u00e7ok sa\u011flamd\u0131r M\u00dcKEMMEL SATI\u015e SONRASI H\u0130ZMET :&#8230;<\/p>\n","protected":false},"featured_media":102551,"comment_status":"open","ping_status":"closed","template":"","meta":{"_kad_post_transparent":"","_kad_post_title":"","_kad_post_layout":"","_kad_post_sidebar_id":"","_kad_post_content_style":"","_kad_post_vertical_padding":"","_kad_post_feature":"","_kad_post_feature_position":"","_kad_post_header":false,"_kad_post_footer":false,"_kad_post_classname":""},"product_brand":[],"product_cat":[14423],"product_tag":[],"class_list":{"0":"post-102552","1":"product","2":"type-product","3":"status-publish","4":"has-post-thumbnail","6":"product_cat-damacana-urunleri-sofra-sofra-mutfak-ev-yasam-damacana-urunleri","8":"first","9":"instock","10":"purchasable","11":"product-type-simple","12":"entry","13":"content-bg","14":"loop-entry"},"_links":{"self":[{"href":"https:\/\/www.hediyepazar.com\/index.php?rest_route=\/wp\/v2\/product\/102552","targetHints":{"allow":["GET"]}}],"collection":[{"href":"https:\/\/www.hediyepazar.com\/index.php?rest_route=\/wp\/v2\/product"}],"about":[{"href":"https:\/\/www.hediyepazar.com\/index.php?rest_route=\/wp\/v2\/types\/product"}],"replies":[{"embeddable":true,"href":"https:\/\/www.hediyepazar.com\/index.php?rest_route=%2Fwp%2Fv2%2Fcomments&post=102552"}],"wp:featuredmedia":[{"embeddable":true,"href":"https:\/\/www.hediyepazar.com\/index.php?rest_route=\/wp\/v2\/media\/102551"}],"wp:attachment":[{"href":"https:\/\/www.hediyepazar.com\/index.php?rest_route=%2Fwp%2Fv2%2Fmedia&parent=102552"}],"wp:term":[{"taxonomy":"product_brand","embeddable":true,"href":"https:\/\/www.hediyepazar.com\/index.php?rest_route=%2Fwp%2Fv2%2Fproduct_brand&post=102552"},{"taxonomy":"product_cat","embeddable":true,"href":"https:\/\/www.hediyepazar.com\/index.php?rest_route=%2Fwp%2Fv2%2Fproduct_cat&post=102552"},{"taxonomy":"product_tag","embeddable":true,"href":"https:\/\/www.hediyepazar.com\/index.php?rest_route=%2Fwp%2Fv2%2Fproduct_tag&post=102552"}],"curies":[{"name":"wp","href":"https:\/\/api.w.org\/{rel}","templated":true}]}}