{"id":102556,"date":"2026-05-04T06:55:11","date_gmt":"2026-05-04T09:55:11","guid":{"rendered":"https:\/\/www.hediyepazar.com\/?product=turk-sac-boyasi-sampuan-kesim-kulak-koruyucu-set-2"},"modified":"2026-05-04T06:55:11","modified_gmt":"2026-05-04T09:55:11","slug":"turk-sac-boyasi-sampuan-kesim-kulak-koruyucu-set-2","status":"publish","type":"product","link":"https:\/\/www.hediyepazar.com\/?product=turk-sac-boyasi-sampuan-kesim-kulak-koruyucu-set-2","title":{"rendered":"Turk Sa\u00e7 Boyas\u0131 \u015eampuan Kesim Kulak Koruyucu Set"},"content":{"rendered":"<p>\n\t<strong>\u00dcr\u00fcn \u00d6zellikleri : <\/strong><\/p>\n<p>\n\t<strong>Renk : Resimdeki S\u0130YAH Renk\/tasar\u0131m birebir g\u00f6nderilir ve s\u00fcrpriz ya\u015famazs\u0131n\u0131z. .<\/strong><br \/>\n\t<strong>Materyal : Silikon<\/strong><\/p>\n<p>\n\t<strong>Adet : 1 set (sa\u011f-sol) <\/strong><\/p>\n<p>\n\t<strong>\u00d6l\u00e7\u00fcler : 7,7 x 5,5 cm <\/strong><\/p>\n<p>\n\t<strong>KOMPAKT TASARIM: <\/strong>Kula\u011fa tam oturacak \u015fekilde \u015fekillendirilmi\u015f sa\u00e7 boyarken, perma yaparken, du\u015f al\u0131rken kullan\u0131lmal\u0131d\u0131r. Sa\u00e7 ma\u015fas\u0131 kullan\u0131rken kulaklar\u0131n\u0131z\u0131 sa\u00e7 boyas\u0131ndan veya sudan koruyabilir ve g\u00fcr\u00fclt\u00fcy\u00fc azaltabilir.<\/p>\n<p>\n\t<strong>\u00d6ZELL\u0130KLER: <\/strong>Kolayca durulan\u0131r ve lekelenmesi kolay de\u011fildir. Kulaklar\u0131n\u0131z\u0131 sa\u00e7 boyas\u0131 veya sudan korumak i\u00e7in kulak \u00f6rt\u00fcs\u00fcd\u00fcr ve s\u00fcrekli kullan\u0131ma uygun silikon materyaldir. Bu kulak kapaklar\u0131 banyo yaparken, sa\u00e7 boyamada, sa\u00e7 bak\u0131m\u0131nda vb. kullan\u0131m i\u00e7in tasarlanm\u0131\u015ft\u0131r.<\/p>\n<p>\n\t<strong>Y\u00dcKSEK KAL\u0130TE: <\/strong>Y\u00fcksek kaliteli silikondan yap\u0131lm\u0131\u015f, dayan\u0131kl\u0131 ve hafif. Kuaf\u00f6r d\u00fckkanlar\u0131 veya evde kendin yap sa\u00e7 bak\u0131m\u0131 i\u00e7in uygundur. Sizin i\u00e7in m\u00fckemmel bir keyif sa\u011flamak i\u00e7in yap\u0131lm\u0131\u015f \u00e7ok yumu\u015fak ve rahat malzeme<\/p>\n<p>\n\t<strong>EVRENSEL BOYUT: <\/strong>Evrensel, tek beden %98 ORANINDA uygundur.. Kenarlar\u0131n etraf\u0131ndaki esnek elastik, \u00e7o\u011fu ki\u015fiye uyacak \u015fekilde ayarlanabilir. Kulak kapa\u011f\u0131 kolayca durulanabilir ve leke b\u0131rakmaz, uzun s\u00fcre tekrar kullan\u0131labilir.<\/p>\n<p>\n\t<br \/>\n\t<strong>Ekran fark\u0131 nedeniyle, renk tonlar\u0131 %0,5 oran\u0131nda fark, Manuel \u00f6l\u00e7\u00fcm nedeniyle Milimetre fark olabilir. anlay\u0131\u015f g\u00f6stermenizi rica ederiz. <\/strong><\/p>\n<p>\n\tDETAYLI B\u0130LG\u0130 \u0130\u00c7\u0130N EK RES\u0130MLER\u0130 \u0130NCELEYEB\u0130L\u0130RS\u0130N\u0130Z.<br \/>\n\t<img decoding=\"async\"  src=\"https:\/\/hepsicdn.com.tr\/static\/product_detail\/hbnet1f3322dc_4821501.jpg\"><\/p>\n","protected":false},"excerpt":{"rendered":"<p>\u00dcr\u00fcn \u00d6zellikleri : Renk : Resimdeki S\u0130YAH Renk\/tasar\u0131m birebir g\u00f6nderilir ve s\u00fcrpriz ya\u015famazs\u0131n\u0131z. . Materyal : Silikon Adet : 1 set (sa\u011f-sol) \u00d6l\u00e7\u00fcler : 7,7 x 5,5 cm KOMPAKT TASARIM: Kula\u011fa tam oturacak \u015fekilde \u015fekillendirilmi\u015f sa\u00e7 boyarken, perma yaparken, du\u015f al\u0131rken kullan\u0131lmal\u0131d\u0131r. Sa\u00e7 ma\u015fas\u0131 kullan\u0131rken kulaklar\u0131n\u0131z\u0131 sa\u00e7 boyas\u0131ndan veya sudan koruyabilir ve g\u00fcr\u00fclt\u00fcy\u00fc azaltabilir. \u00d6ZELL\u0130KLER:&#8230;<\/p>\n","protected":false},"featured_media":102555,"comment_status":"open","ping_status":"closed","template":"","meta":{"_kad_post_transparent":"","_kad_post_title":"","_kad_post_layout":"","_kad_post_sidebar_id":"","_kad_post_content_style":"","_kad_post_vertical_padding":"","_kad_post_feature":"","_kad_post_feature_position":"","_kad_post_header":false,"_kad_post_footer":false,"_kad_post_classname":""},"product_brand":[],"product_cat":[7902],"product_tag":[],"class_list":{"0":"post-102556","1":"product","2":"type-product","3":"status-publish","4":"has-post-thumbnail","6":"product_cat-sac-boyasi-sac-bakimi-kozmetik-sac-boyasi-sac-bakimi-kozmetik","8":"first","9":"instock","10":"purchasable","11":"product-type-simple","12":"entry","13":"content-bg","14":"loop-entry"},"_links":{"self":[{"href":"https:\/\/www.hediyepazar.com\/index.php?rest_route=\/wp\/v2\/product\/102556","targetHints":{"allow":["GET"]}}],"collection":[{"href":"https:\/\/www.hediyepazar.com\/index.php?rest_route=\/wp\/v2\/product"}],"about":[{"href":"https:\/\/www.hediyepazar.com\/index.php?rest_route=\/wp\/v2\/types\/product"}],"replies":[{"embeddable":true,"href":"https:\/\/www.hediyepazar.com\/index.php?rest_route=%2Fwp%2Fv2%2Fcomments&post=102556"}],"wp:featuredmedia":[{"embeddable":true,"href":"https:\/\/www.hediyepazar.com\/index.php?rest_route=\/wp\/v2\/media\/102555"}],"wp:attachment":[{"href":"https:\/\/www.hediyepazar.com\/index.php?rest_route=%2Fwp%2Fv2%2Fmedia&parent=102556"}],"wp:term":[{"taxonomy":"product_brand","embeddable":true,"href":"https:\/\/www.hediyepazar.com\/index.php?rest_route=%2Fwp%2Fv2%2Fproduct_brand&post=102556"},{"taxonomy":"product_cat","embeddable":true,"href":"https:\/\/www.hediyepazar.com\/index.php?rest_route=%2Fwp%2Fv2%2Fproduct_cat&post=102556"},{"taxonomy":"product_tag","embeddable":true,"href":"https:\/\/www.hediyepazar.com\/index.php?rest_route=%2Fwp%2Fv2%2Fproduct_tag&post=102556"}],"curies":[{"name":"wp","href":"https:\/\/api.w.org\/{rel}","templated":true}]}}