{"id":102558,"date":"2026-05-04T06:55:15","date_gmt":"2026-05-04T09:55:15","guid":{"rendered":"https:\/\/www.hediyepazar.com\/?product=turk-andres-3-boy-paslanmaz-celik-suzgec-seti-2"},"modified":"2026-05-04T06:55:15","modified_gmt":"2026-05-04T09:55:15","slug":"turk-andres-3-boy-paslanmaz-celik-suzgec-seti-2","status":"publish","type":"product","link":"https:\/\/www.hediyepazar.com\/?product=turk-andres-3-boy-paslanmaz-celik-suzgec-seti-2","title":{"rendered":"Turk Andres 3 Boy Paslanmaz \u00c7elik S\u00fczge\u00e7 Seti"},"content":{"rendered":"","protected":false},"excerpt":{"rendered":"","protected":false},"featured_media":102557,"comment_status":"open","ping_status":"closed","template":"","meta":{"_kad_post_transparent":"","_kad_post_title":"","_kad_post_layout":"","_kad_post_sidebar_id":"","_kad_post_content_style":"","_kad_post_vertical_padding":"","_kad_post_feature":"","_kad_post_feature_position":"","_kad_post_header":false,"_kad_post_footer":false,"_kad_post_classname":""},"product_brand":[],"product_cat":[7841],"product_tag":[],"class_list":{"0":"post-102558","1":"product","2":"type-product","3":"status-publish","4":"has-post-thumbnail","6":"product_cat-cay-kahve-yardimcilari-sofra-sofra-mutfak-ev-yasam-cay-kahve-yardimcilari","8":"first","9":"instock","10":"purchasable","11":"product-type-simple","12":"entry","13":"content-bg","14":"loop-entry"},"_links":{"self":[{"href":"https:\/\/www.hediyepazar.com\/index.php?rest_route=\/wp\/v2\/product\/102558","targetHints":{"allow":["GET"]}}],"collection":[{"href":"https:\/\/www.hediyepazar.com\/index.php?rest_route=\/wp\/v2\/product"}],"about":[{"href":"https:\/\/www.hediyepazar.com\/index.php?rest_route=\/wp\/v2\/types\/product"}],"replies":[{"embeddable":true,"href":"https:\/\/www.hediyepazar.com\/index.php?rest_route=%2Fwp%2Fv2%2Fcomments&post=102558"}],"wp:featuredmedia":[{"embeddable":true,"href":"https:\/\/www.hediyepazar.com\/index.php?rest_route=\/wp\/v2\/media\/102557"}],"wp:attachment":[{"href":"https:\/\/www.hediyepazar.com\/index.php?rest_route=%2Fwp%2Fv2%2Fmedia&parent=102558"}],"wp:term":[{"taxonomy":"product_brand","embeddable":true,"href":"https:\/\/www.hediyepazar.com\/index.php?rest_route=%2Fwp%2Fv2%2Fproduct_brand&post=102558"},{"taxonomy":"product_cat","embeddable":true,"href":"https:\/\/www.hediyepazar.com\/index.php?rest_route=%2Fwp%2Fv2%2Fproduct_cat&post=102558"},{"taxonomy":"product_tag","embeddable":true,"href":"https:\/\/www.hediyepazar.com\/index.php?rest_route=%2Fwp%2Fv2%2Fproduct_tag&post=102558"}],"curies":[{"name":"wp","href":"https:\/\/api.w.org\/{rel}","templated":true}]}}