{"id":102560,"date":"2026-05-04T06:55:18","date_gmt":"2026-05-04T09:55:18","guid":{"rendered":"https:\/\/www.hediyepazar.com\/?product=turk-4-renk-gecici-sac-tebesir-seti-2"},"modified":"2026-05-04T06:55:18","modified_gmt":"2026-05-04T09:55:18","slug":"turk-4-renk-gecici-sac-tebesir-seti-2","status":"publish","type":"product","link":"https:\/\/www.hediyepazar.com\/?product=turk-4-renk-gecici-sac-tebesir-seti-2","title":{"rendered":"Turk 4 Renk Ge\u00e7ici Sa\u00e7 Tebe\u015fir Seti"},"content":{"rendered":"<p>\t<span style=\"color:#ff0000;\"><strong>Spesifikasyonlar: <\/strong><\/span><\/p>\n<p>\t<strong style=\"color: rgb(255, 0, 0);\">Adet : 4 l\u00fc kutu<\/strong><\/p>\n<p>\tOrijinal \u00fcr\u00fcnd\u00fcr .<\/p>\n<p>\tSadece kayd\u0131r\u0131n ve basarak boyay\u0131n ve istedi\u011finizde \u015fampuanla y\u0131kay\u0131n, durulay\u0131n<\/p>\n<p>\tT\u00fcm sa\u00e7 tipleri ile \u00e7al\u0131\u015f\u0131n<\/p>\n<p>\tDa\u011f\u0131n\u0131k, boya veya sprey yok<\/p>\n<p>\t4 Tebe\u015fir Kompakt\u0131 \u0130\u00e7erir: S\u0131cak Pembe, Elektrik Mavisi, Ate\u015fli Fu\u015fya ve Neon Ye\u015fili<\/p>\n<p>\t<strong>M\u00dcKEMMEL SATI\u015e SONRASI H\u0130ZMET : <\/strong>Bu \u00fcr\u00fcne daha avantajl\u0131 sahip olabilmeniz i\u00e7in ma\u011fazam\u0131z\u0131 ziyaret ederek, kampanyalar\u0131 inceleyebilirsiniz. Turk \/ Turk olarak m\u00fc\u015fterilerimize en iyi hizmeti sunmay\u0131 ama\u00e7l\u0131yor, g\u00fcvenle sat\u0131n alabilmeniz i\u00e7in, ambalaj kalitemize g\u00fcveniyor, her \u00fcr\u00fcn sorunsuz teslimat i\u00e7in \u00f6zenle paketliyor ve resimde belirtilen renk, ebat, \u00f6zelikte \u00fcr\u00fcn g\u00f6ndermeyi taahh\u00fct ediyoruz. Hasarl\u0131 \u00fcr\u00fcn ald\u0131ysan\u0131z veya di\u011fer \u00fcr\u00fcn ve paket teslimat sorunlar\u0131 oldu\u011funda bizimle ileti\u015fime ge\u00e7mekten \u00e7ekinmeyin.<\/p>\n<p>\t<strong>Detayl\u0131 bilgi i\u00e7in ek resimleri inceleyebilirsiniz<\/strong><\/p>\n<p><\/p>\n<p>\t<strong><strong> <\/strong><\/strong><\/p>\n<p>\t\u00a0<\/p>\n","protected":false},"excerpt":{"rendered":"<p>Spesifikasyonlar: Adet : 4 l\u00fc kutu Orijinal \u00fcr\u00fcnd\u00fcr . Sadece kayd\u0131r\u0131n ve basarak boyay\u0131n ve istedi\u011finizde \u015fampuanla y\u0131kay\u0131n, durulay\u0131n T\u00fcm sa\u00e7 tipleri ile \u00e7al\u0131\u015f\u0131n Da\u011f\u0131n\u0131k, boya veya sprey yok 4 Tebe\u015fir Kompakt\u0131 \u0130\u00e7erir: S\u0131cak Pembe, Elektrik Mavisi, Ate\u015fli Fu\u015fya ve Neon Ye\u015fili M\u00dcKEMMEL SATI\u015e SONRASI H\u0130ZMET : Bu \u00fcr\u00fcne daha avantajl\u0131 sahip olabilmeniz i\u00e7in ma\u011fazam\u0131z\u0131&#8230;<\/p>\n","protected":false},"featured_media":102559,"comment_status":"open","ping_status":"closed","template":"","meta":{"_kad_post_transparent":"","_kad_post_title":"","_kad_post_layout":"","_kad_post_sidebar_id":"","_kad_post_content_style":"","_kad_post_vertical_padding":"","_kad_post_feature":"","_kad_post_feature_position":"","_kad_post_header":false,"_kad_post_footer":false,"_kad_post_classname":""},"product_brand":[],"product_cat":[7902],"product_tag":[],"class_list":{"0":"post-102560","1":"product","2":"type-product","3":"status-publish","4":"has-post-thumbnail","6":"product_cat-sac-boyasi-sac-bakimi-kozmetik-sac-boyasi-sac-bakimi-kozmetik","8":"first","9":"instock","10":"purchasable","11":"product-type-simple","12":"entry","13":"content-bg","14":"loop-entry"},"_links":{"self":[{"href":"https:\/\/www.hediyepazar.com\/index.php?rest_route=\/wp\/v2\/product\/102560","targetHints":{"allow":["GET"]}}],"collection":[{"href":"https:\/\/www.hediyepazar.com\/index.php?rest_route=\/wp\/v2\/product"}],"about":[{"href":"https:\/\/www.hediyepazar.com\/index.php?rest_route=\/wp\/v2\/types\/product"}],"replies":[{"embeddable":true,"href":"https:\/\/www.hediyepazar.com\/index.php?rest_route=%2Fwp%2Fv2%2Fcomments&post=102560"}],"wp:featuredmedia":[{"embeddable":true,"href":"https:\/\/www.hediyepazar.com\/index.php?rest_route=\/wp\/v2\/media\/102559"}],"wp:attachment":[{"href":"https:\/\/www.hediyepazar.com\/index.php?rest_route=%2Fwp%2Fv2%2Fmedia&parent=102560"}],"wp:term":[{"taxonomy":"product_brand","embeddable":true,"href":"https:\/\/www.hediyepazar.com\/index.php?rest_route=%2Fwp%2Fv2%2Fproduct_brand&post=102560"},{"taxonomy":"product_cat","embeddable":true,"href":"https:\/\/www.hediyepazar.com\/index.php?rest_route=%2Fwp%2Fv2%2Fproduct_cat&post=102560"},{"taxonomy":"product_tag","embeddable":true,"href":"https:\/\/www.hediyepazar.com\/index.php?rest_route=%2Fwp%2Fv2%2Fproduct_tag&post=102560"}],"curies":[{"name":"wp","href":"https:\/\/api.w.org\/{rel}","templated":true}]}}